{"id":9,"date":"2025-10-30T09:43:53","date_gmt":"2025-10-30T09:43:53","guid":{"rendered":"https:\/\/www.airsang.com\/cart\/"},"modified":"2025-10-30T09:44:11","modified_gmt":"2025-10-30T09:44:11","slug":"xe-day","status":"publish","type":"page","link":"https:\/\/www.airsang.com\/vi\/xe-day\/","title":{"rendered":"Gi\u1ecf h\u00e0ng"},"content":{"rendered":"<div data-block-name=\"woocommerce\/cart\" class=\"wp-block-woocommerce-cart alignwide is-loading\">\n<div data-block-name=\"woocommerce\/filled-cart-block\" class=\"wp-block-woocommerce-filled-cart-block\">\n<div data-block-name=\"woocommerce\/cart-items-block\" class=\"wp-block-woocommerce-cart-items-block\">\n<div data-block-name=\"woocommerce\/cart-line-items-block\" class=\"wp-block-woocommerce-cart-line-items-block\"><\/div>\n\n\n<\/div>\n\n\n\n\n<div data-block-name=\"woocommerce\/cart-totals-block\" class=\"wp-block-woocommerce-cart-totals-block\">\n<div data-block-name=\"woocommerce\/cart-order-summary-block\" class=\"wp-block-woocommerce-cart-order-summary-block\">\n<div data-block-name=\"woocommerce\/cart-order-summary-heading-block\" class=\"wp-block-woocommerce-cart-order-summary-heading-block\"><\/div><div data-block-name=\"woocommerce\/cart-order-summary-coupon-form-block\" class=\"wp-block-woocommerce-cart-order-summary-coupon-form-block\"><\/div><div data-block-name=\"woocommerce\/cart-order-summary-totals-block\" class=\"wp-block-woocommerce-cart-order-summary-totals-block\">\n<div data-block-name=\"woocommerce\/cart-order-summary-subtotal-block\" class=\"wp-block-woocommerce-cart-order-summary-subtotal-block\"><\/div>\n<div data-block-name=\"woocommerce\/cart-order-summary-discount-block\" class=\"wp-block-woocommerce-cart-order-summary-discount-block\"><\/div>\n<div data-block-name=\"woocommerce\/cart-order-summary-fee-block\" class=\"wp-block-woocommerce-cart-order-summary-fee-block\"><\/div>\n<div data-block-name=\"woocommerce\/cart-order-summary-shipping-block\" class=\"wp-block-woocommerce-cart-order-summary-shipping-block\"><\/div>\n<div data-block-name=\"woocommerce\/cart-order-summary-taxes-block\" class=\"wp-block-woocommerce-cart-order-summary-taxes-block\"><\/div><\/div>\n<\/div>\n\n\n\n<div data-block-name=\"woocommerce\/cart-express-payment-block\" class=\"wp-block-woocommerce-cart-express-payment-block\"><\/div>\n\n\n\n<div data-block-name=\"woocommerce\/proceed-to-checkout-block\" class=\"wp-block-woocommerce-proceed-to-checkout-block\"><\/div>\n<div id=\"ppcp-recaptcha-v2-container\" style=\"margin:20px 0;\"><\/div>\n\n\n<div data-block-name=\"woocommerce\/cart-accepted-payment-methods-block\" class=\"wp-block-woocommerce-cart-accepted-payment-methods-block\"><\/div>\n<\/div>\n<\/div>\n\n\n\n<div data-block-name=\"woocommerce\/empty-cart-block\" class=\"wp-block-woocommerce-empty-cart-block\">\n<h2 class=\"wp-block-heading has-text-align-center with-empty-cart-icon wc-block-cart__empty-cart__title\">Gi\u1ecf h\u00e0ng c\u1ee7a b\u1ea1n hi\u1ec7n \u0111ang tr\u1ed1ng!<\/h2>\n\n\n\n<hr class=\"wp-block-separator has-alpha-channel-opacity is-style-dots\"\/>\n\n\n\n<h2 class=\"wp-block-heading has-text-align-center\">S\u1ea3n ph\u1ea9m m\u1edbi t\u1ea1i c\u1eeda h\u00e0ng<\/h2>\n\n\n<div data-block-name=\"woocommerce\/product-new\" data-columns=\"4\" data-rows=\"1\" class=\"wc-block-grid wp-block-product-new wp-block-woocommerce-product-new wc-block-product-new has-4-columns\"><ul class=\"wc-block-grid__products\"><li class=\"wc-block-grid__product\">\n\t\t\t\t<a href=\"https:\/\/www.airsang.com\/vi\/san-pham\/thiet-ke-va-xay-dung-mot-trang-web-doanh-nghiep-shopify-co-kha-nang-mo-rong-voi-he-thong-thuong-mai-dien-tu-hoan-chinh\/\" class=\"wc-block-grid__product-link\">\n\t\t\t\t\t\n\t\t\t\t\t<div class=\"wc-block-grid__product-image\"><img loading=\"lazy\" decoding=\"async\" width=\"300\" height=\"300\" src=\"https:\/\/www.airsang.com\/wp-content\/uploads\/2025\/12\/shopify-2-300x300.jpg\" class=\"attachment-woocommerce_thumbnail size-woocommerce_thumbnail\" alt=\"Thi\u1ebft k\u1ebf v\u00e0 x\u00e2y d\u1ef1ng m\u1ed9t trang web doanh nghi\u1ec7p Shopify c\u00f3 kh\u1ea3 n\u0103ng m\u1edf r\u1ed9ng v\u1edbi h\u1ec7 th\u1ed1ng th\u01b0\u01a1ng m\u1ea1i \u0111i\u1ec7n t\u1eed ho\u00e0n ch\u1ec9nh.\" srcset=\"https:\/\/www.airsang.com\/wp-content\/uploads\/2025\/12\/shopify-2-300x300.jpg 300w, https:\/\/www.airsang.com\/wp-content\/uploads\/2025\/12\/shopify-2-150x150.jpg 150w, https:\/\/www.airsang.com\/wp-content\/uploads\/2025\/12\/shopify-2-768x768.jpg 768w, https:\/\/www.airsang.com\/wp-content\/uploads\/2025\/12\/shopify-2-12x12.jpg 12w, https:\/\/www.airsang.com\/wp-content\/uploads\/2025\/12\/shopify-2-1000x1000.jpg 1000w, https:\/\/www.airsang.com\/wp-content\/uploads\/2025\/12\/shopify-2-100x100.jpg 100w, https:\/\/www.airsang.com\/wp-content\/uploads\/2025\/12\/shopify-2-50x50.jpg 50w, https:\/\/www.airsang.com\/wp-content\/uploads\/2025\/12\/shopify-2-1x1.jpg 1w, https:\/\/www.airsang.com\/wp-content\/uploads\/2025\/12\/shopify-2-10x10.jpg 10w, https:\/\/www.airsang.com\/wp-content\/uploads\/2025\/12\/shopify-2.jpg 1024w\" sizes=\"auto, (max-width: 300px) 100vw, 300px\" \/><\/div>\n\t\t\t\t\t<div class=\"wc-block-grid__product-title\">Thi\u1ebft k\u1ebf v\u00e0 x\u00e2y d\u1ef1ng m\u1ed9t trang web doanh nghi\u1ec7p Shopify c\u00f3 kh\u1ea3 n\u0103ng m\u1edf r\u1ed9ng v\u1edbi h\u1ec7 th\u1ed1ng th\u01b0\u01a1ng m\u1ea1i \u0111i\u1ec7n t\u1eed ho\u00e0n ch\u1ec9nh.<\/div>\n\t\t\t\t<\/a>\n\t\t\t\t<div class=\"wc-block-grid__product-price price\"><span class=\"woocommerce-Price-amount amount\" aria-hidden=\"true\"><span class=\"woocommerce-Price-currencySymbol\">&#036;<\/span>350.00<\/span> <span aria-hidden=\"true\">\u2013<\/span> <span class=\"woocommerce-Price-amount amount\" aria-hidden=\"true\"><span class=\"woocommerce-Price-currencySymbol\">&#036;<\/span>2,000.00<\/span><span class=\"screen-reader-text\" data-no-translation=\"\" data-trp-gettext=\"\">Kho\u1ea3ng gi\u00e1: t\u1eeb &#036;350.00 \u0111\u1ebfn &#036;2,000.00<\/span><\/div>\n\t\t\t\t\n\t\t\t\t<div class=\"wp-block-button wc-block-grid__product-add-to-cart\"><a href=\"https:\/\/www.airsang.com\/vi\/san-pham\/thiet-ke-va-xay-dung-mot-trang-web-doanh-nghiep-shopify-co-kha-nang-mo-rong-voi-he-thong-thuong-mai-dien-tu-hoan-chinh\/\" aria-label=\"L\u1ef1a ch\u1ecdn cho \u201cDesign and Build a Scalable Shopify Corporate Website with a Complete eCommerce System\u201d\" data-quantity=\"1\" data-product_id=\"5164\" data-product_sku=\"\" data-price=\"350\" rel=\"nofollow\" class=\"wp-block-button__link  add_to_cart_button\" data-no-translation=\"\" data-trp-gettext=\"\" data-no-translation-aria-label=\"\">Ch\u1ecdn<\/a><\/div>\n\t\t\t<\/li><li class=\"wc-block-grid__product\">\n\t\t\t\t<a href=\"https:\/\/www.airsang.com\/vi\/san-pham\/chung-toi-thiet-ke-hinh-anh-san-pham-amazon-bao-gom-chinh-sua-anh-voi-nen-trang-va-tao-infographic-noi-dung\/\" class=\"wc-block-grid__product-link\">\n\t\t\t\t\t<div class=\"wc-block-grid__product-onsale\">\n\t\t\t<span aria-hidden=\"true\" data-no-translation=\"\" data-trp-gettext=\"\">Khuy\u1ebfn m\u1ea1i<\/span>\n\t\t\t<span class=\"screen-reader-text\" data-no-translation=\"\" data-trp-gettext=\"\">S\u1ea3n ph\u1ea9m \u0111ang gi\u1ea3m gi\u00e1<\/span>\n\t\t<\/div>\n\t\t\t\t\t<div class=\"wc-block-grid__product-image\"><img loading=\"lazy\" decoding=\"async\" width=\"300\" height=\"300\" src=\"https:\/\/www.airsang.com\/wp-content\/uploads\/2025\/11\/\u4e3b\u56fe-300x300.jpg\" class=\"attachment-woocommerce_thumbnail size-woocommerce_thumbnail\" alt=\"Ch\u00fang t\u00f4i thi\u1ebft k\u1ebf h\u00ecnh \u1ea3nh s\u1ea3n ph\u1ea9m tr\u00ean Amazon, bao g\u1ed3m ch\u1ec9nh s\u1eeda n\u1ec1n tr\u1eafng v\u00e0 infographics n\u1ed9i dung A+.\" srcset=\"\" sizes=\"auto, (max-width: 300px) 100vw, 300px\" data-srcset=\"\" \/><\/div>\n\t\t\t\t\t<div class=\"wc-block-grid__product-title\">Ch\u00fang t\u00f4i thi\u1ebft k\u1ebf h\u00ecnh \u1ea3nh s\u1ea3n ph\u1ea9m tr\u00ean Amazon, bao g\u1ed3m ch\u1ec9nh s\u1eeda n\u1ec1n tr\u1eafng v\u00e0 infographics n\u1ed9i dung A+.<\/div>\n\t\t\t\t<\/a>\n\t\t\t\t<div class=\"wc-block-grid__product-price price\"><span class=\"woocommerce-Price-amount amount\" aria-hidden=\"true\"><span class=\"woocommerce-Price-currencySymbol\">&#036;<\/span>20.00<\/span> <span aria-hidden=\"true\">\u2013<\/span> <span class=\"woocommerce-Price-amount amount\" aria-hidden=\"true\"><span class=\"woocommerce-Price-currencySymbol\">&#036;<\/span>120.00<\/span><span class=\"screen-reader-text\" data-no-translation=\"\" data-trp-gettext=\"\">Kho\u1ea3ng gi\u00e1: t\u1eeb &#036;20.00 \u0111\u1ebfn &#036;120.00<\/span><\/div>\n\t\t\t\t<div class=\"wc-block-grid__product-rating\"><div class=\"star-rating\" role=\"img\" aria-label=\"\u0110\u01b0\u1ee3c x\u1ebfp h\u1ea1ng 4.92 5 sao\" data-no-translation-aria-label=\"\"><span style=\"width:98.4%\" data-no-translation=\"\" data-trp-gettext=\"\"><strong class=\"rating\">4.92<\/strong> tr\u00ean 5 d\u1ef1a tr\u00ean <span class=\"rating\">62<\/span> \u0111\u00e1nh gi\u00e1<\/span><\/div><\/div>\n\t\t\t\t<div class=\"wp-block-button wc-block-grid__product-add-to-cart\"><a href=\"https:\/\/www.airsang.com\/vi\/san-pham\/chung-toi-thiet-ke-hinh-anh-san-pham-amazon-bao-gom-chinh-sua-anh-voi-nen-trang-va-tao-infographic-noi-dung\/\" aria-label=\"L\u1ef1a ch\u1ecdn cho \u201cWe design Amazon product images, including white-background retouching and A+ content infographics.\u201d\" data-quantity=\"1\" data-product_id=\"3883\" data-product_sku=\"\" data-price=\"20\" rel=\"nofollow\" class=\"wp-block-button__link  add_to_cart_button\" data-no-translation=\"\" data-trp-gettext=\"\" data-no-translation-aria-label=\"\">Ch\u1ecdn<\/a><\/div>\n\t\t\t<\/li><li class=\"wc-block-grid__product\">\n\t\t\t\t<a href=\"https:\/\/www.airsang.com\/vi\/san-pham\/chung-toi-tao-ra-cac-hinh-anh-chinh-cua-ozon-chinh-sua-anh-voi-nen-trang-va-cung-cap-ban-dich-tieng-nga-chinh-xac\/\" class=\"wc-block-grid__product-link\">\n\t\t\t\t\t<div class=\"wc-block-grid__product-onsale\">\n\t\t\t<span aria-hidden=\"true\" data-no-translation=\"\" data-trp-gettext=\"\">Khuy\u1ebfn m\u1ea1i<\/span>\n\t\t\t<span class=\"screen-reader-text\" data-no-translation=\"\" data-trp-gettext=\"\">S\u1ea3n ph\u1ea9m \u0111ang gi\u1ea3m gi\u00e1<\/span>\n\t\t<\/div>\n\t\t\t\t\t<div class=\"wc-block-grid__product-image\"><img loading=\"lazy\" decoding=\"async\" width=\"300\" height=\"300\" src=\"https:\/\/www.airsang.com\/wp-content\/uploads\/2025\/11\/\u5fae\u4fe1\u56fe\u7247_20250327142220-300x300.jpg\" class=\"attachment-woocommerce_thumbnail size-woocommerce_thumbnail\" alt=\"Ch\u00fang t\u00f4i t\u1ea1o h\u00ecnh \u1ea3nh ch\u00ednh cho OZON, ch\u1ec9nh s\u1eeda \u1ea3nh n\u1ec1n tr\u1eafng v\u00e0 cung c\u1ea5p b\u1ea3n d\u1ecbch ch\u00ednh x\u00e1c sang ti\u1ebfng Nga.\" srcset=\"\" sizes=\"auto, (max-width: 300px) 100vw, 300px\" data-srcset=\"\" \/><\/div>\n\t\t\t\t\t<div class=\"wc-block-grid__product-title\">Ch\u00fang t\u00f4i t\u1ea1o h\u00ecnh \u1ea3nh ch\u00ednh cho OZON, ch\u1ec9nh s\u1eeda \u1ea3nh n\u1ec1n tr\u1eafng v\u00e0 cung c\u1ea5p b\u1ea3n d\u1ecbch ch\u00ednh x\u00e1c sang ti\u1ebfng Nga.<\/div>\n\t\t\t\t<\/a>\n\t\t\t\t<div class=\"wc-block-grid__product-price price\"><span class=\"woocommerce-Price-amount amount\" aria-hidden=\"true\"><span class=\"woocommerce-Price-currencySymbol\">&#036;<\/span>30.00<\/span> <span aria-hidden=\"true\">\u2013<\/span> <span class=\"woocommerce-Price-amount amount\" aria-hidden=\"true\"><span class=\"woocommerce-Price-currencySymbol\">&#036;<\/span>80.00<\/span><span class=\"screen-reader-text\" data-no-translation=\"\" data-trp-gettext=\"\">Kho\u1ea3ng gi\u00e1: t\u1eeb &#036;30.00 \u0111\u1ebfn &#036;80.00<\/span><\/div>\n\t\t\t\t<div class=\"wc-block-grid__product-rating\"><div class=\"star-rating\" role=\"img\" aria-label=\"\u0110\u01b0\u1ee3c x\u1ebfp h\u1ea1ng 5.00 5 sao\" data-no-translation-aria-label=\"\"><span style=\"width:100%\" data-no-translation=\"\" data-trp-gettext=\"\"><strong class=\"rating\">5.00<\/strong> tr\u00ean 5 d\u1ef1a tr\u00ean <span class=\"rating\">11<\/span> \u0111\u00e1nh gi\u00e1<\/span><\/div><\/div>\n\t\t\t\t<div class=\"wp-block-button wc-block-grid__product-add-to-cart\"><a href=\"https:\/\/www.airsang.com\/vi\/san-pham\/chung-toi-tao-ra-cac-hinh-anh-chinh-cua-ozon-chinh-sua-anh-voi-nen-trang-va-cung-cap-ban-dich-tieng-nga-chinh-xac\/\" aria-label=\"L\u1ef1a ch\u1ecdn cho \u201cWe create OZON main images, retouch white-background photos, and provide accurate Russian translation.\u201d\" data-quantity=\"1\" data-product_id=\"3875\" data-product_sku=\"\" data-price=\"30\" rel=\"nofollow\" class=\"wp-block-button__link  add_to_cart_button\" data-no-translation=\"\" data-trp-gettext=\"\" data-no-translation-aria-label=\"\">Ch\u1ecdn<\/a><\/div>\n\t\t\t<\/li><li class=\"wc-block-grid__product\">\n\t\t\t\t<a href=\"https:\/\/www.airsang.com\/vi\/san-pham\/chung-toi-thiet-ke-trang-chu-cua-hang-shopee-tao-hinh-anh-san-pham-va-cung-cap-dich-thuat-tieng-thai-tieng-viet-tieng-philippines-va-tieng-ma-lai\/\" class=\"wc-block-grid__product-link\">\n\t\t\t\t\t<div class=\"wc-block-grid__product-onsale\">\n\t\t\t<span aria-hidden=\"true\" data-no-translation=\"\" data-trp-gettext=\"\">Khuy\u1ebfn m\u1ea1i<\/span>\n\t\t\t<span class=\"screen-reader-text\" data-no-translation=\"\" data-trp-gettext=\"\">S\u1ea3n ph\u1ea9m \u0111ang gi\u1ea3m gi\u00e1<\/span>\n\t\t<\/div>\n\t\t\t\t\t<div class=\"wc-block-grid__product-image\"><img loading=\"lazy\" decoding=\"async\" width=\"300\" height=\"300\" src=\"https:\/\/www.airsang.com\/wp-content\/uploads\/2025\/11\/\u5fae\u4fe1\u56fe\u7247_20250327142218-300x300.jpg\" class=\"attachment-woocommerce_thumbnail size-woocommerce_thumbnail\" alt=\"Ch\u00fang t\u00f4i thi\u1ebft k\u1ebf trang ch\u1ee7 c\u1eeda h\u00e0ng Shopee, t\u1ea1o h\u00ecnh \u1ea3nh s\u1ea3n ph\u1ea9m v\u00e0 cung c\u1ea5p d\u1ecbch v\u1ee5 d\u1ecbch thu\u1eadt sang ti\u1ebfng Th\u00e1i, ti\u1ebfng Vi\u1ec7t, ti\u1ebfng Philippines v\u00e0 ti\u1ebfng Malaysia.\" srcset=\"\" sizes=\"auto, (max-width: 300px) 100vw, 300px\" data-srcset=\"\" \/><\/div>\n\t\t\t\t\t<div class=\"wc-block-grid__product-title\">Ch\u00fang t\u00f4i thi\u1ebft k\u1ebf trang ch\u1ee7 c\u1eeda h\u00e0ng Shopee, t\u1ea1o h\u00ecnh \u1ea3nh s\u1ea3n ph\u1ea9m v\u00e0 cung c\u1ea5p d\u1ecbch v\u1ee5 d\u1ecbch thu\u1eadt sang ti\u1ebfng Th\u00e1i, ti\u1ebfng Vi\u1ec7t, ti\u1ebfng Philippines v\u00e0 ti\u1ebfng Malaysia.<\/div>\n\t\t\t\t<\/a>\n\t\t\t\t<div class=\"wc-block-grid__product-price price\"><span class=\"woocommerce-Price-amount amount\" aria-hidden=\"true\"><span class=\"woocommerce-Price-currencySymbol\">&#036;<\/span>30.00<\/span> <span aria-hidden=\"true\">\u2013<\/span> <span class=\"woocommerce-Price-amount amount\" aria-hidden=\"true\"><span class=\"woocommerce-Price-currencySymbol\">&#036;<\/span>80.00<\/span><span class=\"screen-reader-text\" data-no-translation=\"\" data-trp-gettext=\"\">Kho\u1ea3ng gi\u00e1: t\u1eeb &#036;30.00 \u0111\u1ebfn &#036;80.00<\/span><\/div>\n\t\t\t\t<div class=\"wc-block-grid__product-rating\"><div class=\"star-rating\" role=\"img\" aria-label=\"\u0110\u01b0\u1ee3c x\u1ebfp h\u1ea1ng 4.82 5 sao\" data-no-translation-aria-label=\"\"><span style=\"width:96.4%\" data-no-translation=\"\" data-trp-gettext=\"\"><strong class=\"rating\">4.82<\/strong> tr\u00ean 5 d\u1ef1a tr\u00ean <span class=\"rating\">11<\/span> \u0111\u00e1nh gi\u00e1<\/span><\/div><\/div>\n\t\t\t\t<div class=\"wp-block-button wc-block-grid__product-add-to-cart\"><a href=\"https:\/\/www.airsang.com\/vi\/san-pham\/chung-toi-thiet-ke-trang-chu-cua-hang-shopee-tao-hinh-anh-san-pham-va-cung-cap-dich-thuat-tieng-thai-tieng-viet-tieng-philippines-va-tieng-ma-lai\/\" aria-label=\"L\u1ef1a ch\u1ecdn cho \u201cWe design Shopee store homepages, create product images, and offer Thai, Vietnamese, Filipino, and Malay translations.\u201d\" data-quantity=\"1\" data-product_id=\"3869\" data-product_sku=\"\" data-price=\"30\" rel=\"nofollow\" class=\"wp-block-button__link  add_to_cart_button\" data-no-translation=\"\" data-trp-gettext=\"\" data-no-translation-aria-label=\"\">Ch\u1ecdn<\/a><\/div>\n\t\t\t<\/li><\/ul><\/div><\/div>\n<\/div>","protected":false},"excerpt":{"rendered":"","protected":false},"author":1,"featured_media":0,"parent":0,"menu_order":0,"comment_status":"closed","ping_status":"closed","template":"","meta":{"footnotes":""},"class_list":["post-9","page","type-page","status-publish","hentry"],"_links":{"self":[{"href":"https:\/\/www.airsang.com\/vi\/wp-json\/wp\/v2\/pages\/9","targetHints":{"allow":["GET"]}}],"collection":[{"href":"https:\/\/www.airsang.com\/vi\/wp-json\/wp\/v2\/pages"}],"about":[{"href":"https:\/\/www.airsang.com\/vi\/wp-json\/wp\/v2\/types\/page"}],"author":[{"embeddable":true,"href":"https:\/\/www.airsang.com\/vi\/wp-json\/wp\/v2\/users\/1"}],"replies":[{"embeddable":true,"href":"https:\/\/www.airsang.com\/vi\/wp-json\/wp\/v2\/comments?post=9"}],"version-history":[{"count":0,"href":"https:\/\/www.airsang.com\/vi\/wp-json\/wp\/v2\/pages\/9\/revisions"}],"wp:attachment":[{"href":"https:\/\/www.airsang.com\/vi\/wp-json\/wp\/v2\/media?parent=9"}],"curies":[{"name":"wp","href":"https:\/\/api.w.org\/{rel}","templated":true}]}}