{"id":874,"date":"2023-03-14T13:37:46","date_gmt":"2023-03-14T13:37:46","guid":{"rendered":"https:\/\/xstore.8theme.com\/elementor2\/seo-agency\/?page_id=874"},"modified":"2025-12-01T16:10:53","modified_gmt":"2025-12-01T16:10:53","slug":"danh-muc-dau-tu1","status":"publish","type":"page","link":"https:\/\/www.airsang.com\/vi\/danh-muc-dau-tu1\/","title":{"rendered":"Danh m\u1ee5c \u0111\u1ea7u t\u01b0 1"},"content":{"rendered":"<div data-elementor-type=\"wp-page\" data-elementor-id=\"874\" class=\"elementor elementor-874\" data-elementor-post-type=\"page\">\n\t\t\t\t<div class=\"elementor-element elementor-element-c57db7b e-flex e-con-boxed e-con e-parent\" data-id=\"c57db7b\" data-element_type=\"container\">\n\t\t\t\t\t<div class=\"e-con-inner\">\n\t\t\t\t<div class=\"elementor-element elementor-element-61a81d9 elementor-widget elementor-widget-heading\" data-id=\"61a81d9\" data-element_type=\"widget\" data-widget_type=\"heading.default\">\n\t\t\t\t\t<h2 class=\"elementor-heading-title elementor-size-default\">Th\u00eam ti\u00eau \u0111\u1ec1 c\u1ee7a b\u1ea1n v\u00e0o \u0111\u00e2y<\/h2>\t\t\t\t<\/div>\n\t\t\t\t\t<\/div>\n\t\t\t\t<\/div>\n\t\t\t\t<\/div>","protected":false},"excerpt":{"rendered":"<p>Th\u00eam ti\u00eau \u0111\u1ec1 c\u1ee7a b\u1ea1n v\u00e0o \u0111\u00e2y<\/p>","protected":false},"author":1,"featured_media":0,"parent":0,"menu_order":0,"comment_status":"closed","ping_status":"closed","template":"","meta":{"footnotes":""},"class_list":["post-874","page","type-page","status-publish","hentry"],"_links":{"self":[{"href":"https:\/\/www.airsang.com\/vi\/wp-json\/wp\/v2\/pages\/874","targetHints":{"allow":["GET"]}}],"collection":[{"href":"https:\/\/www.airsang.com\/vi\/wp-json\/wp\/v2\/pages"}],"about":[{"href":"https:\/\/www.airsang.com\/vi\/wp-json\/wp\/v2\/types\/page"}],"author":[{"embeddable":true,"href":"https:\/\/www.airsang.com\/vi\/wp-json\/wp\/v2\/users\/1"}],"replies":[{"embeddable":true,"href":"https:\/\/www.airsang.com\/vi\/wp-json\/wp\/v2\/comments?post=874"}],"version-history":[{"count":0,"href":"https:\/\/www.airsang.com\/vi\/wp-json\/wp\/v2\/pages\/874\/revisions"}],"wp:attachment":[{"href":"https:\/\/www.airsang.com\/vi\/wp-json\/wp\/v2\/media?parent=874"}],"curies":[{"name":"wp","href":"https:\/\/api.w.org\/{rel}","templated":true}]}}