{"id":3,"date":"2025-10-30T08:58:52","date_gmt":"2025-10-30T08:58:52","guid":{"rendered":"https:\/\/www.airsang.com\/?page_id=3"},"modified":"2025-12-12T09:28:51","modified_gmt":"2025-12-12T09:28:51","slug":"chinh-sach-bao-mat","status":"publish","type":"page","link":"https:\/\/www.airsang.com\/vi\/chinh-sach-bao-mat\/","title":{"rendered":"Ch\u00ednh s\u00e1ch b\u1ea3o m\u1eadt"},"content":{"rendered":"<p><\/p>\n\n\n\n<p><strong>C\u1eadp nh\u1eadt l\u1ea7n cu\u1ed1i:<\/strong> [Ng\u00e0y 9 th\u00e1ng 6 n\u0103m 2024]<\/p>\n\n\n\n<p>Ch\u00ednh s\u00e1ch b\u1ea3o m\u1eadt n\u00e0y m\u00f4 t\u1ea3 c\u00e1ch th\u1ee9c... <strong>AIRSANG<\/strong> (\u201cAIRSANG,\u201d \u201cch\u00fang t\u00f4i,\u201d ho\u1eb7c \u201cc\u1ee7a ch\u00fang t\u00f4i\u201d) thu th\u1eadp, s\u1eed d\u1ee5ng, ti\u1ebft l\u1ed9 v\u00e0 b\u1ea3o v\u1ec7 th\u00f4ng tin c\u00e1 nh\u00e2n c\u1ee7a b\u1ea1n khi b\u1ea1n truy c\u1eadp ho\u1eb7c t\u01b0\u01a1ng t\u00e1c v\u1edbi trang web c\u1ee7a ch\u00fang t\u00f4i. <a href=\"https:\/\/www.airsang.com\/vi\/\">https:\/\/www.airsang.com<\/a> (g\u1ecdi l\u00e0 \u201cTrang web\u201d).<\/p>\n\n\n\n<p>B\u1eb1ng c\u00e1ch s\u1eed d\u1ee5ng Trang web n\u00e0y, b\u1ea1n \u0111\u1ed3ng \u00fd v\u1edbi vi\u1ec7c thu th\u1eadp v\u00e0 s\u1eed d\u1ee5ng th\u00f4ng tin theo Ch\u00ednh s\u00e1ch B\u1ea3o m\u1eadt n\u00e0y.<\/p>\n\n\n\n<hr class=\"wp-block-separator has-alpha-channel-opacity\"\/>\n\n\n\n<h2 class=\"wp-block-heading\">1. Ch\u00fang t\u00f4i l\u00e0 ai<\/h2>\n\n\n\n<p>AIRSANG l\u00e0 nh\u00e0 cung c\u1ea5p d\u1ecbch v\u1ee5 thi\u1ebft k\u1ebf k\u1ef9 thu\u1eadt s\u1ed1 v\u00e0 th\u01b0\u01a1ng m\u1ea1i \u0111i\u1ec7n t\u1eed, cung c\u1ea5p c\u00e1c d\u1ecbch v\u1ee5 thi\u1ebft k\u1ebf website, thi\u1ebft k\u1ebf nh\u1eadn di\u1ec7n th\u01b0\u01a1ng hi\u1ec7u v\u00e0 c\u00e1c d\u1ecbch v\u1ee5 k\u1ef9 thu\u1eadt s\u1ed1 li\u00ean quan kh\u00e1c.<\/p>\n\n\n\n<p>Trang web: <a href=\"https:\/\/www.airsang.com\/vi\/\">https:\/\/www.airsang.com<\/a><\/p>\n\n\n\n<hr class=\"wp-block-separator has-alpha-channel-opacity\"\/>\n\n\n\n<h2 class=\"wp-block-heading\">2. Th\u00f4ng tin ch\u00fang t\u00f4i thu th\u1eadp<\/h2>\n\n\n\n<h3 class=\"wp-block-heading\">2.1 Th\u00f4ng tin b\u1ea1n cung c\u1ea5p cho ch\u00fang t\u00f4i<\/h3>\n\n\n\n<p>Ch\u00fang t\u00f4i c\u00f3 th\u1ec3 thu th\u1eadp th\u00f4ng tin c\u00e1 nh\u00e2n m\u00e0 b\u1ea1n t\u1ef1 nguy\u1ec7n cung c\u1ea5p, bao g\u1ed3m nh\u01b0ng kh\u00f4ng gi\u1edbi h\u1ea1n \u1edf:<\/p>\n\n\n\n<ul class=\"wp-block-list\">\n<li>T\u00ean<\/li>\n\n\n\n<li>\u0110\u1ecba ch\u1ec9 email<\/li>\n\n\n\n<li>URL trang web<\/li>\n\n\n\n<li>Tin nh\u1eafn ho\u1eb7c y\u00eau c\u1ea7u \u0111\u01b0\u1ee3c g\u1eedi qua bi\u1ec3u m\u1eabu<\/li>\n\n\n\n<li>C\u00e1c b\u00ecnh lu\u1eadn \u0111\u01b0\u1ee3c \u0111\u0103ng tr\u00ean trang web<\/li>\n\n\n\n<li>Th\u00f4ng tin t\u00e0i kho\u1ea3n (n\u1ebfu t\u00ednh n\u0103ng \u0111\u0103ng k\u00fd ng\u01b0\u1eddi d\u00f9ng \u0111\u01b0\u1ee3c b\u1eadt)<\/li>\n<\/ul>\n\n\n\n<hr class=\"wp-block-separator has-alpha-channel-opacity\"\/>\n\n\n\n<h3 class=\"wp-block-heading\">2.2 Th\u00f4ng tin \u0111\u01b0\u1ee3c thu th\u1eadp t\u1ef1 \u0111\u1ed9ng<\/h3>\n\n\n\n<p>Khi b\u1ea1n truy c\u1eadp Trang web, ch\u00fang t\u00f4i c\u00f3 th\u1ec3 t\u1ef1 \u0111\u1ed9ng thu th\u1eadp:<\/p>\n\n\n\n<ul class=\"wp-block-list\">\n<li>\u0110\u1ecba ch\u1ec9 IP<\/li>\n\n\n\n<li>Lo\u1ea1i v\u00e0 phi\u00ean b\u1ea3n tr\u00ecnh duy\u1ec7t<\/li>\n\n\n\n<li>Th\u00f4ng tin thi\u1ebft b\u1ecb<\/li>\n\n\n\n<li>S\u1ed1 trang \u0111\u00e3 truy c\u1eadp v\u00e0 d\u1eef li\u1ec7u t\u01b0\u01a1ng t\u00e1c<\/li>\n\n\n\n<li>URL tham chi\u1ebfu<\/li>\n\n\n\n<li>Ng\u00e0y v\u00e0 gi\u1edd truy c\u1eadp<\/li>\n<\/ul>\n\n\n\n<p>D\u1eef li\u1ec7u n\u00e0y \u0111\u01b0\u1ee3c thu th\u1eadp cho m\u1ee5c \u0111\u00edch ph\u00e2n t\u00edch, b\u1ea3o m\u1eadt v\u00e0 t\u1ed1i \u01b0u h\u00f3a hi\u1ec7u n\u0103ng.<\/p>\n\n\n\n<hr class=\"wp-block-separator has-alpha-channel-opacity\"\/>\n\n\n\n<h2 class=\"wp-block-heading\">3. B\u00ecnh lu\u1eadn<\/h2>\n\n\n\n<p>Khi kh\u00e1ch truy c\u1eadp \u0111\u1ec3 l\u1ea1i b\u00ecnh lu\u1eadn, ch\u00fang t\u00f4i thu th\u1eadp d\u1eef li\u1ec7u hi\u1ec3n th\u1ecb trong bi\u1ec3u m\u1eabu b\u00ecnh lu\u1eadn, c\u0169ng nh\u01b0 \u0111\u1ecba ch\u1ec9 IP v\u00e0 chu\u1ed7i t\u00e1c nh\u00e2n ng\u01b0\u1eddi d\u00f9ng tr\u00ecnh duy\u1ec7t c\u1ee7a kh\u00e1ch truy c\u1eadp \u0111\u1ec3 h\u1ed7 tr\u1ee3 ph\u00e1t hi\u1ec7n spam.<\/p>\n\n\n\n<p>M\u00e3 b\u0103m \u1ea9n danh c\u1ee7a \u0111\u1ecba ch\u1ec9 email c\u1ee7a b\u1ea1n c\u00f3 th\u1ec3 \u0111\u01b0\u1ee3c chia s\u1ebb v\u1edbi... <strong>Gravatar<\/strong> D\u1ecbch v\u1ee5 n\u00e0y nh\u1eb1m x\u00e1c \u0111\u1ecbnh xem b\u1ea1n c\u00f3 s\u1eed d\u1ee5ng n\u00f3 hay kh\u00f4ng.<br>Ch\u00ednh s\u00e1ch b\u1ea3o m\u1eadt c\u1ee7a Gravatar: <a href=\"https:\/\/automattic.com\/privacy\/\" target=\"_blank\" rel=\"noopener\">https:\/\/automattic.com\/privacy\/<\/a><\/p>\n\n\n\n<p>Sau khi \u0111\u01b0\u1ee3c duy\u1ec7t, b\u00ecnh lu\u1eadn v\u00e0 \u1ea3nh \u0111\u1ea1i di\u1ec7n c\u1ee7a b\u1ea1n c\u00f3 th\u1ec3 \u0111\u01b0\u1ee3c hi\u1ec3n th\u1ecb c\u00f4ng khai.<\/p>\n\n\n\n<hr class=\"wp-block-separator has-alpha-channel-opacity\"\/>\n\n\n\n<h2 class=\"wp-block-heading\">4. T\u1ea3i l\u00ean ph\u01b0\u01a1ng ti\u1ec7n<\/h2>\n\n\n\n<p>N\u1ebfu b\u1ea1n t\u1ea3i h\u00ecnh \u1ea3nh l\u00ean Trang web, vui l\u00f2ng tr\u00e1nh bao g\u1ed3m d\u1eef li\u1ec7u v\u1ecb tr\u00ed nh\u00fang (EXIF GPS). Kh\u00e1ch truy c\u1eadp c\u00f3 th\u1ec3 tr\u00edch xu\u1ea5t d\u1eef li\u1ec7u \u0111\u00f3 t\u1eeb c\u00e1c h\u00ecnh \u1ea3nh \u0111\u01b0\u1ee3c c\u00f4ng khai.<\/p>\n\n\n\n<hr class=\"wp-block-separator has-alpha-channel-opacity\"\/>\n\n\n\n<h2 class=\"wp-block-heading\">5. Cookie v\u00e0 C\u00f4ng ngh\u1ec7 Theo d\u00f5i<\/h2>\n\n\n\n<p>Ch\u00fang t\u00f4i s\u1eed d\u1ee5ng cookie v\u00e0 c\u00e1c c\u00f4ng ngh\u1ec7 t\u01b0\u01a1ng t\u1ef1 \u0111\u1ec3:<\/p>\n\n\n\n<ul class=\"wp-block-list\">\n<li>K\u00edch ho\u1ea1t c\u00e1c ch\u1ee9c n\u0103ng thi\u1ebft y\u1ebfu c\u1ee7a trang web<\/li>\n\n\n\n<li>L\u01b0u tr\u1eef t\u00f9y ch\u1ecdn ng\u01b0\u1eddi d\u00f9ng<\/li>\n\n\n\n<li>Ph\u00e2n t\u00edch l\u01b0u l\u01b0\u1ee3ng truy c\u1eadp v\u00e0 hi\u1ec7u su\u1ea5t c\u1ee7a trang web.<\/li>\n\n\n\n<li>H\u1ed7 tr\u1ee3 c\u00e1c ho\u1ea1t \u0111\u1ed9ng ti\u1ebfp th\u1ecb v\u00e0 qu\u1ea3ng c\u00e1o.<\/li>\n<\/ul>\n\n\n\n<p>\u0110\u1ec3 bi\u1ebft th\u00f4ng tin chi ti\u1ebft, vui l\u00f2ng xem l\u1ea1i trang c\u1ee7a ch\u00fang t\u00f4i. <strong>Ch\u00ednh s\u00e1ch Cookie<\/strong>.<\/p>\n\n\n\n<hr class=\"wp-block-separator has-alpha-channel-opacity\"\/>\n\n\n\n<h2 class=\"wp-block-heading\">6. N\u1ed9i dung \u0111\u01b0\u1ee3c nh\u00fang t\u1eeb c\u00e1c trang web c\u1ee7a b\u00ean th\u1ee9 ba<\/h2>\n\n\n\n<p>Trang web c\u1ee7a ch\u00fang t\u00f4i c\u00f3 th\u1ec3 bao g\u1ed3m n\u1ed9i dung nh\u00fang (v\u00ed d\u1ee5: video, h\u00ecnh \u1ea3nh, b\u00e0i vi\u1ebft). N\u1ed9i dung nh\u00fang t\u1eeb c\u00e1c trang web kh\u00e1c ho\u1ea1t \u0111\u1ed9ng nh\u01b0 th\u1ec3 b\u1ea1n \u0111\u00e3 truy c\u1eadp tr\u1ef1c ti\u1ebfp v\u00e0o c\u00e1c trang web \u0111\u00f3.<\/p>\n\n\n\n<p>C\u00e1c trang web b\u00ean th\u1ee9 ba n\u00e0y c\u00f3 th\u1ec3 thu th\u1eadp d\u1eef li\u1ec7u v\u1ec1 b\u1ea1n, s\u1eed d\u1ee5ng cookie v\u00e0 theo d\u00f5i t\u01b0\u01a1ng t\u00e1c c\u1ee7a b\u1ea1n v\u1edbi n\u1ed9i dung c\u1ee7a h\u1ecd.<\/p>\n\n\n\n<hr class=\"wp-block-separator has-alpha-channel-opacity\"\/>\n\n\n\n<h2 class=\"wp-block-heading\">7. C\u00e1ch ch\u00fang t\u00f4i s\u1eed d\u1ee5ng th\u00f4ng tin c\u1ee7a b\u1ea1n<\/h2>\n\n\n\n<p>Ch\u00fang t\u00f4i s\u1eed d\u1ee5ng th\u00f4ng tin thu th\u1eadp \u0111\u01b0\u1ee3c \u0111\u1ec3:<\/p>\n\n\n\n<ul class=\"wp-block-list\">\n<li>V\u1eadn h\u00e0nh v\u00e0 b\u1ea3o tr\u00ec Trang web<\/li>\n\n\n\n<li>Gi\u1ea3i \u0111\u00e1p th\u1eafc m\u1eafc v\u00e0 y\u00eau c\u1ea7u d\u1ecbch v\u1ee5.<\/li>\n\n\n\n<li>C\u1ea3i thi\u1ec7n ch\u1ee9c n\u0103ng trang web v\u00e0 tr\u1ea3i nghi\u1ec7m ng\u01b0\u1eddi d\u00f9ng.<\/li>\n\n\n\n<li>Theo d\u00f5i v\u00e0 ph\u00e2n t\u00edch c\u00e1c m\u00f4 h\u00ecnh s\u1eed d\u1ee5ng<\/li>\n\n\n\n<li>Ng\u0103n ch\u1eb7n gian l\u1eadn v\u00e0 t\u0103ng c\u01b0\u1eddng an ninh<\/li>\n\n\n\n<li>Tu\u00e2n th\u1ee7 c\u00e1c ngh\u0129a v\u1ee5 ph\u00e1p l\u00fd<\/li>\n<\/ul>\n\n\n\n<hr class=\"wp-block-separator has-alpha-channel-opacity\"\/>\n\n\n\n<h2 class=\"wp-block-heading\">8. Ch\u00fang t\u00f4i chia s\u1ebb d\u1eef li\u1ec7u c\u1ee7a b\u1ea1n v\u1edbi ai<\/h2>\n\n\n\n<p>Ch\u00fang t\u00f4i c\u00f3 th\u1ec3 chia s\u1ebb d\u1eef li\u1ec7u c\u1ee7a b\u1ea1n v\u1edbi:<\/p>\n\n\n\n<ul class=\"wp-block-list\">\n<li>C\u00e1c nh\u00e0 cung c\u1ea5p d\u1ecbch v\u1ee5 l\u01b0u tr\u1eef v\u00e0 \u0111\u1ed1i t\u00e1c c\u01a1 s\u1edf h\u1ea1 t\u1ea7ng<\/li>\n\n\n\n<li>C\u00e1c nh\u00e0 cung c\u1ea5p d\u1ecbch v\u1ee5 ph\u00e2n t\u00edch v\u00e0 ti\u1ebfp th\u1ecb<\/li>\n\n\n\n<li>d\u1ecbch v\u1ee5 ph\u00e1t hi\u1ec7n th\u01b0 r\u00e1c v\u00e0 b\u1ea3o m\u1eadt<\/li>\n\n\n\n<li>C\u01a1 quan ph\u00e1p lu\u1eadt ho\u1eb7c c\u01a1 quan qu\u1ea3n l\u00fd khi \u0111\u01b0\u1ee3c y\u00eau c\u1ea7u theo lu\u1eadt.<\/li>\n<\/ul>\n\n\n\n<p>N\u1ebfu b\u1ea1n y\u00eau c\u1ea7u \u0111\u1eb7t l\u1ea1i m\u1eadt kh\u1ea9u, \u0111\u1ecba ch\u1ec9 IP c\u1ee7a b\u1ea1n s\u1ebd \u0111\u01b0\u1ee3c bao g\u1ed3m trong email \u0111\u1eb7t l\u1ea1i m\u1eadt kh\u1ea9u.<\/p>\n\n\n\n<hr class=\"wp-block-separator has-alpha-channel-opacity\"\/>\n\n\n\n<h2 class=\"wp-block-heading\">9. L\u01b0u tr\u1eef d\u1eef li\u1ec7u<\/h2>\n\n\n\n<ul class=\"wp-block-list\">\n<li>C\u00e1c b\u00ecnh lu\u1eadn v\u00e0 si\u00eau d\u1eef li\u1ec7u c\u1ee7a ch\u00fang s\u1ebd \u0111\u01b0\u1ee3c l\u01b0u gi\u1eef v\u00f4 th\u1eddi h\u1ea1n.<\/li>\n\n\n\n<li>Th\u00f4ng tin h\u1ed3 s\u01a1 ng\u01b0\u1eddi d\u00f9ng (n\u1ebfu c\u00f3) s\u1ebd \u0111\u01b0\u1ee3c l\u01b0u tr\u1eef mi\u1ec5n l\u00e0 t\u00e0i kho\u1ea3n v\u1eabn c\u00f2n ho\u1ea1t \u0111\u1ed9ng.<\/li>\n\n\n\n<li>C\u00e1c d\u1eef li\u1ec7u c\u00e1 nh\u00e2n kh\u00e1c ch\u1ec9 \u0111\u01b0\u1ee3c l\u01b0u gi\u1eef trong th\u1eddi gian c\u1ea7n thi\u1ebft cho c\u00e1c m\u1ee5c \u0111\u00edch \u0111\u01b0\u1ee3c n\u00eau trong Ch\u00ednh s\u00e1ch n\u00e0y ho\u1eb7c theo y\u00eau c\u1ea7u c\u1ee7a ph\u00e1p lu\u1eadt.<\/li>\n<\/ul>\n\n\n\n<hr class=\"wp-block-separator has-alpha-channel-opacity\"\/>\n\n\n\n<h2 class=\"wp-block-heading\">10. Quy\u1ec1n c\u1ee7a b\u1ea1n theo GDPR (Ng\u01b0\u1eddi d\u00f9ng EU\/EEA)<\/h2>\n\n\n\n<p>N\u1ebfu b\u1ea1n \u0111ang \u1edf trong Khu v\u1ef1c Kinh t\u1ebf Ch\u00e2u \u00c2u (EEA), b\u1ea1n c\u00f3 quy\u1ec1n:<\/p>\n\n\n\n<ul class=\"wp-block-list\">\n<li>Truy c\u1eadp d\u1eef li\u1ec7u c\u00e1 nh\u00e2n c\u1ee7a b\u1ea1n<\/li>\n\n\n\n<li>Y\u00eau c\u1ea7u ch\u1ec9nh s\u1eeda ho\u1eb7c x\u00f3a<\/li>\n\n\n\n<li>H\u1ea1n ch\u1ebf ho\u1eb7c ph\u1ea3n \u0111\u1ed1i vi\u1ec7c x\u1eed l\u00fd<\/li>\n\n\n\n<li>Y\u00eau c\u1ea7u chuy\u1ec3n \u0111\u1ed5i d\u1eef li\u1ec7u<\/li>\n\n\n\n<li>B\u1ea1n c\u00f3 th\u1ec3 r\u00fat l\u1ea1i s\u1ef1 \u0111\u1ed3ng \u00fd b\u1ea5t c\u1ee9 l\u00fac n\u00e0o.<\/li>\n<\/ul>\n\n\n\n<p>\u0110\u1ec3 th\u1ef1c hi\u1ec7n c\u00e1c quy\u1ec1n n\u00e0y, vui l\u00f2ng li\u00ean h\u1ec7 v\u1edbi ch\u00fang t\u00f4i th\u00f4ng qua trang web c\u1ee7a ch\u00fang t\u00f4i.<\/p>\n\n\n\n<hr class=\"wp-block-separator has-alpha-channel-opacity\"\/>\n\n\n\n<h2 class=\"wp-block-heading\">11. Quy\u1ec1n c\u1ee7a b\u1ea1n theo CCPA (\u0110\u1ed1i v\u1edbi c\u01b0 d\u00e2n California)<\/h2>\n\n\n\n<p>N\u1ebfu b\u1ea1n l\u00e0 c\u01b0 d\u00e2n California, b\u1ea1n c\u00f3 quy\u1ec1n:<\/p>\n\n\n\n<ul class=\"wp-block-list\">\n<li>T\u00ecm hi\u1ec3u xem ch\u00fang t\u00f4i thu th\u1eadp, s\u1eed d\u1ee5ng v\u00e0 ti\u1ebft l\u1ed9 nh\u1eefng d\u1eef li\u1ec7u c\u00e1 nh\u00e2n n\u00e0o.<\/li>\n\n\n\n<li>Y\u00eau c\u1ea7u truy c\u1eadp ho\u1eb7c x\u00f3a d\u1eef li\u1ec7u c\u00e1 nh\u00e2n c\u1ee7a b\u1ea1n.<\/li>\n\n\n\n<li>B\u1ea1n c\u00f3 th\u1ec3 t\u1eeb ch\u1ed1i vi\u1ec7c b\u00e1n d\u1eef li\u1ec7u c\u00e1 nh\u00e2n (AIRSANG kh\u00f4ng b\u00e1n d\u1eef li\u1ec7u c\u00e1 nh\u00e2n).<\/li>\n\n\n\n<li>\u0110\u01b0\u1ee3c h\u01b0\u1edfng d\u1ecbch v\u1ee5 v\u00e0 gi\u00e1 c\u1ea3 nh\u01b0 nhau b\u1ea5t k\u1ec3 vi\u1ec7c th\u1ef1c hi\u1ec7n quy\u1ec1n ri\u00eang t\u01b0.<\/li>\n<\/ul>\n\n\n\n<p>Qu\u00fd v\u1ecb c\u00f3 th\u1ec3 g\u1eedi y\u00eau c\u1ea7u th\u00f4ng qua bi\u1ec3u m\u1eabu li\u00ean h\u1ec7 tr\u00ean trang web c\u1ee7a ch\u00fang t\u00f4i.<\/p>\n\n\n\n<hr class=\"wp-block-separator has-alpha-channel-opacity\"\/>\n\n\n\n<h2 class=\"wp-block-heading\">12. Truy\u1ec1n d\u1eef li\u1ec7u<\/h2>\n\n\n\n<p>Th\u00f4ng tin c\u1ee7a b\u1ea1n c\u00f3 th\u1ec3 \u0111\u01b0\u1ee3c chuy\u1ec3n \u0111\u1ebfn v\u00e0 x\u1eed l\u00fd tr\u00ean c\u00e1c m\u00e1y ch\u1ee7 \u0111\u1eb7t t\u1ea1i ngo\u00e0i qu\u1ed1c gia c\u01b0 tr\u00fa c\u1ee7a b\u1ea1n. Ch\u00fang t\u00f4i th\u1ef1c hi\u1ec7n c\u00e1c bi\u1ec7n ph\u00e1p h\u1ee3p l\u00fd \u0111\u1ec3 \u0111\u1ea3m b\u1ea3o c\u00e1c bi\u1ec7n ph\u00e1p b\u1ea3o v\u1ec7 th\u00edch h\u1ee3p \u0111\u01b0\u1ee3c \u00e1p d\u1ee5ng.<\/p>\n\n\n\n<hr class=\"wp-block-separator has-alpha-channel-opacity\"\/>\n\n\n\n<h2 class=\"wp-block-heading\">13. B\u1ea3o m\u1eadt d\u1eef li\u1ec7u<\/h2>\n\n\n\n<p>Ch\u00fang t\u00f4i th\u1ef1c hi\u1ec7n c\u00e1c bi\u1ec7n ph\u00e1p b\u1ea3o m\u1eadt k\u1ef9 thu\u1eadt v\u00e0 t\u1ed5 ch\u1ee9c h\u1ee3p l\u00fd \u0111\u1ec3 b\u1ea3o v\u1ec7 d\u1eef li\u1ec7u c\u00e1 nh\u00e2n c\u1ee7a b\u1ea1n. Tuy nhi\u00ean, kh\u00f4ng c\u00f3 \u0111\u01b0\u1eddng truy\u1ec1n n\u00e0o qua internet l\u00e0 ho\u00e0n to\u00e0n an to\u00e0n.<\/p>\n\n\n\n<hr class=\"wp-block-separator has-alpha-channel-opacity\"\/>\n\n\n\n<h2 class=\"wp-block-heading\">14. Th\u00f4ng tin d\u00e0nh cho tr\u1ebb em<\/h2>\n\n\n\n<p>Trang web c\u1ee7a ch\u00fang t\u00f4i kh\u00f4ng d\u00e0nh cho tr\u1ebb em d\u01b0\u1edbi 13 tu\u1ed5i. Ch\u00fang t\u00f4i kh\u00f4ng c\u1ed1 \u00fd thu th\u1eadp d\u1eef li\u1ec7u c\u00e1 nh\u00e2n t\u1eeb tr\u1ebb em.<\/p>\n\n\n\n<hr class=\"wp-block-separator has-alpha-channel-opacity\"\/>\n\n\n\n<h2 class=\"wp-block-heading\">15. Thay \u0111\u1ed5i \u0111\u1ed1i v\u1edbi Ch\u00ednh s\u00e1ch B\u1ea3o m\u1eadt n\u00e0y<\/h2>\n\n\n\n<p>Ch\u00fang t\u00f4i c\u00f3 th\u1ec3 c\u1eadp nh\u1eadt Ch\u00ednh s\u00e1ch B\u1ea3o m\u1eadt n\u00e0y theo th\u1eddi gian. M\u1ecdi thay \u0111\u1ed5i s\u1ebd \u0111\u01b0\u1ee3c \u0111\u0103ng t\u1ea3i tr\u00ean trang n\u00e0y c\u00f9ng v\u1edbi ng\u00e0y s\u1eeda \u0111\u1ed5i \u0111\u01b0\u1ee3c c\u1eadp nh\u1eadt.<\/p>\n\n\n\n<hr class=\"wp-block-separator has-alpha-channel-opacity\"\/>\n\n\n\n<h2 class=\"wp-block-heading\">16. Li\u00ean h\u1ec7 v\u1edbi ch\u00fang t\u00f4i<\/h2>\n\n\n\n<p>N\u1ebfu b\u1ea1n c\u00f3 th\u1eafc m\u1eafc v\u1ec1 Ch\u00ednh s\u00e1ch b\u1ea3o m\u1eadt n\u00e0y ho\u1eb7c d\u1eef li\u1ec7u c\u00e1 nh\u00e2n c\u1ee7a b\u1ea1n, vui l\u00f2ng li\u00ean h\u1ec7 v\u1edbi ch\u00fang t\u00f4i qua bi\u1ec3u m\u1eabu li\u00ean h\u1ec7 tr\u00ean trang web c\u1ee7a ch\u00fang t\u00f4i.<\/p>\n\n\n\n<p><strong class=\"privacy-policy-tutorial\">\u0110\u1ec1 xu\u1ea5t v\u0103n b\u1ea3n: <\/strong>\u0110\u1ecba ch\u1ec9 trang web c\u1ee7a ch\u00fang t\u00f4i l\u00e0: https:\/\/www.airsang.com.<\/p>\n\n\n\n<h2 class=\"wp-block-heading\">B\u00ecnh lu\u1eadn<\/h2>\n\n\n\n<p><strong class=\"privacy-policy-tutorial\">\u0110\u1ec1 xu\u1ea5t v\u0103n b\u1ea3n: <\/strong>Khi kh\u00e1ch truy c\u1eadp \u0111\u1ec3 l\u1ea1i b\u00ecnh lu\u1eadn tr\u00ean trang web, ch\u00fang t\u00f4i thu th\u1eadp d\u1eef li\u1ec7u hi\u1ec3n th\u1ecb trong bi\u1ec3u m\u1eabu b\u00ecnh lu\u1eadn, c\u0169ng nh\u01b0 \u0111\u1ecba ch\u1ec9 IP v\u00e0 chu\u1ed7i t\u00e1c nh\u00e2n ng\u01b0\u1eddi d\u00f9ng tr\u00ecnh duy\u1ec7t c\u1ee7a kh\u00e1ch truy c\u1eadp \u0111\u1ec3 h\u1ed7 tr\u1ee3 ph\u00e1t hi\u1ec7n spam.<\/p>\n\n\n\n<p>M\u1ed9t chu\u1ed7i \u1ea9n danh \u0111\u01b0\u1ee3c t\u1ea1o t\u1eeb \u0111\u1ecba ch\u1ec9 email c\u1ee7a b\u1ea1n (c\u00f2n g\u1ecdi l\u00e0 m\u00e3 b\u0103m) c\u00f3 th\u1ec3 \u0111\u01b0\u1ee3c cung c\u1ea5p cho d\u1ecbch v\u1ee5 Gravatar \u0111\u1ec3 ki\u1ec3m tra xem b\u1ea1n c\u00f3 \u0111ang s\u1eed d\u1ee5ng d\u1ecbch v\u1ee5 n\u00e0y hay kh\u00f4ng. Ch\u00ednh s\u00e1ch b\u1ea3o m\u1eadt c\u1ee7a d\u1ecbch v\u1ee5 Gravatar c\u00f3 th\u1ec3 \u0111\u01b0\u1ee3c xem t\u1ea1i \u0111\u00e2y: https:\/\/automattic.com\/privacy\/. Sau khi b\u00ecnh lu\u1eadn c\u1ee7a b\u1ea1n \u0111\u01b0\u1ee3c ch\u1ea5p thu\u1eadn, \u1ea3nh \u0111\u1ea1i di\u1ec7n c\u1ee7a b\u1ea1n s\u1ebd hi\u1ec3n th\u1ecb c\u00f4ng khai c\u00f9ng v\u1edbi b\u00ecnh lu\u1eadn \u0111\u00f3.<\/p>\n\n\n\n<h2 class=\"wp-block-heading\">Ph\u01b0\u01a1ng ti\u1ec7n truy\u1ec1n th\u00f4ng<\/h2>\n\n\n\n<p><strong class=\"privacy-policy-tutorial\">\u0110\u1ec1 xu\u1ea5t v\u0103n b\u1ea3n: <\/strong>N\u1ebfu b\u1ea1n t\u1ea3i h\u00ecnh \u1ea3nh l\u00ean trang web, b\u1ea1n n\u00ean tr\u00e1nh t\u1ea3i l\u00ean nh\u1eefng h\u00ecnh \u1ea3nh c\u00f3 ch\u1ee9a d\u1eef li\u1ec7u v\u1ecb tr\u00ed nh\u00fang (EXIF GPS). Kh\u00e1ch truy c\u1eadp trang web c\u00f3 th\u1ec3 t\u1ea3i xu\u1ed1ng v\u00e0 tr\u00edch xu\u1ea5t b\u1ea5t k\u1ef3 d\u1eef li\u1ec7u v\u1ecb tr\u00ed n\u00e0o t\u1eeb h\u00ecnh \u1ea3nh tr\u00ean trang web.<\/p>\n\n\n\n<h2 class=\"wp-block-heading\">B\u00e1nh quy<\/h2>\n\n\n\n<p><strong class=\"privacy-policy-tutorial\">\u0110\u1ec1 xu\u1ea5t v\u0103n b\u1ea3n: <\/strong>N\u1ebfu b\u1ea1n \u0111\u1ec3 l\u1ea1i b\u00ecnh lu\u1eadn tr\u00ean trang web c\u1ee7a ch\u00fang t\u00f4i, b\u1ea1n c\u00f3 th\u1ec3 ch\u1ecdn l\u01b0u t\u00ean, \u0111\u1ecba ch\u1ec9 email v\u00e0 trang web c\u1ee7a m\u00ecnh v\u00e0o cookie. \u0110i\u1ec1u n\u00e0y nh\u1eb1m m\u1ee5c \u0111\u00edch thu\u1eadn ti\u1ec7n cho b\u1ea1n \u0111\u1ec3 b\u1ea1n kh\u00f4ng ph\u1ea3i \u0111i\u1ec1n l\u1ea1i th\u00f4ng tin chi ti\u1ebft khi \u0111\u1ec3 l\u1ea1i b\u00ecnh lu\u1eadn kh\u00e1c. C\u00e1c cookie n\u00e0y s\u1ebd c\u00f3 hi\u1ec7u l\u1ef1c trong m\u1ed9t n\u0103m.<\/p>\n\n\n\n<p>N\u1ebfu b\u1ea1n truy c\u1eadp trang \u0111\u0103ng nh\u1eadp c\u1ee7a ch\u00fang t\u00f4i, ch\u00fang t\u00f4i s\u1ebd thi\u1ebft l\u1eadp m\u1ed9t cookie t\u1ea1m th\u1eddi \u0111\u1ec3 x\u00e1c \u0111\u1ecbnh xem tr\u00ecnh duy\u1ec7t c\u1ee7a b\u1ea1n c\u00f3 ch\u1ea5p nh\u1eadn cookie hay kh\u00f4ng. Cookie n\u00e0y kh\u00f4ng ch\u1ee9a d\u1eef li\u1ec7u c\u00e1 nh\u00e2n v\u00e0 s\u1ebd b\u1ecb x\u00f3a khi b\u1ea1n \u0111\u00f3ng tr\u00ecnh duy\u1ec7t.<\/p>\n\n\n\n<p>Khi b\u1ea1n \u0111\u0103ng nh\u1eadp, ch\u00fang t\u00f4i c\u0169ng s\u1ebd thi\u1ebft l\u1eadp m\u1ed9t s\u1ed1 cookie \u0111\u1ec3 l\u01b0u th\u00f4ng tin \u0111\u0103ng nh\u1eadp v\u00e0 c\u00e1c t\u00f9y ch\u1ecdn hi\u1ec3n th\u1ecb m\u00e0n h\u00ecnh c\u1ee7a b\u1ea1n. Cookie \u0111\u0103ng nh\u1eadp c\u00f3 th\u1eddi h\u1ea1n hai ng\u00e0y, v\u00e0 cookie t\u00f9y ch\u1ecdn m\u00e0n h\u00ecnh c\u00f3 th\u1eddi h\u1ea1n m\u1ed9t n\u0103m. N\u1ebfu b\u1ea1n ch\u1ecdn \u201cNh\u1edb t\u00f4i\u201d, th\u00f4ng tin \u0111\u0103ng nh\u1eadp c\u1ee7a b\u1ea1n s\u1ebd \u0111\u01b0\u1ee3c l\u01b0u gi\u1eef trong hai tu\u1ea7n. N\u1ebfu b\u1ea1n \u0111\u0103ng xu\u1ea5t kh\u1ecfi t\u00e0i kho\u1ea3n, c\u00e1c cookie \u0111\u0103ng nh\u1eadp s\u1ebd b\u1ecb x\u00f3a.<\/p>\n\n\n\n<p>N\u1ebfu b\u1ea1n ch\u1ec9nh s\u1eeda ho\u1eb7c xu\u1ea5t b\u1ea3n b\u00e0i vi\u1ebft, m\u1ed9t cookie b\u1ed5 sung s\u1ebd \u0111\u01b0\u1ee3c l\u01b0u trong tr\u00ecnh duy\u1ec7t c\u1ee7a b\u1ea1n. Cookie n\u00e0y kh\u00f4ng ch\u1ee9a d\u1eef li\u1ec7u c\u00e1 nh\u00e2n v\u00e0 ch\u1ec9 \u0111\u01a1n gi\u1ea3n l\u00e0 cho bi\u1ebft ID b\u00e0i vi\u1ebft m\u00e0 b\u1ea1n v\u1eeba ch\u1ec9nh s\u1eeda. N\u00f3 s\u1ebd h\u1ebft h\u1ea1n sau 1 ng\u00e0y.<\/p>\n\n\n\n<h2 class=\"wp-block-heading\">N\u1ed9i dung \u0111\u01b0\u1ee3c nh\u00fang t\u1eeb c\u00e1c trang web kh\u00e1c<\/h2>\n\n\n\n<p><strong class=\"privacy-policy-tutorial\">\u0110\u1ec1 xu\u1ea5t v\u0103n b\u1ea3n: <\/strong>C\u00e1c b\u00e0i vi\u1ebft tr\u00ean trang web n\u00e0y c\u00f3 th\u1ec3 bao g\u1ed3m n\u1ed9i dung nh\u00fang (v\u00ed d\u1ee5: video, h\u00ecnh \u1ea3nh, b\u00e0i vi\u1ebft, v.v.). N\u1ed9i dung nh\u00fang t\u1eeb c\u00e1c trang web kh\u00e1c ho\u1ea1t \u0111\u1ed9ng gi\u1ed1ng h\u1ec7t nh\u01b0 khi ng\u01b0\u1eddi d\u00f9ng truy c\u1eadp tr\u1ef1c ti\u1ebfp v\u00e0o trang web \u0111\u00f3.<\/p>\n\n\n\n<p>C\u00e1c trang web n\u00e0y c\u00f3 th\u1ec3 thu th\u1eadp d\u1eef li\u1ec7u v\u1ec1 b\u1ea1n, s\u1eed d\u1ee5ng cookie, nh\u00fang th\u00eam c\u00e1c c\u00f4ng c\u1ee5 theo d\u00f5i c\u1ee7a b\u00ean th\u1ee9 ba v\u00e0 gi\u00e1m s\u00e1t t\u01b0\u01a1ng t\u00e1c c\u1ee7a b\u1ea1n v\u1edbi n\u1ed9i dung \u0111\u01b0\u1ee3c nh\u00fang \u0111\u00f3, bao g\u1ed3m c\u1ea3 vi\u1ec7c theo d\u00f5i t\u01b0\u01a1ng t\u00e1c c\u1ee7a b\u1ea1n v\u1edbi n\u1ed9i dung \u0111\u01b0\u1ee3c nh\u00fang n\u1ebfu b\u1ea1n c\u00f3 t\u00e0i kho\u1ea3n v\u00e0 \u0111\u00e3 \u0111\u0103ng nh\u1eadp v\u00e0o trang web \u0111\u00f3.<\/p>\n\n\n\n<h2 class=\"wp-block-heading\">Ch\u00fang t\u00f4i chia s\u1ebb d\u1eef li\u1ec7u c\u1ee7a b\u1ea1n v\u1edbi ai?<\/h2>\n\n\n\n<p><strong class=\"privacy-policy-tutorial\">\u0110\u1ec1 xu\u1ea5t v\u0103n b\u1ea3n: <\/strong>N\u1ebfu b\u1ea1n y\u00eau c\u1ea7u \u0111\u1eb7t l\u1ea1i m\u1eadt kh\u1ea9u, \u0111\u1ecba ch\u1ec9 IP c\u1ee7a b\u1ea1n s\u1ebd \u0111\u01b0\u1ee3c bao g\u1ed3m trong email \u0111\u1eb7t l\u1ea1i m\u1eadt kh\u1ea9u.<\/p>\n\n\n\n<h2 class=\"wp-block-heading\">Ch\u00fang t\u00f4i l\u01b0u gi\u1eef d\u1eef li\u1ec7u c\u1ee7a b\u1ea1n trong bao l\u00e2u?<\/h2>\n\n\n\n<p><strong class=\"privacy-policy-tutorial\">\u0110\u1ec1 xu\u1ea5t v\u0103n b\u1ea3n: <\/strong>N\u1ebfu b\u1ea1n \u0111\u1ec3 l\u1ea1i b\u00ecnh lu\u1eadn, b\u00ecnh lu\u1eadn v\u00e0 si\u00eau d\u1eef li\u1ec7u c\u1ee7a n\u00f3 s\u1ebd \u0111\u01b0\u1ee3c l\u01b0u gi\u1eef v\u00f4 th\u1eddi h\u1ea1n. \u0110i\u1ec1u n\u00e0y gi\u00fap ch\u00fang t\u00f4i nh\u1eadn di\u1ec7n v\u00e0 ph\u00ea duy\u1ec7t t\u1ef1 \u0111\u1ed9ng b\u1ea5t k\u1ef3 b\u00ecnh lu\u1eadn ti\u1ebfp theo n\u00e0o thay v\u00ec gi\u1eef ch\u00fang trong h\u00e0ng ch\u1edd ki\u1ec3m duy\u1ec7t.<\/p>\n\n\n\n<p>\u0110\u1ed1i v\u1edbi ng\u01b0\u1eddi d\u00f9ng \u0111\u0103ng k\u00fd tr\u00ean trang web c\u1ee7a ch\u00fang t\u00f4i (n\u1ebfu c\u00f3), ch\u00fang t\u00f4i c\u0169ng l\u01b0u tr\u1eef th\u00f4ng tin c\u00e1 nh\u00e2n m\u00e0 h\u1ecd cung c\u1ea5p trong h\u1ed3 s\u01a1 ng\u01b0\u1eddi d\u00f9ng. T\u1ea5t c\u1ea3 ng\u01b0\u1eddi d\u00f9ng c\u00f3 th\u1ec3 xem, ch\u1ec9nh s\u1eeda ho\u1eb7c x\u00f3a th\u00f4ng tin c\u00e1 nh\u00e2n c\u1ee7a h\u1ecd b\u1ea5t c\u1ee9 l\u00fac n\u00e0o (ngo\u1ea1i tr\u1eeb h\u1ecd kh\u00f4ng th\u1ec3 thay \u0111\u1ed5i t\u00ean ng\u01b0\u1eddi d\u00f9ng). Qu\u1ea3n tr\u1ecb vi\u00ean trang web c\u0169ng c\u00f3 th\u1ec3 xem v\u00e0 ch\u1ec9nh s\u1eeda th\u00f4ng tin \u0111\u00f3.<\/p>\n\n\n\n<h2 class=\"wp-block-heading\">B\u1ea1n c\u00f3 nh\u1eefng quy\u1ec1n g\u00ec \u0111\u1ed1i v\u1edbi d\u1eef li\u1ec7u c\u1ee7a m\u00ecnh?<\/h2>\n\n\n\n<p><strong class=\"privacy-policy-tutorial\">\u0110\u1ec1 xu\u1ea5t v\u0103n b\u1ea3n: <\/strong>N\u1ebfu b\u1ea1n c\u00f3 t\u00e0i kho\u1ea3n tr\u00ean trang web n\u00e0y ho\u1eb7c \u0111\u00e3 \u0111\u1ec3 l\u1ea1i b\u00ecnh lu\u1eadn, b\u1ea1n c\u00f3 th\u1ec3 y\u00eau c\u1ea7u nh\u1eadn m\u1ed9t t\u1eadp tin xu\u1ea5t kh\u1ea9u d\u1eef li\u1ec7u c\u00e1 nh\u00e2n m\u00e0 ch\u00fang t\u00f4i l\u01b0u gi\u1eef v\u1ec1 b\u1ea1n, bao g\u1ed3m b\u1ea5t k\u1ef3 d\u1eef li\u1ec7u n\u00e0o b\u1ea1n \u0111\u00e3 cung c\u1ea5p cho ch\u00fang t\u00f4i. B\u1ea1n c\u0169ng c\u00f3 th\u1ec3 y\u00eau c\u1ea7u ch\u00fang t\u00f4i x\u00f3a b\u1ea5t k\u1ef3 d\u1eef li\u1ec7u c\u00e1 nh\u00e2n n\u00e0o ch\u00fang t\u00f4i l\u01b0u gi\u1eef v\u1ec1 b\u1ea1n. \u0110i\u1ec1u n\u00e0y kh\u00f4ng bao g\u1ed3m b\u1ea5t k\u1ef3 d\u1eef li\u1ec7u n\u00e0o ch\u00fang t\u00f4i c\u00f3 ngh\u0129a v\u1ee5 ph\u1ea3i gi\u1eef l\u1ea1i v\u00ec m\u1ee5c \u0111\u00edch h\u00e0nh ch\u00ednh, ph\u00e1p l\u00fd ho\u1eb7c an ninh.<\/p>\n\n\n\n<h2 class=\"wp-block-heading\">D\u1eef li\u1ec7u c\u1ee7a b\u1ea1n \u0111\u01b0\u1ee3c g\u1eedi \u0111\u1ebfn \u0111\u00e2u?<\/h2>\n\n\n\n<p><strong class=\"privacy-policy-tutorial\">\u0110\u1ec1 xu\u1ea5t v\u0103n b\u1ea3n: <\/strong>B\u00ecnh lu\u1eadn c\u1ee7a kh\u00e1ch truy c\u1eadp c\u00f3 th\u1ec3 \u0111\u01b0\u1ee3c ki\u1ec3m tra th\u00f4ng qua d\u1ecbch v\u1ee5 ph\u00e1t hi\u1ec7n th\u01b0 r\u00e1c t\u1ef1 \u0111\u1ed9ng.<\/p>","protected":false},"excerpt":{"rendered":"<p>Last updated: [June 9, 2024] This Privacy Policy describes how AIRSANG (\u201cAIRSANG,\u201d \u201cwe,\u201d \u201cus,\u201d or \u201cour\u201d) collects, uses, discloses, and protects your personal information when&#8230;<\/p>","protected":false},"author":1,"featured_media":0,"parent":0,"menu_order":0,"comment_status":"closed","ping_status":"open","template":"","meta":{"footnotes":""},"class_list":["post-3","page","type-page","status-publish","hentry"],"_links":{"self":[{"href":"https:\/\/www.airsang.com\/vi\/wp-json\/wp\/v2\/pages\/3","targetHints":{"allow":["GET"]}}],"collection":[{"href":"https:\/\/www.airsang.com\/vi\/wp-json\/wp\/v2\/pages"}],"about":[{"href":"https:\/\/www.airsang.com\/vi\/wp-json\/wp\/v2\/types\/page"}],"author":[{"embeddable":true,"href":"https:\/\/www.airsang.com\/vi\/wp-json\/wp\/v2\/users\/1"}],"replies":[{"embeddable":true,"href":"https:\/\/www.airsang.com\/vi\/wp-json\/wp\/v2\/comments?post=3"}],"version-history":[{"count":0,"href":"https:\/\/www.airsang.com\/vi\/wp-json\/wp\/v2\/pages\/3\/revisions"}],"wp:attachment":[{"href":"https:\/\/www.airsang.com\/vi\/wp-json\/wp\/v2\/media?parent=3"}],"curies":[{"name":"wp","href":"https:\/\/api.w.org\/{rel}","templated":true}]}}