{"id":2,"date":"2025-10-30T08:58:52","date_gmt":"2025-10-30T08:58:52","guid":{"rendered":"https:\/\/www.airsang.com\/?page_id=2"},"modified":"2025-12-17T14:22:56","modified_gmt":"2025-12-17T14:22:56","slug":"chinh-sach-cookie","status":"publish","type":"page","link":"https:\/\/www.airsang.com\/vi\/chinh-sach-cookie\/","title":{"rendered":"Ch\u00ednh s\u00e1ch Cookie"},"content":{"rendered":"<h3 class=\"wp-block-heading\">Cookie l\u00e0 g\u00ec?<\/h3>\n\n\n\n<p>Ch\u00ednh s\u00e1ch Cookie n\u00e0y gi\u1ea3i th\u00edch cookie l\u00e0 g\u00ec, AIRSANG s\u1eed d\u1ee5ng ch\u00fang nh\u01b0 th\u1ebf n\u00e0o, c\u00e1c lo\u1ea1i cookie ch\u00fang t\u00f4i s\u1eed d\u1ee5ng, th\u00f4ng tin ch\u00fang t\u00f4i thu th\u1eadp th\u00f4ng qua cookie, c\u00e1ch th\u00f4ng tin \u0111\u00f3 \u0111\u01b0\u1ee3c s\u1eed d\u1ee5ng v\u00e0 c\u00e1ch b\u1ea1n c\u00f3 th\u1ec3 qu\u1ea3n l\u00fd t\u00f9y ch\u1ecdn cookie c\u1ee7a m\u00ecnh.<\/p>\n\n\n\n<p>Cookie l\u00e0 nh\u1eefng t\u1eadp tin v\u0103n b\u1ea3n nh\u1ecf \u0111\u01b0\u1ee3c l\u01b0u tr\u1eef tr\u00ean thi\u1ebft b\u1ecb c\u1ee7a b\u1ea1n khi b\u1ea1n truy c\u1eadp m\u1ed9t trang web. Ch\u00fang gi\u00fap c\u00e1c trang web ho\u1ea1t \u0111\u1ed9ng \u0111\u00fang c\u00e1ch, c\u1ea3i thi\u1ec7n b\u1ea3o m\u1eadt, n\u00e2ng cao tr\u1ea3i nghi\u1ec7m ng\u01b0\u1eddi d\u00f9ng v\u00e0 cung c\u1ea5p th\u00f4ng tin chi ti\u1ebft v\u1ec1 hi\u1ec7u su\u1ea5t c\u1ee7a trang web \u0111\u1ec3 c\u00f3 th\u1ec3 th\u1ef1c hi\u1ec7n c\u00e1c c\u1ea3i ti\u1ebfn.<\/p>\n\n\n\n<hr class=\"wp-block-separator has-alpha-channel-opacity\"\/>\n\n\n\n<h3 class=\"wp-block-heading\">C\u00e1ch ch\u00fang t\u00f4i s\u1eed d\u1ee5ng cookie<\/h3>\n\n\n\n<p>Gi\u1ed1ng nh\u01b0 h\u1ea7u h\u1ebft c\u00e1c trang web chuy\u00ean nghi\u1ec7p, <strong>AIRSANG<\/strong> s\u1eed d\u1ee5ng c\u1ea3 hai <strong>b\u00ean th\u1ee9 nh\u1ea5t<\/strong> V\u00e0 <strong>cookie c\u1ee7a b\u00ean th\u1ee9 ba<\/strong> V\u1edbi nhi\u1ec1u m\u1ee5c \u0111\u00edch kh\u00e1c nhau.<\/p>\n\n\n\n<ul class=\"wp-block-list\">\n<li><strong>Cookie c\u1ee7a b\u00ean th\u1ee9 nh\u1ea5t<\/strong> Nh\u1eefng cookie n\u00e0y r\u1ea5t c\u1ea7n thi\u1ebft cho ho\u1ea1t \u0111\u1ed9ng ch\u00ednh x\u00e1c c\u1ee7a trang web v\u00e0 kh\u00f4ng thu th\u1eadp b\u1ea5t k\u1ef3 th\u00f4ng tin nh\u1eadn d\u1ea1ng c\u00e1 nh\u00e2n n\u00e0o.<\/li>\n\n\n\n<li><strong>Cookie c\u1ee7a b\u00ean th\u1ee9 ba<\/strong> C\u00e1c cookie n\u00e0y gi\u00fap ch\u00fang t\u00f4i hi\u1ec3u c\u00e1ch kh\u00e1ch truy c\u1eadp t\u01b0\u01a1ng t\u00e1c v\u1edbi trang web, ph\u00e2n t\u00edch hi\u1ec7u su\u1ea5t, duy tr\u00ec b\u1ea3o m\u1eadt, cung c\u1ea5p qu\u1ea3ng c\u00e1o ph\u00f9 h\u1ee3p v\u00e0 c\u1ea3i thi\u1ec7n tr\u1ea3i nghi\u1ec7m ng\u01b0\u1eddi d\u00f9ng t\u1ed5ng th\u1ec3. Ch\u00fang c\u0169ng gi\u00fap t\u0103ng t\u1ed1c \u0111\u1ed9 t\u01b0\u01a1ng t\u00e1c trong t\u01b0\u01a1ng lai v\u1edbi trang web c\u1ee7a ch\u00fang t\u00f4i.<\/li>\n<\/ul>\n\n\n\n<hr class=\"wp-block-separator has-alpha-channel-opacity\"\/>\n\n\n\n<h3 class=\"wp-block-heading\">C\u00e1c lo\u1ea1i cookie ch\u00fang t\u00f4i s\u1eed d\u1ee5ng<\/h3>\n\n\n\n<h4 class=\"wp-block-heading\">1. Cookie c\u1ea7n thi\u1ebft<\/h4>\n\n\n\n<p>C\u00e1c cookie c\u1ea7n thi\u1ebft l\u00e0 b\u1eaft bu\u1ed9c \u0111\u1ec3 k\u00edch ho\u1ea1t c\u00e1c ch\u1ee9c n\u0103ng c\u01a1 b\u1ea3n c\u1ee7a trang web, ch\u1eb3ng h\u1ea1n nh\u01b0 truy c\u1eadp an to\u00e0n v\u00e0 qu\u1ea3n l\u00fd s\u1ef1 \u0111\u1ed3ng \u00fd. Nh\u1eefng cookie n\u00e0y th\u1ef1c hi\u1ec7n c\u00e1c ch\u1ee9c n\u0103ng \u0111\u00f3. <strong>kh\u00f4ng<\/strong> L\u01b0u tr\u1eef b\u1ea5t k\u1ef3 th\u00f4ng tin nh\u1eadn d\u1ea1ng c\u00e1 nh\u00e2n n\u00e0o.<\/p>\n\n\n\n<p>V\u00ed d\u1ee5 bao g\u1ed3m:<\/p>\n\n\n\n<ul class=\"wp-block-list\">\n<li>cookie qu\u1ea3n l\u00fd phi\u00ean<\/li>\n\n\n\n<li>Cookie t\u00f9y ch\u1ecdn \u0111\u1ed3ng \u00fd<\/li>\n\n\n\n<li>Cookie b\u1ea3o m\u1eadt v\u00e0 ch\u1ed1ng bot (v\u00ed d\u1ee5: reCAPTCHA)<\/li>\n<\/ul>\n\n\n\n<hr class=\"wp-block-separator has-alpha-channel-opacity\"\/>\n\n\n\n<h4 class=\"wp-block-heading\">2. Cookie ch\u1ee9c n\u0103ng<\/h4>\n\n\n\n<p>Cookie ch\u1ee9c n\u0103ng cho ph\u00e9p trang web ghi nh\u1edb l\u1ef1a ch\u1ecdn c\u1ee7a ng\u01b0\u1eddi d\u00f9ng v\u00e0 k\u00edch ho\u1ea1t c\u00e1c t\u00ednh n\u0103ng n\u00e2ng cao, ch\u1eb3ng h\u1ea1n nh\u01b0:<\/p>\n\n\n\n<ul class=\"wp-block-list\">\n<li>Chia s\u1ebb tr\u00ean m\u1ea1ng x\u00e3 h\u1ed9i<\/li>\n\n\n\n<li>Ph\u00e1t l\u1ea1i video nh\u00fang (v\u00ed d\u1ee5: YouTube)<\/li>\n\n\n\n<li>Ng\u00f4n ng\u1eef v\u00e0 s\u1edf th\u00edch khu v\u1ef1c<\/li>\n<\/ul>\n\n\n\n<p>C\u00e1c cookie n\u00e0y gi\u00fap c\u1ea3i thi\u1ec7n tr\u1ea3i nghi\u1ec7m ng\u01b0\u1eddi d\u00f9ng nh\u01b0ng kh\u00f4ng b\u1eaft bu\u1ed9c \u0111\u1ed1i v\u1edbi ch\u1ee9c n\u0103ng c\u1ed1t l\u00f5i c\u1ee7a trang web.<\/p>\n\n\n\n<hr class=\"wp-block-separator has-alpha-channel-opacity\"\/>\n\n\n\n<h4 class=\"wp-block-heading\">3. Cookie ph\u00e2n t\u00edch<\/h4>\n\n\n\n<p>Cookie ph\u00e2n t\u00edch gi\u00fap ch\u00fang t\u00f4i hi\u1ec3u c\u00e1ch kh\u00e1ch truy c\u1eadp s\u1eed d\u1ee5ng trang web AIRSANG. Ch\u00fang cung c\u1ea5p nh\u1eefng th\u00f4ng tin chi ti\u1ebft nh\u01b0:<\/p>\n\n\n\n<ul class=\"wp-block-list\">\n<li>S\u1ed1 l\u01b0\u1ee3ng kh\u00e1ch tham quan<\/li>\n\n\n\n<li>Ngu\u1ed3n l\u01b0u l\u01b0\u1ee3ng giao th\u00f4ng<\/li>\n\n\n\n<li>C\u00e1c trang \u0111\u00e3 truy c\u1eadp<\/li>\n\n\n\n<li>M\u00f4 h\u00ecnh h\u00e0nh vi ng\u01b0\u1eddi d\u00f9ng<\/li>\n<\/ul>\n\n\n\n<p>D\u1eef li\u1ec7u n\u00e0y \u0111\u01b0\u1ee3c thu th\u1eadp d\u01b0\u1edbi d\u1ea1ng t\u1ed5ng h\u1ee3p v\u00e0 \u1ea9n danh, v\u00e0 ch\u1ec9 \u0111\u01b0\u1ee3c s\u1eed d\u1ee5ng \u0111\u1ec3 c\u1ea3i thi\u1ec7n hi\u1ec7u su\u1ea5t trang web v\u00e0 tr\u1ea3i nghi\u1ec7m ng\u01b0\u1eddi d\u00f9ng.<\/p>\n\n\n\n<p>C\u00e1c c\u00f4ng c\u1ee5 c\u00f3 th\u1ec3 bao g\u1ed3m c\u00e1c d\u1ecbch v\u1ee5 nh\u01b0 Google Analytics v\u00e0 Microsoft Clarity.<\/p>\n\n\n\n<hr class=\"wp-block-separator has-alpha-channel-opacity\"\/>\n\n\n\n<h4 class=\"wp-block-heading\">4. Cookie hi\u1ec7u n\u0103ng<\/h4>\n\n\n\n<p>Cookie hi\u1ec7u n\u0103ng gi\u00fap \u0111o l\u01b0\u1eddng v\u00e0 t\u1ed1i \u01b0u h\u00f3a t\u1ed1c \u0111\u1ed9, \u0111\u1ed9 \u1ed5n \u0111\u1ecbnh v\u00e0 kh\u1ea3 n\u0103ng ph\u1ea3n h\u1ed3i c\u1ee7a trang web. Ch\u00fang cho ph\u00e9p ch\u00fang t\u00f4i x\u00e1c \u0111\u1ecbnh c\u00e1c v\u1ea5n \u0111\u1ec1 k\u1ef9 thu\u1eadt v\u00e0 c\u1ea3i thi\u1ec7n hi\u1ec7u qu\u1ea3 t\u1ed5ng th\u1ec3 c\u1ee7a trang web.<\/p>\n\n\n\n<hr class=\"wp-block-separator has-alpha-channel-opacity\"\/>\n\n\n\n<h4 class=\"wp-block-heading\">5. Cookie qu\u1ea3ng c\u00e1o<\/h4>\n\n\n\n<p>Cookie qu\u1ea3ng c\u00e1o \u0111\u01b0\u1ee3c s\u1eed d\u1ee5ng \u0111\u1ec3 hi\u1ec3n th\u1ecb qu\u1ea3ng c\u00e1o ph\u00f9 h\u1ee3p v\u1edbi b\u1ea1n v\u00e0 \u0111o l\u01b0\u1eddng hi\u1ec7u qu\u1ea3 c\u1ee7a c\u00e1c chi\u1ebfn d\u1ecbch ti\u1ebfp th\u1ecb. C\u00e1c cookie n\u00e0y c\u00f3 th\u1ec3 theo d\u00f5i ho\u1ea1t \u0111\u1ed9ng duy\u1ec7t web c\u1ee7a b\u1ea1n tr\u00ean c\u00e1c trang web \u0111\u1ec3 hi\u1ec3n th\u1ecb qu\u1ea3ng c\u00e1o \u0111\u01b0\u1ee3c c\u00e1 nh\u00e2n h\u00f3a tr\u00ean c\u00e1c n\u1ec1n t\u1ea3ng nh\u01b0 Google, Facebook, LinkedIn, Pinterest ho\u1eb7c Bing.<\/p>\n\n\n\n<hr class=\"wp-block-separator has-alpha-channel-opacity\"\/>\n\n\n\n<h4 class=\"wp-block-heading\">6. Cookie ch\u01b0a \u0111\u01b0\u1ee3c ph\u00e2n lo\u1ea1i<\/h4>\n\n\n\n<p>M\u1ed9t s\u1ed1 cookie c\u00f3 th\u1ec3 ch\u01b0a \u0111\u01b0\u1ee3c ph\u00e2n lo\u1ea1i v\u00e0o m\u1ed9t danh m\u1ee5c c\u1ee5 th\u1ec3 n\u00e0o. C\u00e1c cookie n\u00e0y \u0111ang \u0111\u01b0\u1ee3c xem x\u00e9t v\u00e0 s\u1ebd \u0111\u01b0\u1ee3c ph\u00e2n lo\u1ea1i trong th\u1eddi gian s\u1edbm nh\u1ea5t.<\/p>\n\n\n\n<hr class=\"wp-block-separator has-alpha-channel-opacity\"\/>\n\n\n\n<h3 class=\"wp-block-heading\">Qu\u1ea3n l\u00fd t\u00f9y ch\u1ecdn cookie c\u1ee7a b\u1ea1n<\/h3>\n\n\n\n<p>B\u1ea1n c\u00f3 th\u1ec3 qu\u1ea3n l\u00fd ho\u1eb7c thay \u0111\u1ed5i t\u00f9y ch\u1ecdn cookie c\u1ee7a m\u00ecnh b\u1ea5t c\u1ee9 l\u00fac n\u00e0o b\u1eb1ng c\u00e1ch nh\u1ea5p v\u00e0o bi\u1ec3u t\u01b0\u1ee3ng. <strong>\u201cC\u00e0i \u0111\u1eb7t Cookie\u201d<\/strong> n\u00fat n\u00e0y tr\u00ean trang web c\u1ee7a ch\u00fang t\u00f4i. \u0110i\u1ec1u n\u00e0y cho ph\u00e9p b\u1ea1n:<\/p>\n\n\n\n<ul class=\"wp-block-list\">\n<li>Xem l\u1ea1i c\u00e1c l\u1ef1a ch\u1ecdn \u0111\u1ed3ng \u00fd c\u1ee7a b\u1ea1n<\/li>\n\n\n\n<li>Ch\u1ec9nh s\u1eeda t\u00f9y ch\u1ecdn<\/li>\n\n\n\n<li>B\u1ea1n c\u00f3 th\u1ec3 r\u00fat l\u1ea1i s\u1ef1 \u0111\u1ed3ng \u00fd b\u1ea5t c\u1ee9 l\u00fac n\u00e0o.<\/li>\n<\/ul>\n\n\n\n<p>Ngo\u00e0i ra, h\u1ea7u h\u1ebft c\u00e1c tr\u00ecnh duy\u1ec7t web cho ph\u00e9p b\u1ea1n ki\u1ec3m so\u00e1t cookie th\u00f4ng qua c\u00e0i \u0111\u1eb7t c\u1ee7a ch\u00fang. B\u1ea1n c\u00f3 th\u1ec3 ch\u1eb7n ho\u1eb7c x\u00f3a cookie b\u1eb1ng c\u00e1ch \u0111i\u1ec1u ch\u1ec9nh t\u00f9y ch\u1ecdn tr\u00ecnh duy\u1ec7t c\u1ee7a m\u00ecnh.<\/p>\n\n\n\n<p>C\u00e1c ngu\u1ed3n t\u00e0i li\u1ec7u h\u1eefu \u00edch \u0111\u1ec3 qu\u1ea3n l\u00fd cookie:<\/p>\n\n\n\n<ul class=\"wp-block-list\">\n<li><strong>Chrome<\/strong> \u2013 H\u1ed7 tr\u1ee3 c\u1ee7a Google<\/li>\n\n\n\n<li><strong>Cu\u1ed9c \u0111i s\u0103n<\/strong> \u2013 H\u1ed7 tr\u1ee3 c\u1ee7a Apple<\/li>\n\n\n\n<li><strong>Firefox<\/strong> \u2013 H\u1ed7 tr\u1ee3 Mozilla<\/li>\n\n\n\n<li><strong>Internet Explorer \/ Edge<\/strong> \u2013 H\u1ed7 tr\u1ee3 c\u1ee7a Microsoft<\/li>\n<\/ul>\n\n\n\n<p>N\u1ebfu b\u1ea1n \u0111ang s\u1eed d\u1ee5ng tr\u00ecnh duy\u1ec7t kh\u00e1c, vui l\u00f2ng tham kh\u1ea3o t\u00e0i li\u1ec7u h\u1ed7 tr\u1ee3 ch\u00ednh th\u1ee9c c\u1ee7a tr\u00ecnh duy\u1ec7t \u0111\u00f3.<\/p>\n\n\n\n<hr class=\"wp-block-separator has-alpha-channel-opacity\"\/>\n\n\n\n<h3 class=\"wp-block-heading\">Li\u00ean h\u1ec7 v\u1edbi ch\u00fang t\u00f4i<\/h3>\n\n\n\n<p>N\u1ebfu b\u1ea1n c\u00f3 b\u1ea5t k\u1ef3 c\u00e2u h\u1ecfi n\u00e0o v\u1ec1 Ch\u00ednh s\u00e1ch Cookie n\u00e0y ho\u1eb7c c\u00e1ch AIRSANG s\u1eed d\u1ee5ng cookie, vui l\u00f2ng li\u00ean h\u1ec7 v\u1edbi ch\u00fang t\u00f4i qua trang web c\u1ee7a ch\u00fang t\u00f4i.<\/p>","protected":false},"excerpt":{"rendered":"<p>What Are Cookies? This Cookie Policy explains what cookies are, how AIRSANG uses them, the types of cookies we use, the information we collect through&#8230;<\/p>","protected":false},"author":1,"featured_media":0,"parent":0,"menu_order":0,"comment_status":"closed","ping_status":"closed","template":"","meta":{"footnotes":""},"class_list":["post-2","page","type-page","status-publish","hentry"],"_links":{"self":[{"href":"https:\/\/www.airsang.com\/vi\/wp-json\/wp\/v2\/pages\/2","targetHints":{"allow":["GET"]}}],"collection":[{"href":"https:\/\/www.airsang.com\/vi\/wp-json\/wp\/v2\/pages"}],"about":[{"href":"https:\/\/www.airsang.com\/vi\/wp-json\/wp\/v2\/types\/page"}],"author":[{"embeddable":true,"href":"https:\/\/www.airsang.com\/vi\/wp-json\/wp\/v2\/users\/1"}],"replies":[{"embeddable":true,"href":"https:\/\/www.airsang.com\/vi\/wp-json\/wp\/v2\/comments?post=2"}],"version-history":[{"count":0,"href":"https:\/\/www.airsang.com\/vi\/wp-json\/wp\/v2\/pages\/2\/revisions"}],"wp:attachment":[{"href":"https:\/\/www.airsang.com\/vi\/wp-json\/wp\/v2\/media?parent=2"}],"curies":[{"name":"wp","href":"https:\/\/api.w.org\/{rel}","templated":true}]}}