{"id":12,"date":"2025-12-12T09:04:13","date_gmt":"2025-12-12T09:04:13","guid":{"rendered":"https:\/\/www.airsang.com\/?page_id=12"},"modified":"2025-12-17T14:47:28","modified_gmt":"2025-12-17T14:47:28","slug":"dieu-khoan-su-dung","status":"publish","type":"page","link":"https:\/\/www.airsang.com\/vi\/dieu-khoan-su-dung\/","title":{"rendered":"\u0110i\u1ec1u kho\u1ea3n s\u1eed d\u1ee5ng"},"content":{"rendered":"<p>C\u00e1c \u0110i\u1ec1u kho\u1ea3n S\u1eed d\u1ee5ng n\u00e0y \u0111i\u1ec1u ch\u1ec9nh vi\u1ec7c b\u1ea1n truy c\u1eadp v\u00e0 s\u1eed d\u1ee5ng trang web AIRSANG. B\u1eb1ng c\u00e1ch truy c\u1eadp ho\u1eb7c s\u1eed d\u1ee5ng trang web n\u00e0y, b\u1ea1n \u0111\u1ed3ng \u00fd b\u1ecb r\u00e0ng bu\u1ed9c b\u1edfi c\u00e1c \u0110i\u1ec1u kho\u1ea3n S\u1eed d\u1ee5ng n\u00e0y v\u00e0 Ch\u00ednh s\u00e1ch B\u1ea3o m\u1eadt c\u1ee7a ch\u00fang t\u00f4i. N\u1ebfu b\u1ea1n kh\u00f4ng \u0111\u1ed3ng \u00fd, vui l\u00f2ng kh\u00f4ng s\u1eed d\u1ee5ng trang web n\u00e0y.<\/p>\n\n\n\n<hr class=\"wp-block-separator has-alpha-channel-opacity\"\/>\n\n\n\n<h2 class=\"wp-block-heading\">Gi\u1edbi thi\u1ec7u<\/h2>\n\n\n\n<p>Ch\u00e0o m\u1eebng \u0111\u1ebfn v\u1edbi <strong>AIRSANG<\/strong> (\u201cAIRSANG,\u201d \u201cch\u00fang t\u00f4i,\u201d ho\u1eb7c \u201cc\u1ee7a ch\u00fang t\u00f4i\u201d). Trang web n\u00e0y (sau \u0111\u00e2y g\u1ecdi l\u00e0 \u201cTrang web\u201d) thu\u1ed9c s\u1edf h\u1eefu v\u00e0 \u0111\u01b0\u1ee3c v\u1eadn h\u00e0nh b\u1edfi AIRSANG. C\u00e1c \u0110i\u1ec1u kho\u1ea3n S\u1eed d\u1ee5ng n\u00e0y (\u201cTh\u1ecfa thu\u1eadn\u201d) \u0111i\u1ec1u ch\u1ec9nh vi\u1ec7c b\u1ea1n truy c\u1eadp v\u00e0 s\u1eed d\u1ee5ng Trang web, bao g\u1ed3m b\u1ea5t k\u1ef3 n\u1ed9i dung, ch\u1ee9c n\u0103ng v\u00e0 d\u1ecbch v\u1ee5 n\u00e0o \u0111\u01b0\u1ee3c cung c\u1ea5p.<\/p>\n\n\n\n<p>AIRSANG c\u00f3 quy\u1ec1n c\u1eadp nh\u1eadt ho\u1eb7c s\u1eeda \u0111\u1ed5i Th\u1ecfa thu\u1eadn n\u00e0y b\u1ea5t c\u1ee9 l\u00fac n\u00e0o m\u00e0 kh\u00f4ng c\u1ea7n th\u00f4ng b\u00e1o tr\u01b0\u1edbc. Vi\u1ec7c b\u1ea1n ti\u1ebfp t\u1ee5c s\u1eed d\u1ee5ng Trang web sau b\u1ea5t k\u1ef3 thay \u0111\u1ed5i n\u00e0o \u0111\u1ed3ng ngh\u0129a v\u1edbi vi\u1ec7c b\u1ea1n ch\u1ea5p nh\u1eadn Th\u1ecfa thu\u1eadn \u0111\u00e3 \u0111\u01b0\u1ee3c s\u1eeda \u0111\u1ed5i. B\u1ea1n n\u00ean xem l\u1ea1i Th\u1ecfa thu\u1eadn n\u00e0y \u0111\u1ecbnh k\u1ef3.<\/p>\n\n\n\n<hr class=\"wp-block-separator has-alpha-channel-opacity\"\/>\n\n\n\n<h2 class=\"wp-block-heading\">Ch\u1ea5p thu\u1eadn Th\u1ecfa thu\u1eadn<\/h2>\n\n\n\n<p>B\u1eb1ng c\u00e1ch s\u1eed d\u1ee5ng Trang web n\u00e0y, b\u1ea1n th\u1eeba nh\u1eadn r\u1eb1ng b\u1ea1n \u0111\u00e3 \u0111\u1ecdc, hi\u1ec3u v\u00e0 \u0111\u1ed3ng \u00fd b\u1ecb r\u00e0ng bu\u1ed9c b\u1edfi Th\u1ecfa thu\u1eadn n\u00e0y. Th\u1ecfa thu\u1eadn n\u00e0y c\u1ea5u th\u00e0nh to\u00e0n b\u1ed9 th\u1ecfa thu\u1eadn gi\u1eefa b\u1ea1n v\u00e0 AIRSANG li\u00ean quan \u0111\u1ebfn vi\u1ec7c s\u1eed d\u1ee5ng Trang web v\u00e0 thay th\u1ebf t\u1ea5t c\u1ea3 c\u00e1c th\u1ecfa thu\u1eadn ho\u1eb7c hi\u1ec3u bi\u1ebft tr\u01b0\u1edbc \u0111\u00f3.<\/p>\n\n\n\n<hr class=\"wp-block-separator has-alpha-channel-opacity\"\/>\n\n\n\n<h2 class=\"wp-block-heading\">\u0110i\u1ec1u ki\u1ec7n \u0111\u1ec3 \u0111\u01b0\u1ee3c s\u1eed d\u1ee5ng<\/h2>\n\n\n\n<p>Trang web n\u00e0y d\u00e0nh cho nh\u1eefng c\u00e1 nh\u00e2n t\u1eeb \u0111\u1ed9 tu\u1ed5i nh\u1ea5t \u0111\u1ecbnh tr\u1edf l\u00ean. <strong>18 tu\u1ed5i<\/strong> v\u00e0 d\u00e0nh cho c\u00e1c doanh nghi\u1ec7p c\u00f3 kh\u1ea3 n\u0103ng l\u1eadp c\u00e1c h\u1ee3p \u0111\u1ed3ng r\u00e0ng bu\u1ed9c ph\u00e1p l\u00fd. B\u1eb1ng c\u00e1ch s\u1eed d\u1ee5ng Trang web n\u00e0y, b\u1ea1n tuy\u00ean b\u1ed1 v\u00e0 \u0111\u1ea3m b\u1ea3o r\u1eb1ng b\u1ea1n \u0111\u00e1p \u1ee9ng c\u00e1c y\u00eau c\u1ea7u v\u1ec1 \u0111i\u1ec1u ki\u1ec7n s\u1eed d\u1ee5ng n\u00e0y.<\/p>\n\n\n\n<p>Ch\u00fang t\u00f4i c\u00f3 quy\u1ec1n h\u1ea1n ch\u1ebf, t\u1ea1m ng\u1eebng ho\u1eb7c ch\u1ea5m d\u1ee9t quy\u1ec1n truy c\u1eadp v\u00e0o Trang web b\u1ea5t c\u1ee9 l\u00fac n\u00e0o, v\u00ec b\u1ea5t k\u1ef3 l\u00fd do g\u00ec, theo quy\u1ebft \u0111\u1ecbnh ri\u00eang c\u1ee7a ch\u00fang t\u00f4i v\u00e0 kh\u00f4ng c\u1ea7n b\u00e1o tr\u01b0\u1edbc.<\/p>\n\n\n\n<hr class=\"wp-block-separator has-alpha-channel-opacity\"\/>\n\n\n\n<h2 class=\"wp-block-heading\">D\u1ecbch v\u1ee5, N\u1ed9i dung v\u00e0 Th\u00f4ng tin<\/h2>\n\n\n\n<p>Trang web n\u00e0y cung c\u1ea5p th\u00f4ng tin v\u1ec1 c\u00e1c d\u1ecbch v\u1ee5 c\u1ee7a AIRSANG, bao g\u1ed3m nh\u01b0ng kh\u00f4ng gi\u1edbi h\u1ea1n \u1edf thi\u1ebft k\u1ebf website, gi\u1ea3i ph\u00e1p th\u01b0\u01a1ng m\u1ea1i \u0111i\u1ec7n t\u1eed, thi\u1ebft k\u1ebf nh\u1eadn di\u1ec7n th\u01b0\u01a1ng hi\u1ec7u v\u00e0 d\u1ecbch v\u1ee5 k\u1ef9 thu\u1eadt s\u1ed1. T\u1ea5t c\u1ea3 n\u1ed9i dung tr\u00ean trang web n\u00e0y \u0111\u01b0\u1ee3c cung c\u1ea5p cho m\u1ee5c \u0111\u00edch tham kh\u1ea3o. <strong>Ch\u1ec9 mang t\u00ednh ch\u1ea5t th\u00f4ng tin v\u00e0 minh h\u1ecda.<\/strong> v\u00e0 kh\u00f4ng c\u1ea5u th\u00e0nh m\u1ed9t l\u1eddi \u0111\u1ec1 ngh\u1ecb r\u00e0ng bu\u1ed9c tr\u1eeb khi \u0111\u01b0\u1ee3c n\u00eau r\u00f5 r\u00e0ng trong m\u1ed9t th\u1ecfa thu\u1eadn b\u1eb1ng v\u0103n b\u1ea3n.<\/p>\n\n\n\n<p>C\u00e1c chi ti\u1ebft d\u1ecbch v\u1ee5, gi\u00e1 c\u1ea3, t\u00ecnh tr\u1ea1ng s\u1eb5n c\u00f3 v\u00e0 th\u1eddi gian th\u1ef1c hi\u1ec7n c\u00f3 th\u1ec3 thay \u0111\u1ed5i m\u00e0 kh\u00f4ng c\u1ea7n b\u00e1o tr\u01b0\u1edbc.<\/p>\n\n\n\n<hr class=\"wp-block-separator has-alpha-channel-opacity\"\/>\n\n\n\n<h2 class=\"wp-block-heading\">Quy\u1ec1n s\u1edf h\u1eefu tr\u00ed tu\u1ec7<\/h2>\n\n\n\n<p>T\u1ea5t c\u1ea3 n\u1ed9i dung tr\u00ean Trang web\u2014bao g\u1ed3m v\u0103n b\u1ea3n, \u0111\u1ed3 h\u1ecda, logo, thi\u1ebft k\u1ebf, b\u1ed1 c\u1ee5c, h\u00ecnh \u1ea3nh, video, m\u00e3 v\u00e0 ph\u1ea7n m\u1ec1m\u2014\u0111\u1ec1u l\u00e0 t\u00e0i s\u1ea3n c\u1ee7a AIRSANG ho\u1eb7c c\u00e1c b\u00ean c\u1ea5p ph\u00e9p c\u1ee7a AIRSANG v\u00e0 \u0111\u01b0\u1ee3c b\u1ea3o v\u1ec7 b\u1edfi lu\u1eadt b\u1ea3n quy\u1ec1n, nh\u00e3n hi\u1ec7u v\u00e0 s\u1edf h\u1eefu tr\u00ed tu\u1ec7 hi\u1ec7n h\u00e0nh.<\/p>\n\n\n\n<p>B\u1ea1n kh\u00f4ng \u0111\u01b0\u1ee3c ph\u00e9p sao ch\u00e9p, t\u00e1i t\u1ea1o, ph\u00e2n ph\u1ed1i, s\u1eeda \u0111\u1ed5i, hi\u1ec3n th\u1ecb, xu\u1ea5t b\u1ea3n, truy\u1ec1n t\u1ea3i ho\u1eb7c t\u1ea1o ra c\u00e1c t\u00e1c ph\u1ea9m ph\u00e1i sinh t\u1eeb b\u1ea5t k\u1ef3 ph\u1ea7n n\u00e0o c\u1ee7a Trang web m\u00e0 kh\u00f4ng c\u00f3 s\u1ef1 cho ph\u00e9p b\u1eb1ng v\u0103n b\u1ea3n tr\u01b0\u1edbc t\u1eeb AIRSANG.<\/p>\n\n\n\n<p>Vi\u1ec7c truy c\u1eadp v\u00e0o Trang web n\u00e0y kh\u00f4ng c\u1ea5p cho b\u1ea1n b\u1ea5t k\u1ef3 gi\u1ea5y ph\u00e9p ho\u1eb7c quy\u1ec1n n\u00e0o \u0111\u1ec3 s\u1eed d\u1ee5ng t\u00e0i s\u1ea3n tr\u00ed tu\u1ec7 c\u1ee7a AIRSANG.<\/p>\n\n\n\n<hr class=\"wp-block-separator has-alpha-channel-opacity\"\/>\n\n\n\n<h2 class=\"wp-block-heading\">Nh\u00e3n hi\u1ec7u<\/h2>\n\n\n\n<p>AIRSANG v\u00e0 t\u1ea5t c\u1ea3 c\u00e1c t\u00ean, logo, nh\u00e3n hi\u1ec7u d\u1ecbch v\u1ee5 v\u00e0 y\u1ebfu t\u1ed1 th\u01b0\u01a1ng hi\u1ec7u li\u00ean quan \u0111\u1ec1u l\u00e0 th\u01b0\u01a1ng hi\u1ec7u c\u1ee7a AIRSANG. T\u1ea5t c\u1ea3 c\u00e1c th\u01b0\u01a1ng hi\u1ec7u kh\u00e1c xu\u1ea5t hi\u1ec7n tr\u00ean Trang web l\u00e0 t\u00e0i s\u1ea3n c\u1ee7a ch\u1ee7 s\u1edf h\u1eefu t\u01b0\u01a1ng \u1ee9ng.<\/p>\n\n\n\n<hr class=\"wp-block-separator has-alpha-channel-opacity\"\/>\n\n\n\n<h2 class=\"wp-block-heading\">Quy\u1ec1n s\u1eed d\u1ee5ng c\u00f3 gi\u1edbi h\u1ea1n<\/h2>\n\n\n\n<p>B\u1ea1n \u0111\u01b0\u1ee3c c\u1ea5p gi\u1ea5y ph\u00e9p c\u00f3 gi\u1edbi h\u1ea1n, kh\u00f4ng \u0111\u1ed9c quy\u1ec1n, kh\u00f4ng th\u1ec3 chuy\u1ec3n nh\u01b0\u1ee3ng v\u00e0 c\u00f3 th\u1ec3 thu h\u1ed3i \u0111\u1ec3 truy c\u1eadp v\u00e0 s\u1eed d\u1ee5ng Trang web ch\u1ec9 cho m\u1ee5c \u0111\u00edch c\u00e1 nh\u00e2n ho\u1eb7c n\u1ed9i b\u1ed9 doanh nghi\u1ec7p. B\u1ea5t k\u1ef3 m\u1ee5c \u0111\u00edch s\u1eed d\u1ee5ng n\u00e0o kh\u00e1c\u2014bao g\u1ed3m khai th\u00e1c th\u01b0\u01a1ng m\u1ea1i, ph\u00e2n ph\u1ed1i l\u1ea1i ho\u1eb7c b\u00e1n l\u1ea1i\u2014\u0111\u1ec1u b\u1ecb nghi\u00eam c\u1ea5m.<\/p>\n\n\n\n<hr class=\"wp-block-separator has-alpha-channel-opacity\"\/>\n\n\n\n<h2 class=\"wp-block-heading\">B\u00e0i \u0111\u0103ng c\u1ee7a ng\u01b0\u1eddi d\u00f9ng<\/h2>\n\n\n\n<p>B\u1ea5t k\u1ef3 nh\u1eadn x\u00e9t, ph\u1ea3n h\u1ed3i, \u00fd t\u01b0\u1edfng, \u0111\u1ec1 xu\u1ea5t ho\u1eb7c t\u00e0i li\u1ec7u n\u00e0o kh\u00e1c m\u00e0 b\u1ea1n g\u1eedi cho AIRSANG th\u00f4ng qua Trang web (\u201cN\u1ed9i dung g\u1eedi\u201d) s\u1ebd \u0111\u01b0\u1ee3c coi l\u00e0 kh\u00f4ng b\u1ea3o m\u1eadt v\u00e0 tr\u1edf th\u00e0nh t\u00e0i s\u1ea3n \u0111\u1ed9c quy\u1ec1n c\u1ee7a AIRSANG.<\/p>\n\n\n\n<p>B\u1eb1ng vi\u1ec7c g\u1eedi n\u1ed9i dung, b\u1ea1n c\u1ea5p cho AIRSANG gi\u1ea5y ph\u00e9p to\u00e0n c\u1ea7u, v\u0129nh vi\u1ec5n, kh\u00f4ng th\u1ec3 h\u1ee7y b\u1ecf v\u00e0 mi\u1ec5n ph\u00ed b\u1ea3n quy\u1ec1n \u0111\u1ec3 s\u1eed d\u1ee5ng, sao ch\u00e9p, s\u1eeda \u0111\u1ed5i, xu\u1ea5t b\u1ea3n v\u00e0 ph\u00e2n ph\u1ed1i n\u1ed9i dung \u0111\u00f3 cho b\u1ea5t k\u1ef3 m\u1ee5c \u0111\u00edch h\u1ee3p ph\u00e1p n\u00e0o.<\/p>\n\n\n\n<hr class=\"wp-block-separator has-alpha-channel-opacity\"\/>\n\n\n\n<h2 class=\"wp-block-heading\">C\u00e1c ho\u1ea1t \u0111\u1ed9ng b\u1ecb c\u1ea5m v\u00e0 an ninh trang web<\/h2>\n\n\n\n<p>B\u1ea1n \u0111\u1ed3ng \u00fd kh\u00f4ng:<\/p>\n\n\n\n<ul class=\"wp-block-list\">\n<li>C\u1ed1 g\u1eafng truy c\u1eadp tr\u00e1i ph\u00e9p v\u00e0o Trang web ho\u1eb7c h\u1ec7 th\u1ed1ng c\u1ee7a Trang web.<\/li>\n\n\n\n<li>G\u00e2y gi\u00e1n \u0111o\u1ea1n ho\u1eb7c can thi\u1ec7p v\u00e0o ch\u1ee9c n\u0103ng ho\u1eb7c b\u1ea3o m\u1eadt c\u1ee7a trang web.<\/li>\n\n\n\n<li>T\u1ea3i l\u00ean m\u00e3 \u0111\u1ed9c, vi-r\u00fat ho\u1eb7c d\u1eef li\u1ec7u c\u00f3 h\u1ea1i.<\/li>\n\n\n\n<li>S\u1eed d\u1ee5ng c\u00e1c c\u00f4ng c\u1ee5 t\u1ef1 \u0111\u1ed9ng (bot, tr\u00ecnh thu th\u1eadp d\u1eef li\u1ec7u) m\u00e0 kh\u00f4ng \u0111\u01b0\u1ee3c ph\u00e9p.<\/li>\n\n\n\n<li>G\u1eedi th\u01b0 r\u00e1c, tin nh\u1eafn kh\u00f4ng \u0111\u01b0\u1ee3c y\u00eau c\u1ea7u ho\u1eb7c th\u00f4ng tin sai l\u1ec7ch.<\/li>\n<\/ul>\n\n\n\n<p>Vi ph\u1ea1m c\u00f3 th\u1ec3 d\u1eabn \u0111\u1ebfn vi\u1ec7c b\u1ecb thu h\u1ed3i quy\u1ec1n truy c\u1eadp v\u00e0 b\u1ecb kh\u1edfi ki\u1ec7n.<\/p>\n\n\n\n<hr class=\"wp-block-separator has-alpha-channel-opacity\"\/>\n\n\n\n<h2 class=\"wp-block-heading\">Li\u00ean k\u1ebft v\u00e0 d\u1ecbch v\u1ee5 c\u1ee7a b\u00ean th\u1ee9 ba<\/h2>\n\n\n\n<p>Trang web n\u00e0y c\u00f3 th\u1ec3 ch\u1ee9a c\u00e1c li\u00ean k\u1ebft \u0111\u1ebfn c\u00e1c trang web ho\u1eb7c d\u1ecbch v\u1ee5 c\u1ee7a b\u00ean th\u1ee9 ba. AIRSANG kh\u00f4ng ki\u1ec3m so\u00e1t v\u00e0 kh\u00f4ng ch\u1ecbu tr\u00e1ch nhi\u1ec7m v\u1ec1 n\u1ed9i dung, t\u00ednh ch\u00ednh x\u00e1c ho\u1eb7c c\u00e1c ho\u1ea1t \u0111\u1ed9ng c\u1ee7a b\u1ea5t k\u1ef3 trang web n\u00e0o c\u1ee7a b\u00ean th\u1ee9 ba.<\/p>\n\n\n\n<p>Vi\u1ec7c truy c\u1eadp c\u00e1c trang web c\u1ee7a b\u00ean th\u1ee9 ba l\u00e0 do b\u1ea1n t\u1ef1 ch\u1ecbu r\u1ee7i ro.<\/p>\n\n\n\n<hr class=\"wp-block-separator has-alpha-channel-opacity\"\/>\n\n\n\n<h2 class=\"wp-block-heading\">Tuy\u00ean b\u1ed1 mi\u1ec5n tr\u1eeb tr\u00e1ch nhi\u1ec7m<\/h2>\n\n\n\n<p>TRANG WEB V\u00c0 T\u1ea4T C\u1ea2 N\u1ed8I DUNG V\u00c0 D\u1ecaCH V\u1ee4 \u0110\u01af\u1ee2C CUNG C\u1ea4P B\u1edeI <strong>\u201cNGUY\u00caN TR\u1ea0NG\u201d V\u00c0 \u201cS\u1eb4N C\u00d3\u201d<\/strong>, KH\u00d4NG C\u00d3 B\u1ea2O \u0110\u1ea2M N\u00c0O, D\u00d9 R\u00d5 R\u00c0NG HAY NG\u1ea6M HI\u1ec2U.<\/p>\n\n\n\n<p>AIRSANG KH\u00d4NG CH\u1ecaU TR\u00c1CH NHI\u1ec6M V\u1ec0 B\u1ea4T K\u1ef2 B\u1ea2O H\u00c0NH N\u00c0O, BAO G\u1ed2M NH\u01afNG KH\u00d4NG GI\u1edaI H\u1ea0N \u1ede KH\u1ea2 N\u0102NG TH\u01af\u01a0NG M\u1ea0I, S\u1ef0 PH\u00d9 H\u1ee2P CHO M\u1ee4C \u0110\u00cdCH C\u1ee4 TH\u1ec2 V\u00c0 KH\u00d4NG VI PH\u1ea0M B\u1ea2N QUY\u1ec0N.<\/p>\n\n\n\n<hr class=\"wp-block-separator has-alpha-channel-opacity\"\/>\n\n\n\n<h2 class=\"wp-block-heading\">Gi\u1edbi h\u1ea1n tr\u00e1ch nhi\u1ec7m<\/h2>\n\n\n\n<p>TRONG PH\u1ea0M VI T\u1ed0I \u0110A CHO PH\u00c9P THEO LU\u1eacT, AIRSANG S\u1ebc KH\u00d4NG CH\u1ecaU TR\u00c1CH NHI\u1ec6M \u0110\u1ed0I V\u1edaI B\u1ea4T K\u1ef2 THI\u1ec6T H\u1ea0I TR\u1ef0C TI\u1ebeP, GI\u00c1N TI\u1ebeP, NG\u1eaaN NHI\u00caN, H\u1eacU QU\u1ea2 HO\u1eb6C \u0110\u1eb6C BI\u1ec6T N\u00c0O PH\u00c1T SINH T\u1eea HO\u1eb6C LI\u00caN QUAN \u0110\u1ebeN VI\u1ec6C B\u1ea0N S\u1eec D\u1ee4NG HO\u1eb6C KH\u00d4NG TH\u1ec2 S\u1eec D\u1ee4NG TRANG WEB N\u00c0Y.<\/p>\n\n\n\n<hr class=\"wp-block-separator has-alpha-channel-opacity\"\/>\n\n\n\n<h2 class=\"wp-block-heading\">B\u1ed3i th\u01b0\u1eddng<\/h2>\n\n\n\n<p>B\u1ea1n \u0111\u1ed3ng \u00fd b\u1ed3i th\u01b0\u1eddng, b\u1ea3o v\u1ec7 v\u00e0 gi\u1eef cho AIRSANG v\u00e0 c\u00e1c c\u00f4ng ty li\u00ean k\u1ebft, c\u00e1n b\u1ed9, nh\u00e2n vi\u00ean v\u00e0 \u0111\u1ed1i t\u00e1c c\u1ee7a AIRSANG kh\u00f4ng b\u1ecb t\u1ed5n h\u1ea1i tr\u01b0\u1edbc b\u1ea5t k\u1ef3 khi\u1ebfu n\u1ea1i, thi\u1ec7t h\u1ea1i, t\u1ed5n th\u1ea5t ho\u1eb7c chi ph\u00ed n\u00e0o ph\u00e1t sinh t\u1eeb vi\u1ec7c b\u1ea1n vi ph\u1ea1m Th\u1ecfa thu\u1eadn n\u00e0y ho\u1eb7c s\u1eed d\u1ee5ng sai m\u1ee5c \u0111\u00edch Trang web.<\/p>\n\n\n\n<hr class=\"wp-block-separator has-alpha-channel-opacity\"\/>\n\n\n\n<h2 class=\"wp-block-heading\">Ch\u1ea5m d\u1ee9t<\/h2>\n\n\n\n<p>Th\u1ecfa thu\u1eadn n\u00e0y v\u1eabn c\u00f3 hi\u1ec7u l\u1ef1c cho \u0111\u1ebfn khi b\u1ecb ch\u1ea5m d\u1ee9t. AIRSANG c\u00f3 th\u1ec3 ch\u1ea5m d\u1ee9t ho\u1eb7c t\u1ea1m ng\u1eebng quy\u1ec1n truy c\u1eadp c\u1ee7a b\u1ea1n b\u1ea5t c\u1ee9 l\u00fac n\u00e0o m\u00e0 kh\u00f4ng c\u1ea7n b\u00e1o tr\u01b0\u1edbc n\u1ebfu b\u1ea1n vi ph\u1ea1m c\u00e1c \u0110i\u1ec1u kho\u1ea3n n\u00e0y. Khi ch\u1ea5m d\u1ee9t, t\u1ea5t c\u1ea3 c\u00e1c quy\u1ec1n \u0111\u01b0\u1ee3c c\u1ea5p cho b\u1ea1n theo Th\u1ecfa thu\u1eadn n\u00e0y s\u1ebd ch\u1ea5m d\u1ee9t ngay l\u1eadp t\u1ee9c.<\/p>\n\n\n\n<hr class=\"wp-block-separator has-alpha-channel-opacity\"\/>\n\n\n\n<h2 class=\"wp-block-heading\">Lu\u1eadt \u0111i\u1ec1u ch\u1ec9nh<\/h2>\n\n\n\n<p>Th\u1ecfa thu\u1eadn n\u00e0y s\u1ebd \u0111\u01b0\u1ee3c \u0111i\u1ec1u ch\u1ec9nh v\u00e0 gi\u1ea3i th\u00edch theo lu\u1eadt hi\u1ec7n h\u00e0nh, kh\u00f4ng x\u00e9t \u0111\u1ebfn c\u00e1c nguy\u00ean t\u1eafc xung \u0111\u1ed9t ph\u00e1p lu\u1eadt.<\/p>\n\n\n\n<hr class=\"wp-block-separator has-alpha-channel-opacity\"\/>\n\n\n\n<h2 class=\"wp-block-heading\">Kh\u00f4ng c\u00f3 quan h\u1ec7 \u0111\u1ea1i l\u00fd<\/h2>\n\n\n\n<p>Kh\u00f4ng c\u00f3 \u0111i\u1ec1u kho\u1ea3n n\u00e0o trong Th\u1ecfa thu\u1eadn n\u00e0y t\u1ea1o ra b\u1ea5t k\u1ef3 m\u1ed1i quan h\u1ec7 \u0111\u1ed1i t\u00e1c, li\u00ean doanh, vi\u1ec7c l\u00e0m ho\u1eb7c \u0111\u1ea1i l\u00fd n\u00e0o gi\u1eefa b\u1ea1n v\u00e0 AIRSANG.<\/p>\n\n\n\n<hr class=\"wp-block-separator has-alpha-channel-opacity\"\/>\n\n\n\n<h2 class=\"wp-block-heading\">Th\u00f4ng tin li\u00ean h\u1ec7<\/h2>\n\n\n\n<p>N\u1ebfu b\u1ea1n c\u00f3 b\u1ea5t k\u1ef3 th\u1eafc m\u1eafc n\u00e0o v\u1ec1 \u0110i\u1ec1u kho\u1ea3n s\u1eed d\u1ee5ng n\u00e0y, vui l\u00f2ng li\u00ean h\u1ec7 v\u1edbi ch\u00fang t\u00f4i qua trang web ch\u00ednh th\u1ee9c c\u1ee7a ch\u00fang t\u00f4i.<\/p>","protected":false},"excerpt":{"rendered":"<p>These Terms of Use govern your access to and use of the AIRSANG website. By accessing or using this site, you agree to be bound&#8230;<\/p>","protected":false},"author":1,"featured_media":0,"parent":0,"menu_order":0,"comment_status":"closed","ping_status":"closed","template":"","meta":{"footnotes":""},"class_list":["post-12","page","type-page","status-publish","hentry"],"_links":{"self":[{"href":"https:\/\/www.airsang.com\/vi\/wp-json\/wp\/v2\/pages\/12","targetHints":{"allow":["GET"]}}],"collection":[{"href":"https:\/\/www.airsang.com\/vi\/wp-json\/wp\/v2\/pages"}],"about":[{"href":"https:\/\/www.airsang.com\/vi\/wp-json\/wp\/v2\/types\/page"}],"author":[{"embeddable":true,"href":"https:\/\/www.airsang.com\/vi\/wp-json\/wp\/v2\/users\/1"}],"replies":[{"embeddable":true,"href":"https:\/\/www.airsang.com\/vi\/wp-json\/wp\/v2\/comments?post=12"}],"version-history":[{"count":0,"href":"https:\/\/www.airsang.com\/vi\/wp-json\/wp\/v2\/pages\/12\/revisions"}],"wp:attachment":[{"href":"https:\/\/www.airsang.com\/vi\/wp-json\/wp\/v2\/media?parent=12"}],"curies":[{"name":"wp","href":"https:\/\/api.w.org\/{rel}","templated":true}]}}