{"id":2,"date":"2025-10-30T08:58:52","date_gmt":"2025-10-30T08:58:52","guid":{"rendered":"https:\/\/www.airsang.com\/?page_id=2"},"modified":"2025-12-17T14:22:56","modified_gmt":"2025-12-17T14:22:56","slug":"politica-de-cookies","status":"publish","type":"page","link":"https:\/\/www.airsang.com\/pt\/politica-de-cookies\/","title":{"rendered":"Pol\u00edtica de cookies"},"content":{"rendered":"<h3 class=\"wp-block-heading\">O que s\u00e3o cookies?<\/h3>\n\n\n\n<p>Esta Pol\u00edtica de Cookies explica o que s\u00e3o cookies, como a AIRSANG os utiliza, os tipos de cookies que utilizamos, as informa\u00e7\u00f5es que coletamos por meio de cookies, como essas informa\u00e7\u00f5es s\u00e3o utilizadas e como voc\u00ea pode gerenciar suas prefer\u00eancias de cookies.<\/p>\n\n\n\n<p>Os cookies s\u00e3o pequenos arquivos de texto armazenados no seu dispositivo quando voc\u00ea visita um site. Eles ajudam os sites a funcionar corretamente, melhoram a seguran\u00e7a, aprimoram a experi\u00eancia do usu\u00e1rio e fornecem informa\u00e7\u00f5es sobre o desempenho do site para que melhorias possam ser feitas.<\/p>\n\n\n\n<hr class=\"wp-block-separator has-alpha-channel-opacity\"\/>\n\n\n\n<h3 class=\"wp-block-heading\">Como usamos cookies<\/h3>\n\n\n\n<p>Assim como a maioria dos sites profissionais, <strong>AIRSANG<\/strong> usa ambos <strong>primeira parte<\/strong> e <strong>cookies de terceiros<\/strong> para diversos fins.<\/p>\n\n\n\n<ul class=\"wp-block-list\">\n<li><strong>Cookies prim\u00e1rios<\/strong> S\u00e3o essenciais para o funcionamento correto do site e n\u00e3o coletam nenhuma informa\u00e7\u00e3o pessoal identific\u00e1vel.<\/li>\n\n\n\n<li><strong>Cookies de terceiros<\/strong> Esses cookies nos ajudam a entender como os visitantes interagem com nosso site, analisar o desempenho, manter a seguran\u00e7a, exibir an\u00fancios relevantes e melhorar a experi\u00eancia geral do usu\u00e1rio. Eles tamb\u00e9m ajudam a agilizar intera\u00e7\u00f5es futuras com nosso site.<\/li>\n<\/ul>\n\n\n\n<hr class=\"wp-block-separator has-alpha-channel-opacity\"\/>\n\n\n\n<h3 class=\"wp-block-heading\">Tipos de cookies que utilizamos<\/h3>\n\n\n\n<h4 class=\"wp-block-heading\">1. Cookies Necess\u00e1rios<\/h4>\n\n\n\n<p>Os cookies necess\u00e1rios s\u00e3o essenciais para habilitar fun\u00e7\u00f5es b\u00e1sicas do site, como acesso seguro e gerenciamento de consentimento. Esses cookies <strong>n\u00e3o<\/strong> Armazenar qualquer informa\u00e7\u00e3o pessoal identific\u00e1vel.<\/p>\n\n\n\n<p>Exemplos incluem:<\/p>\n\n\n\n<ul class=\"wp-block-list\">\n<li>Cookies de gerenciamento de sess\u00e3o<\/li>\n\n\n\n<li>Cookies de prefer\u00eancia de consentimento<\/li>\n\n\n\n<li>Cookies de seguran\u00e7a e anti-bot (ex: reCAPTCHA)<\/li>\n<\/ul>\n\n\n\n<hr class=\"wp-block-separator has-alpha-channel-opacity\"\/>\n\n\n\n<h4 class=\"wp-block-heading\">2. Cookies Funcionais<\/h4>\n\n\n\n<p>Os cookies funcionais permitem que o site se lembre das escolhas do usu\u00e1rio e habilite recursos aprimorados, como:<\/p>\n\n\n\n<ul class=\"wp-block-list\">\n<li>Compartilhamento em redes sociais<\/li>\n\n\n\n<li>Reprodu\u00e7\u00e3o de v\u00eddeo incorporado (ex: YouTube)<\/li>\n\n\n\n<li>Prefer\u00eancias lingu\u00edsticas e regionais<\/li>\n<\/ul>\n\n\n\n<p>Esses cookies melhoram a usabilidade, mas n\u00e3o s\u00e3o estritamente necess\u00e1rios para o funcionamento principal do site.<\/p>\n\n\n\n<hr class=\"wp-block-separator has-alpha-channel-opacity\"\/>\n\n\n\n<h4 class=\"wp-block-heading\">3. Cookies anal\u00edticos<\/h4>\n\n\n\n<p>Os cookies anal\u00edticos ajudam-nos a compreender como os visitantes utilizam o website da AIRSANG. Fornecem informa\u00e7\u00f5es como:<\/p>\n\n\n\n<ul class=\"wp-block-list\">\n<li>N\u00famero de visitantes<\/li>\n\n\n\n<li>Fontes de tr\u00e1fego<\/li>\n\n\n\n<li>P\u00e1ginas visitadas<\/li>\n\n\n\n<li>Padr\u00f5es de comportamento do usu\u00e1rio<\/li>\n<\/ul>\n\n\n\n<p>Esses dados s\u00e3o coletados de forma agregada e an\u00f4nima e s\u00e3o usados exclusivamente para melhorar o desempenho do site e a experi\u00eancia do usu\u00e1rio.<\/p>\n\n\n\n<p>As ferramentas podem incluir servi\u00e7os como o Google Analytics e o Microsoft Clarity.<\/p>\n\n\n\n<hr class=\"wp-block-separator has-alpha-channel-opacity\"\/>\n\n\n\n<h4 class=\"wp-block-heading\">4. Cookies de desempenho<\/h4>\n\n\n\n<p>Os cookies de desempenho ajudam a medir e otimizar a velocidade, a estabilidade e a capacidade de resposta do site. Eles nos permitem identificar problemas t\u00e9cnicos e melhorar a efici\u00eancia geral do site.<\/p>\n\n\n\n<hr class=\"wp-block-separator has-alpha-channel-opacity\"\/>\n\n\n\n<h4 class=\"wp-block-heading\">5. Cookies de publicidade<\/h4>\n\n\n\n<p>Os cookies de publicidade s\u00e3o usados para exibir an\u00fancios relevantes para voc\u00ea e para medir a efic\u00e1cia das campanhas de marketing. Esses cookies podem rastrear sua atividade de navega\u00e7\u00e3o em diferentes sites para exibir an\u00fancios personalizados em plataformas como Google, Facebook, LinkedIn, Pinterest ou Bing.<\/p>\n\n\n\n<hr class=\"wp-block-separator has-alpha-channel-opacity\"\/>\n\n\n\n<h4 class=\"wp-block-heading\">6. Cookies n\u00e3o categorizados<\/h4>\n\n\n\n<p>Alguns cookies podem ainda n\u00e3o estar classificados em uma categoria espec\u00edfica. Esses cookies est\u00e3o em an\u00e1lise e ser\u00e3o categorizados assim que poss\u00edvel.<\/p>\n\n\n\n<hr class=\"wp-block-separator has-alpha-channel-opacity\"\/>\n\n\n\n<h3 class=\"wp-block-heading\">Gerenciando suas prefer\u00eancias de cookies<\/h3>\n\n\n\n<p>Voc\u00ea pode gerenciar ou alterar suas prefer\u00eancias de cookies a qualquer momento clicando em <strong>\u201cConfigura\u00e7\u00f5es de cookies\u201d<\/strong> bot\u00e3o em nosso site. Isso permite que voc\u00ea:<\/p>\n\n\n\n<ul class=\"wp-block-list\">\n<li>Reveja suas op\u00e7\u00f5es de consentimento.<\/li>\n\n\n\n<li>Modificar prefer\u00eancias<\/li>\n\n\n\n<li>Retirar o consentimento a qualquer momento.<\/li>\n<\/ul>\n\n\n\n<p>Al\u00e9m disso, a maioria dos navegadores da web permite que voc\u00ea controle os cookies por meio de suas configura\u00e7\u00f5es. Voc\u00ea pode bloquear ou excluir cookies ajustando as prefer\u00eancias do seu navegador.<\/p>\n\n\n\n<p>Recursos \u00fateis para gerenciar cookies:<\/p>\n\n\n\n<ul class=\"wp-block-list\">\n<li><strong>Cromo<\/strong> \u2013 Suporte do Google<\/li>\n\n\n\n<li><strong>Saf\u00e1ri<\/strong> \u2013 Suporte da Apple<\/li>\n\n\n\n<li><strong>Firefox<\/strong> \u2013 Suporte da Mozilla<\/li>\n\n\n\n<li><strong>Internet Explorer \/ Edge<\/strong> \u2013 Suporte da Microsoft<\/li>\n<\/ul>\n\n\n\n<p>Se voc\u00ea estiver usando outro navegador, consulte a documenta\u00e7\u00e3o de suporte oficial do mesmo.<\/p>\n\n\n\n<hr class=\"wp-block-separator has-alpha-channel-opacity\"\/>\n\n\n\n<h3 class=\"wp-block-heading\">Contactar-nos<\/h3>\n\n\n\n<p>Se tiver alguma d\u00favida sobre esta Pol\u00edtica de Cookies ou sobre como a AIRSANG utiliza cookies, entre em contato conosco atrav\u00e9s do nosso site.<\/p>","protected":false},"excerpt":{"rendered":"<p>What Are Cookies? This Cookie Policy explains what cookies are, how AIRSANG uses them, the types of cookies we use, the information we collect through&#8230;<\/p>","protected":false},"author":1,"featured_media":0,"parent":0,"menu_order":0,"comment_status":"closed","ping_status":"closed","template":"","meta":{"footnotes":""},"class_list":["post-2","page","type-page","status-publish","hentry"],"_links":{"self":[{"href":"https:\/\/www.airsang.com\/pt\/wp-json\/wp\/v2\/pages\/2","targetHints":{"allow":["GET"]}}],"collection":[{"href":"https:\/\/www.airsang.com\/pt\/wp-json\/wp\/v2\/pages"}],"about":[{"href":"https:\/\/www.airsang.com\/pt\/wp-json\/wp\/v2\/types\/page"}],"author":[{"embeddable":true,"href":"https:\/\/www.airsang.com\/pt\/wp-json\/wp\/v2\/users\/1"}],"replies":[{"embeddable":true,"href":"https:\/\/www.airsang.com\/pt\/wp-json\/wp\/v2\/comments?post=2"}],"version-history":[{"count":0,"href":"https:\/\/www.airsang.com\/pt\/wp-json\/wp\/v2\/pages\/2\/revisions"}],"wp:attachment":[{"href":"https:\/\/www.airsang.com\/pt\/wp-json\/wp\/v2\/media?parent=2"}],"curies":[{"name":"wp","href":"https:\/\/api.w.org\/{rel}","templated":true}]}}