{"id":3,"date":"2025-10-30T08:58:52","date_gmt":"2025-10-30T08:58:52","guid":{"rendered":"https:\/\/www.airsang.com\/?page_id=3"},"modified":"2025-12-12T09:28:51","modified_gmt":"2025-12-12T09:28:51","slug":"politique-de-confidentialite","status":"publish","type":"page","link":"https:\/\/www.airsang.com\/fr\/politique-de-confidentialite\/","title":{"rendered":"Politique de confidentialit\u00e9"},"content":{"rendered":"<p><\/p>\n\n\n\n<p><strong>Derni\u00e8re mise \u00e0 jour\u00a0:<\/strong> [9 juin 2024]<\/p>\n\n\n\n<p>Cette politique de confidentialit\u00e9 d\u00e9crit comment <strong>AIRSANG<\/strong> (\u201c AIRSANG \u201d, \u201c nous \u201d, \u201c notre \u201d ou \u201c nos \u201d) recueille, utilise, divulgue et prot\u00e8ge vos renseignements personnels lorsque vous visitez notre site Web ou interagissez avec lui. <a href=\"https:\/\/www.airsang.com\/fr\/\">https:\/\/www.airsang.com<\/a> (le \u201c Site \u201d).<\/p>\n\n\n\n<p>En utilisant ce site, vous acceptez la collecte et l&#039;utilisation de vos informations conform\u00e9ment \u00e0 la pr\u00e9sente politique de confidentialit\u00e9.<\/p>\n\n\n\n<hr class=\"wp-block-separator has-alpha-channel-opacity\"\/>\n\n\n\n<h2 class=\"wp-block-heading\">1. Qui sommes-nous ?<\/h2>\n\n\n\n<p>AIRSANG est un fournisseur de services de conception num\u00e9rique et de commerce \u00e9lectronique proposant la conception de sites web, la conception visuelle de marques et des services num\u00e9riques connexes.<\/p>\n\n\n\n<p>Site web: <a href=\"https:\/\/www.airsang.com\/fr\/\">https:\/\/www.airsang.com<\/a><\/p>\n\n\n\n<hr class=\"wp-block-separator has-alpha-channel-opacity\"\/>\n\n\n\n<h2 class=\"wp-block-heading\">2. Informations que nous recueillons<\/h2>\n\n\n\n<h3 class=\"wp-block-heading\">2.1 Informations que vous nous fournissez<\/h3>\n\n\n\n<p>Nous pouvons collecter les renseignements personnels que vous fournissez volontairement, y compris, mais sans s&#039;y limiter\u00a0:<\/p>\n\n\n\n<ul class=\"wp-block-list\">\n<li>Nom<\/li>\n\n\n\n<li>Adresse email<\/li>\n\n\n\n<li>URL du site Web<\/li>\n\n\n\n<li>Messages ou demandes de renseignements soumis via des formulaires<\/li>\n\n\n\n<li>Commentaires publi\u00e9s sur le site<\/li>\n\n\n\n<li>Informations du compte (si l&#039;inscription de l&#039;utilisateur est activ\u00e9e)<\/li>\n<\/ul>\n\n\n\n<hr class=\"wp-block-separator has-alpha-channel-opacity\"\/>\n\n\n\n<h3 class=\"wp-block-heading\">2.2 Informations collect\u00e9es automatiquement<\/h3>\n\n\n\n<p>Lorsque vous visitez le Site, nous pouvons collecter automatiquement\u00a0:<\/p>\n\n\n\n<ul class=\"wp-block-list\">\n<li>Adresse IP<\/li>\n\n\n\n<li>Type et version du navigateur<\/li>\n\n\n\n<li>Informations sur l&#039;appareil<\/li>\n\n\n\n<li>Pages visit\u00e9es et donn\u00e9es d&#039;interaction<\/li>\n\n\n\n<li>URL de r\u00e9f\u00e9rence<\/li>\n\n\n\n<li>Date et heure d&#039;acc\u00e8s<\/li>\n<\/ul>\n\n\n\n<p>Ces donn\u00e9es sont collect\u00e9es \u00e0 des fins d&#039;analyse, de s\u00e9curit\u00e9 et d&#039;optimisation des performances.<\/p>\n\n\n\n<hr class=\"wp-block-separator has-alpha-channel-opacity\"\/>\n\n\n\n<h2 class=\"wp-block-heading\">3. Commentaires<\/h2>\n\n\n\n<p>Lorsque les visiteurs laissent des commentaires, nous collectons les donn\u00e9es affich\u00e9es dans le formulaire de commentaires, ainsi que l&#039;adresse IP du visiteur et la cha\u00eene de l&#039;agent utilisateur de son navigateur afin de faciliter la d\u00e9tection des spams.<\/p>\n\n\n\n<p>Un hachage anonymis\u00e9 de votre adresse e-mail peut \u00eatre partag\u00e9 avec <strong>Gravatar<\/strong> service permettant de d\u00e9terminer si vous l&#039;utilisez.<br>Politique de confidentialit\u00e9 de Gravatar\u00a0: <a href=\"https:\/\/automattic.com\/privacy\/\" target=\"_blank\" rel=\"noopener\">https:\/\/automattic.com\/privacy\/<\/a><\/p>\n\n\n\n<p>Une fois approuv\u00e9s, votre commentaire et votre photo de profil pourront \u00eatre visibles publiquement.<\/p>\n\n\n\n<hr class=\"wp-block-separator has-alpha-channel-opacity\"\/>\n\n\n\n<h2 class=\"wp-block-heading\">4. T\u00e9l\u00e9chargements de m\u00e9dias<\/h2>\n\n\n\n<p>Si vous t\u00e9l\u00e9chargez des images sur le Site, veuillez \u00e9viter d&#039;y inclure des donn\u00e9es de g\u00e9olocalisation (EXIF GPS). Les visiteurs pourraient \u00eatre en mesure d&#039;extraire ces donn\u00e9es \u00e0 partir d&#039;images accessibles au public.<\/p>\n\n\n\n<hr class=\"wp-block-separator has-alpha-channel-opacity\"\/>\n\n\n\n<h2 class=\"wp-block-heading\">5. Cookies et technologies de suivi<\/h2>\n\n\n\n<p>Nous utilisons des cookies et des technologies similaires pour\u00a0:<\/p>\n\n\n\n<ul class=\"wp-block-list\">\n<li>Activer les fonctionnalit\u00e9s essentielles du site<\/li>\n\n\n\n<li>Stocker les pr\u00e9f\u00e9rences de l&#039;utilisateur<\/li>\n\n\n\n<li>Analyser le trafic et les performances du site<\/li>\n\n\n\n<li>Soutenir les efforts de marketing et de publicit\u00e9<\/li>\n<\/ul>\n\n\n\n<p>Pour plus d&#039;informations, veuillez consulter notre <strong>Politique en mati\u00e8re de cookies<\/strong>.<\/p>\n\n\n\n<hr class=\"wp-block-separator has-alpha-channel-opacity\"\/>\n\n\n\n<h2 class=\"wp-block-heading\">6. Contenu int\u00e9gr\u00e9 provenant de sites Web tiers<\/h2>\n\n\n\n<p>Notre site peut inclure du contenu int\u00e9gr\u00e9 (par exemple, des vid\u00e9os, des images, des articles). Le contenu int\u00e9gr\u00e9 provenant d&#039;autres sites web se comporte comme si vous visitiez directement ces sites.<\/p>\n\n\n\n<p>Ces sites tiers peuvent collecter des donn\u00e9es vous concernant, utiliser des cookies et suivre votre interaction avec leur contenu.<\/p>\n\n\n\n<hr class=\"wp-block-separator has-alpha-channel-opacity\"\/>\n\n\n\n<h2 class=\"wp-block-heading\">7. Comment nous utilisons vos informations<\/h2>\n\n\n\n<p>Nous utilisons les informations collect\u00e9es pour\u00a0:<\/p>\n\n\n\n<ul class=\"wp-block-list\">\n<li>Exploiter et maintenir le site<\/li>\n\n\n\n<li>R\u00e9pondre aux demandes de renseignements et aux requ\u00eates de service<\/li>\n\n\n\n<li>Am\u00e9liorer les fonctionnalit\u00e9s du site web et l&#039;exp\u00e9rience utilisateur<\/li>\n\n\n\n<li>Surveiller et analyser les habitudes d&#039;utilisation<\/li>\n\n\n\n<li>Pr\u00e9venir la fraude et renforcer la s\u00e9curit\u00e9<\/li>\n\n\n\n<li>Respectez vos obligations l\u00e9gales.<\/li>\n<\/ul>\n\n\n\n<hr class=\"wp-block-separator has-alpha-channel-opacity\"\/>\n\n\n\n<h2 class=\"wp-block-heading\">8. Avec qui partageons-nous vos donn\u00e9es ?<\/h2>\n\n\n\n<p>Nous pouvons partager vos donn\u00e9es avec\u00a0:<\/p>\n\n\n\n<ul class=\"wp-block-list\">\n<li>Fournisseurs d&#039;h\u00e9bergement et partenaires d&#039;infrastructure<\/li>\n\n\n\n<li>fournisseurs de services d&#039;analyse et de marketing<\/li>\n\n\n\n<li>Services de d\u00e9tection de spam et de s\u00e9curit\u00e9<\/li>\n\n\n\n<li>Les autorit\u00e9s l\u00e9gales ou r\u00e9glementaires lorsque la loi l&#039;exige<\/li>\n<\/ul>\n\n\n\n<p>Si vous demandez une r\u00e9initialisation de mot de passe, votre adresse IP sera incluse dans l&#039;e-mail de r\u00e9initialisation.<\/p>\n\n\n\n<hr class=\"wp-block-separator has-alpha-channel-opacity\"\/>\n\n\n\n<h2 class=\"wp-block-heading\">9. Conservation des donn\u00e9es<\/h2>\n\n\n\n<ul class=\"wp-block-list\">\n<li>Les commentaires et leurs m\u00e9tadonn\u00e9es sont conserv\u00e9s ind\u00e9finiment.<\/li>\n\n\n\n<li>Les informations du profil utilisateur (le cas \u00e9ch\u00e9ant) sont conserv\u00e9es tant que le compte reste actif.<\/li>\n\n\n\n<li>Les autres donn\u00e9es personnelles ne sont conserv\u00e9es que pendant la dur\u00e9e n\u00e9cessaire aux fins d\u00e9crites dans la pr\u00e9sente politique ou conform\u00e9ment aux exigences l\u00e9gales.<\/li>\n<\/ul>\n\n\n\n<hr class=\"wp-block-separator has-alpha-channel-opacity\"\/>\n\n\n\n<h2 class=\"wp-block-heading\">10. Vos droits en vertu du RGPD (utilisateurs de l&#039;UE\/EEE)<\/h2>\n\n\n\n<p>Si vous r\u00e9sidez dans l&#039;Espace \u00e9conomique europ\u00e9en (EEE), vous avez le droit de\u00a0:<\/p>\n\n\n\n<ul class=\"wp-block-list\">\n<li>Acc\u00e9dez \u00e0 vos donn\u00e9es personnelles<\/li>\n\n\n\n<li>Demande de correction ou de suppression<\/li>\n\n\n\n<li>Restreindre ou s&#039;opposer au traitement<\/li>\n\n\n\n<li>Demande de portabilit\u00e9 des donn\u00e9es<\/li>\n\n\n\n<li>Retirer son consentement \u00e0 tout moment<\/li>\n<\/ul>\n\n\n\n<p>Pour exercer ces droits, veuillez nous contacter via notre site web.<\/p>\n\n\n\n<hr class=\"wp-block-separator has-alpha-channel-opacity\"\/>\n\n\n\n<h2 class=\"wp-block-heading\">11. Vos droits en vertu de la CCPA (r\u00e9sidents de Californie)<\/h2>\n\n\n\n<p>Si vous \u00eates un r\u00e9sident de Californie, vous avez le droit de\u00a0:<\/p>\n\n\n\n<ul class=\"wp-block-list\">\n<li>Sachez quelles donn\u00e9es personnelles nous collectons, utilisons et divulguons<\/li>\n\n\n\n<li>Demander l&#039;acc\u00e8s \u00e0 vos donn\u00e9es personnelles ou leur suppression<\/li>\n\n\n\n<li>Refuser la vente de donn\u00e9es personnelles (AIRSANG ne vend pas de donn\u00e9es personnelles)<\/li>\n\n\n\n<li>B\u00e9n\u00e9ficiez d&#039;un service et de tarifs identiques, que vous exerciez ou non vos droits \u00e0 la vie priv\u00e9e.<\/li>\n<\/ul>\n\n\n\n<p>Les demandes peuvent \u00eatre soumises via notre formulaire de contact sur notre site web.<\/p>\n\n\n\n<hr class=\"wp-block-separator has-alpha-channel-opacity\"\/>\n\n\n\n<h2 class=\"wp-block-heading\">12. Transferts de donn\u00e9es<\/h2>\n\n\n\n<p>Vos informations peuvent \u00eatre transf\u00e9r\u00e9es et trait\u00e9es sur des serveurs situ\u00e9s hors de votre pays de r\u00e9sidence. Nous prenons des mesures raisonnables pour garantir la mise en place de protections appropri\u00e9es.<\/p>\n\n\n\n<hr class=\"wp-block-separator has-alpha-channel-opacity\"\/>\n\n\n\n<h2 class=\"wp-block-heading\">13. S\u00e9curit\u00e9 des donn\u00e9es<\/h2>\n\n\n\n<p>Nous mettons en \u0153uvre des mesures de s\u00e9curit\u00e9 techniques et organisationnelles raisonnables pour prot\u00e9ger vos donn\u00e9es personnelles. Cependant, aucune transmission de donn\u00e9es sur Internet n&#039;est totalement s\u00e9curis\u00e9e.<\/p>\n\n\n\n<hr class=\"wp-block-separator has-alpha-channel-opacity\"\/>\n\n\n\n<h2 class=\"wp-block-heading\">14. Informations destin\u00e9es aux enfants<\/h2>\n\n\n\n<p>Notre site n&#039;est pas destin\u00e9 aux enfants de moins de 13 ans. Nous ne collectons pas sciemment de donn\u00e9es personnelles aupr\u00e8s d&#039;enfants.<\/p>\n\n\n\n<hr class=\"wp-block-separator has-alpha-channel-opacity\"\/>\n\n\n\n<h2 class=\"wp-block-heading\">15. Modifications de la pr\u00e9sente politique de confidentialit\u00e9<\/h2>\n\n\n\n<p>Nous pouvons \u00eatre amen\u00e9s \u00e0 modifier la pr\u00e9sente politique de confidentialit\u00e9. Toute modification sera publi\u00e9e sur cette page, accompagn\u00e9e d&#039;une date de r\u00e9vision mise \u00e0 jour.<\/p>\n\n\n\n<hr class=\"wp-block-separator has-alpha-channel-opacity\"\/>\n\n\n\n<h2 class=\"wp-block-heading\">16. Contactez-nous<\/h2>\n\n\n\n<p>Si vous avez des questions concernant cette politique de confidentialit\u00e9 ou vos donn\u00e9es personnelles, veuillez nous contacter via le formulaire de contact sur notre site web.<\/p>\n\n\n\n<p><strong class=\"privacy-policy-tutorial\">Texte sugg\u00e9r\u00e9\u00a0: <\/strong>Notre site web s&#039;adresse : https:\/\/www.airsang.com.<\/p>\n\n\n\n<h2 class=\"wp-block-heading\">Commentaires<\/h2>\n\n\n\n<p><strong class=\"privacy-policy-tutorial\">Texte sugg\u00e9r\u00e9\u00a0: <\/strong>Lorsque les visiteurs laissent des commentaires sur le site, nous collectons les donn\u00e9es affich\u00e9es dans le formulaire de commentaires, ainsi que l&#039;adresse IP du visiteur et la cha\u00eene de l&#039;agent utilisateur de son navigateur afin de faciliter la d\u00e9tection des spams.<\/p>\n\n\n\n<p>Une cha\u00eene anonymis\u00e9e (ou hachage) cr\u00e9\u00e9e \u00e0 partir de votre adresse courriel peut \u00eatre transmise au service Gravatar afin de v\u00e9rifier si vous l\u2019utilisez. La politique de confidentialit\u00e9 de Gravatar est disponible ici\u00a0: https:\/\/automattic.com\/privacy\/. Apr\u00e8s validation de votre commentaire, votre photo de profil sera visible publiquement.<\/p>\n\n\n\n<h2 class=\"wp-block-heading\">M\u00e9dias<\/h2>\n\n\n\n<p><strong class=\"privacy-policy-tutorial\">Texte sugg\u00e9r\u00e9\u00a0: <\/strong>Si vous t\u00e9l\u00e9chargez des images sur le site web, \u00e9vitez d&#039;inclure des donn\u00e9es de g\u00e9olocalisation (EXIF GPS). Les visiteurs du site peuvent t\u00e9l\u00e9charger et extraire ces donn\u00e9es.<\/p>\n\n\n\n<h2 class=\"wp-block-heading\">Cookies<\/h2>\n\n\n\n<p><strong class=\"privacy-policy-tutorial\">Texte sugg\u00e9r\u00e9\u00a0: <\/strong>Si vous laissez un commentaire sur notre site, vous pouvez choisir d&#039;enregistrer votre nom, votre adresse courriel et votre site web dans des cookies. Ces cookies sont destin\u00e9s \u00e0 votre confort afin que vous n&#039;ayez pas \u00e0 saisir \u00e0 nouveau ces informations lorsque vous laissez un autre commentaire. Ces cookies seront conserv\u00e9s pendant un an.<\/p>\n\n\n\n<p>Si vous consultez notre page de connexion, un cookie temporaire sera cr\u00e9\u00e9 afin de d\u00e9terminer si votre navigateur accepte les cookies. Ce cookie ne contient aucune donn\u00e9e personnelle et est supprim\u00e9 lorsque vous fermez votre navigateur.<\/p>\n\n\n\n<p>Lorsque vous vous connectez, nous installons \u00e9galement des cookies pour enregistrer vos informations de connexion et vos pr\u00e9f\u00e9rences d&#039;affichage. Les cookies de connexion sont conserv\u00e9s pendant deux jours et les cookies d&#039;options d&#039;affichage pendant un an. Si vous cochez la case \u201c\u00a0Se souvenir de moi\u00a0\u201d, votre connexion sera maintenue pendant deux semaines. Si vous vous d\u00e9connectez, les cookies de connexion seront supprim\u00e9s.<\/p>\n\n\n\n<p>Si vous modifiez ou publiez un article, un cookie suppl\u00e9mentaire sera enregistr\u00e9 dans votre navigateur. Ce cookie ne contient aucune donn\u00e9e personnelle et indique simplement l&#039;identifiant de l&#039;article que vous venez de modifier. Il expire apr\u00e8s un jour.<\/p>\n\n\n\n<h2 class=\"wp-block-heading\">Contenu int\u00e9gr\u00e9 provenant d&#039;autres sites web<\/h2>\n\n\n\n<p><strong class=\"privacy-policy-tutorial\">Texte sugg\u00e9r\u00e9\u00a0: <\/strong>Les articles de ce site peuvent inclure du contenu int\u00e9gr\u00e9 (par exemple, des vid\u00e9os, des images, des articles, etc.). Le contenu int\u00e9gr\u00e9 provenant d&#039;autres sites web se comporte exactement de la m\u00eame mani\u00e8re que si le visiteur avait consult\u00e9 directement ces sites.<\/p>\n\n\n\n<p>Ces sites web peuvent collecter des donn\u00e9es vous concernant, utiliser des cookies, int\u00e9grer des outils de suivi tiers suppl\u00e9mentaires et surveiller votre interaction avec ce contenu int\u00e9gr\u00e9, y compris le suivi de votre interaction avec le contenu int\u00e9gr\u00e9 si vous poss\u00e9dez un compte et \u00eates connect\u00e9 \u00e0 ce site web.<\/p>\n\n\n\n<h2 class=\"wp-block-heading\">Avec qui partageons-nous vos donn\u00e9es ?<\/h2>\n\n\n\n<p><strong class=\"privacy-policy-tutorial\">Texte sugg\u00e9r\u00e9\u00a0: <\/strong>Si vous demandez une r\u00e9initialisation de mot de passe, votre adresse IP sera incluse dans l&#039;e-mail de r\u00e9initialisation.<\/p>\n\n\n\n<h2 class=\"wp-block-heading\">Combien de temps conservons-nous vos donn\u00e9es ?<\/h2>\n\n\n\n<p><strong class=\"privacy-policy-tutorial\">Texte sugg\u00e9r\u00e9\u00a0: <\/strong>Si vous laissez un commentaire, celui-ci ainsi que ses m\u00e9tadonn\u00e9es sont conserv\u00e9s ind\u00e9finiment. Cela nous permet de reconna\u00eetre et d&#039;approuver automatiquement les commentaires suivants, sans avoir \u00e0 les mod\u00e9rer.<\/p>\n\n\n\n<p>Pour les utilisateurs qui s&#039;inscrivent sur notre site web (le cas \u00e9ch\u00e9ant), nous conservons \u00e9galement les informations personnelles qu&#039;ils fournissent dans leur profil. Tous les utilisateurs peuvent consulter, modifier ou supprimer leurs informations personnelles \u00e0 tout moment (\u00e0 l&#039;exception de leur nom d&#039;utilisateur). Les administrateurs du site web peuvent \u00e9galement consulter et modifier ces informations.<\/p>\n\n\n\n<h2 class=\"wp-block-heading\">Quels sont vos droits sur vos donn\u00e9es ?<\/h2>\n\n\n\n<p><strong class=\"privacy-policy-tutorial\">Texte sugg\u00e9r\u00e9\u00a0: <\/strong>Si vous poss\u00e9dez un compte sur ce site ou si vous avez laiss\u00e9 des commentaires, vous pouvez demander \u00e0 recevoir un fichier export\u00e9 contenant les donn\u00e9es personnelles que nous d\u00e9tenons vous concernant, y compris les donn\u00e9es que vous nous avez fournies. Vous pouvez \u00e9galement demander la suppression de vos donn\u00e9es personnelles. Cette suppression ne concerne pas les donn\u00e9es que nous sommes tenus de conserver \u00e0 des fins administratives, l\u00e9gales ou de s\u00e9curit\u00e9.<\/p>\n\n\n\n<h2 class=\"wp-block-heading\">O\u00f9 vos donn\u00e9es sont envoy\u00e9es<\/h2>\n\n\n\n<p><strong class=\"privacy-policy-tutorial\">Texte sugg\u00e9r\u00e9\u00a0: <\/strong>Les commentaires des visiteurs peuvent \u00eatre v\u00e9rifi\u00e9s par un service automatis\u00e9 de d\u00e9tection de spam.<\/p>","protected":false},"excerpt":{"rendered":"<p>Last updated: [June 9, 2024] This Privacy Policy describes how AIRSANG (\u201cAIRSANG,\u201d \u201cwe,\u201d \u201cus,\u201d or \u201cour\u201d) collects, uses, discloses, and protects your personal information when&#8230;<\/p>","protected":false},"author":1,"featured_media":0,"parent":0,"menu_order":0,"comment_status":"closed","ping_status":"open","template":"","meta":{"footnotes":""},"class_list":["post-3","page","type-page","status-publish","hentry"],"_links":{"self":[{"href":"https:\/\/www.airsang.com\/fr\/wp-json\/wp\/v2\/pages\/3","targetHints":{"allow":["GET"]}}],"collection":[{"href":"https:\/\/www.airsang.com\/fr\/wp-json\/wp\/v2\/pages"}],"about":[{"href":"https:\/\/www.airsang.com\/fr\/wp-json\/wp\/v2\/types\/page"}],"author":[{"embeddable":true,"href":"https:\/\/www.airsang.com\/fr\/wp-json\/wp\/v2\/users\/1"}],"replies":[{"embeddable":true,"href":"https:\/\/www.airsang.com\/fr\/wp-json\/wp\/v2\/comments?post=3"}],"version-history":[{"count":0,"href":"https:\/\/www.airsang.com\/fr\/wp-json\/wp\/v2\/pages\/3\/revisions"}],"wp:attachment":[{"href":"https:\/\/www.airsang.com\/fr\/wp-json\/wp\/v2\/media?parent=3"}],"curies":[{"name":"wp","href":"https:\/\/api.w.org\/{rel}","templated":true}]}}