{"id":2,"date":"2025-10-30T08:58:52","date_gmt":"2025-10-30T08:58:52","guid":{"rendered":"https:\/\/www.airsang.com\/?page_id=2"},"modified":"2025-12-17T14:22:56","modified_gmt":"2025-12-17T14:22:56","slug":"politique-en-matiere-de-cookies","status":"publish","type":"page","link":"https:\/\/www.airsang.com\/fr\/politique-en-matiere-de-cookies\/","title":{"rendered":"Politique en mati\u00e8re de cookies"},"content":{"rendered":"<h3 class=\"wp-block-heading\">Que sont les cookies ?<\/h3>\n\n\n\n<p>Cette politique relative aux cookies explique ce que sont les cookies, comment AIRSANG les utilise, les types de cookies que nous utilisons, les informations que nous recueillons gr\u00e2ce aux cookies, comment ces informations sont utilis\u00e9es et comment vous pouvez g\u00e9rer vos pr\u00e9f\u00e9rences en mati\u00e8re de cookies.<\/p>\n\n\n\n<p>Les cookies sont de petits fichiers texte enregistr\u00e9s sur votre appareil lorsque vous consultez un site web. Ils permettent aux sites web de fonctionner correctement, d&#039;am\u00e9liorer la s\u00e9curit\u00e9 et l&#039;exp\u00e9rience utilisateur, et fournissent des informations sur les performances du site afin d&#039;apporter des am\u00e9liorations.<\/p>\n\n\n\n<hr class=\"wp-block-separator has-alpha-channel-opacity\"\/>\n\n\n\n<h3 class=\"wp-block-heading\">Comment nous utilisons les cookies<\/h3>\n\n\n\n<p>Comme la plupart des sites web professionnels, <strong>AIRSANG<\/strong> utilise les deux <strong>premi\u00e8re partie<\/strong> et <strong>cookies tiers<\/strong> pour plusieurs raisons.<\/p>\n\n\n\n<ul class=\"wp-block-list\">\n<li><strong>Cookies internes<\/strong> sont essentielles au bon fonctionnement du site web et ne collectent aucune information permettant d&#039;identifier une personne.<\/li>\n\n\n\n<li><strong>Cookies tiers<\/strong> Ces cookies nous aident \u00e0 comprendre comment les visiteurs interagissent avec notre site web, \u00e0 analyser ses performances, \u00e0 assurer la s\u00e9curit\u00e9, \u00e0 diffuser des publicit\u00e9s pertinentes et \u00e0 am\u00e9liorer l&#039;exp\u00e9rience utilisateur globale. Ils contribuent \u00e9galement \u00e0 acc\u00e9l\u00e9rer les futures interactions avec notre site.<\/li>\n<\/ul>\n\n\n\n<hr class=\"wp-block-separator has-alpha-channel-opacity\"\/>\n\n\n\n<h3 class=\"wp-block-heading\">Types de cookies que nous utilisons<\/h3>\n\n\n\n<h4 class=\"wp-block-heading\">1. Cookies n\u00e9cessaires<\/h4>\n\n\n\n<p>Les cookies n\u00e9cessaires sont indispensables au fonctionnement de base du site web, notamment pour assurer un acc\u00e8s s\u00e9curis\u00e9 et la gestion du consentement. Ces cookies permettent de\u2026 <strong>pas<\/strong> conserver toute information permettant d&#039;identifier une personne.<\/p>\n\n\n\n<p>Exemples\u00a0:<\/p>\n\n\n\n<ul class=\"wp-block-list\">\n<li>Cookies de gestion de session<\/li>\n\n\n\n<li>Cookies de pr\u00e9f\u00e9rences de consentement<\/li>\n\n\n\n<li>Cookies de s\u00e9curit\u00e9 et anti-robots (par exemple reCAPTCHA)<\/li>\n<\/ul>\n\n\n\n<hr class=\"wp-block-separator has-alpha-channel-opacity\"\/>\n\n\n\n<h4 class=\"wp-block-heading\">2. Cookies fonctionnels<\/h4>\n\n\n\n<p>Les cookies fonctionnels permettent au site web de m\u00e9moriser les choix de l&#039;utilisateur et d&#039;activer des fonctionnalit\u00e9s am\u00e9lior\u00e9es, telles que\u00a0:<\/p>\n\n\n\n<ul class=\"wp-block-list\">\n<li>Partage sur les r\u00e9seaux sociaux<\/li>\n\n\n\n<li>Lecture vid\u00e9o int\u00e9gr\u00e9e (ex. YouTube)<\/li>\n\n\n\n<li>Pr\u00e9f\u00e9rences linguistiques et r\u00e9gionales<\/li>\n<\/ul>\n\n\n\n<p>Ces cookies am\u00e9liorent l&#039;exp\u00e9rience utilisateur mais ne sont pas strictement n\u00e9cessaires au fonctionnement de base du site.<\/p>\n\n\n\n<hr class=\"wp-block-separator has-alpha-channel-opacity\"\/>\n\n\n\n<h4 class=\"wp-block-heading\">3. Cookies analytiques<\/h4>\n\n\n\n<p>Les cookies analytiques nous aident \u00e0 comprendre comment les visiteurs utilisent le site web d&#039;AIRSANG. Ils nous fournissent des informations telles que\u00a0:<\/p>\n\n\n\n<ul class=\"wp-block-list\">\n<li>Nombre de visiteurs<\/li>\n\n\n\n<li>Sources de trafic<\/li>\n\n\n\n<li>Pages consult\u00e9es<\/li>\n\n\n\n<li>Mod\u00e8les de comportement des utilisateurs<\/li>\n<\/ul>\n\n\n\n<p>Ces donn\u00e9es sont collect\u00e9es sous forme agr\u00e9g\u00e9e et anonyme et sont utilis\u00e9es uniquement pour am\u00e9liorer les performances du site web et l&#039;exp\u00e9rience utilisateur.<\/p>\n\n\n\n<p>Les outils peuvent inclure des services tels que Google Analytics et Microsoft Clarity.<\/p>\n\n\n\n<hr class=\"wp-block-separator has-alpha-channel-opacity\"\/>\n\n\n\n<h4 class=\"wp-block-heading\">4. Cookies de performance<\/h4>\n\n\n\n<p>Les cookies de performance nous aident \u00e0 mesurer et \u00e0 optimiser la vitesse, la stabilit\u00e9 et la r\u00e9activit\u00e9 du site web. Ils nous permettent d&#039;identifier les probl\u00e8mes techniques et d&#039;am\u00e9liorer l&#039;efficacit\u00e9 globale du site.<\/p>\n\n\n\n<hr class=\"wp-block-separator has-alpha-channel-opacity\"\/>\n\n\n\n<h4 class=\"wp-block-heading\">5. Cookies publicitaires<\/h4>\n\n\n\n<p>Les cookies publicitaires servent \u00e0 vous proposer des publicit\u00e9s pertinentes et \u00e0 mesurer l&#039;efficacit\u00e9 des campagnes marketing. Ces cookies peuvent suivre votre navigation sur diff\u00e9rents sites web afin d&#039;afficher des publicit\u00e9s personnalis\u00e9es sur des plateformes telles que Google, Facebook, LinkedIn, Pinterest ou Bing.<\/p>\n\n\n\n<hr class=\"wp-block-separator has-alpha-channel-opacity\"\/>\n\n\n\n<h4 class=\"wp-block-heading\">6. Cookies non cat\u00e9goris\u00e9s<\/h4>\n\n\n\n<p>Certains cookies ne sont peut-\u00eatre pas encore class\u00e9s dans une cat\u00e9gorie sp\u00e9cifique. Ces cookies sont en cours d&#039;examen et seront cat\u00e9goris\u00e9s d\u00e8s que possible.<\/p>\n\n\n\n<hr class=\"wp-block-separator has-alpha-channel-opacity\"\/>\n\n\n\n<h3 class=\"wp-block-heading\">G\u00e9rer vos pr\u00e9f\u00e9rences en mati\u00e8re de cookies<\/h3>\n\n\n\n<p>Vous pouvez g\u00e9rer ou modifier vos pr\u00e9f\u00e9rences en mati\u00e8re de cookies \u00e0 tout moment en cliquant sur le <strong>\u201c Param\u00e8tres des cookies \u201d<\/strong> bouton sur notre site web. Cela vous permet de\u00a0:<\/p>\n\n\n\n<ul class=\"wp-block-list\">\n<li>Examinez vos choix de consentement<\/li>\n\n\n\n<li>Modifier les pr\u00e9f\u00e9rences<\/li>\n\n\n\n<li>Retirer son consentement \u00e0 tout moment<\/li>\n<\/ul>\n\n\n\n<p>De plus, la plupart des navigateurs web vous permettent de g\u00e9rer les cookies via leurs param\u00e8tres. Vous pouvez bloquer ou supprimer les cookies en modifiant les pr\u00e9f\u00e9rences de votre navigateur.<\/p>\n\n\n\n<p>Ressources utiles pour la gestion des cookies\u00a0:<\/p>\n\n\n\n<ul class=\"wp-block-list\">\n<li><strong>Chrome<\/strong> \u2013 Assistance Google<\/li>\n\n\n\n<li><strong>Safari<\/strong> \u2013 Assistance Apple<\/li>\n\n\n\n<li><strong>Firefox<\/strong> \u2013 Assistance Mozilla<\/li>\n\n\n\n<li><strong>Internet Explorer \/ Edge<\/strong> \u2013 Support Microsoft<\/li>\n<\/ul>\n\n\n\n<p>Si vous utilisez un autre navigateur, veuillez consulter sa documentation d&#039;assistance officielle.<\/p>\n\n\n\n<hr class=\"wp-block-separator has-alpha-channel-opacity\"\/>\n\n\n\n<h3 class=\"wp-block-heading\">Nous contacter<\/h3>\n\n\n\n<p>Si vous avez des questions concernant cette politique relative aux cookies ou la mani\u00e8re dont AIRSANG utilise les cookies, veuillez nous contacter via notre site web.<\/p>","protected":false},"excerpt":{"rendered":"<p>What Are Cookies? This Cookie Policy explains what cookies are, how AIRSANG uses them, the types of cookies we use, the information we collect through&#8230;<\/p>","protected":false},"author":1,"featured_media":0,"parent":0,"menu_order":0,"comment_status":"closed","ping_status":"closed","template":"","meta":{"footnotes":""},"class_list":["post-2","page","type-page","status-publish","hentry"],"_links":{"self":[{"href":"https:\/\/www.airsang.com\/fr\/wp-json\/wp\/v2\/pages\/2","targetHints":{"allow":["GET"]}}],"collection":[{"href":"https:\/\/www.airsang.com\/fr\/wp-json\/wp\/v2\/pages"}],"about":[{"href":"https:\/\/www.airsang.com\/fr\/wp-json\/wp\/v2\/types\/page"}],"author":[{"embeddable":true,"href":"https:\/\/www.airsang.com\/fr\/wp-json\/wp\/v2\/users\/1"}],"replies":[{"embeddable":true,"href":"https:\/\/www.airsang.com\/fr\/wp-json\/wp\/v2\/comments?post=2"}],"version-history":[{"count":0,"href":"https:\/\/www.airsang.com\/fr\/wp-json\/wp\/v2\/pages\/2\/revisions"}],"wp:attachment":[{"href":"https:\/\/www.airsang.com\/fr\/wp-json\/wp\/v2\/media?parent=2"}],"curies":[{"name":"wp","href":"https:\/\/api.w.org\/{rel}","templated":true}]}}