{"id":9,"date":"2025-10-30T09:43:53","date_gmt":"2025-10-30T09:43:53","guid":{"rendered":"https:\/\/www.airsang.com\/cart\/"},"modified":"2025-10-30T09:44:11","modified_gmt":"2025-10-30T09:44:11","slug":"carro","status":"publish","type":"page","link":"https:\/\/www.airsang.com\/es\/carro\/","title":{"rendered":"Carrito"},"content":{"rendered":"<div data-block-name=\"woocommerce\/cart\" class=\"wp-block-woocommerce-cart alignwide is-loading\">\n<div data-block-name=\"woocommerce\/filled-cart-block\" class=\"wp-block-woocommerce-filled-cart-block\">\n<div data-block-name=\"woocommerce\/cart-items-block\" class=\"wp-block-woocommerce-cart-items-block\">\n<div data-block-name=\"woocommerce\/cart-line-items-block\" class=\"wp-block-woocommerce-cart-line-items-block\"><\/div>\n\n\n<\/div>\n\n\n\n\n<div data-block-name=\"woocommerce\/cart-totals-block\" class=\"wp-block-woocommerce-cart-totals-block\">\n<div data-block-name=\"woocommerce\/cart-order-summary-block\" class=\"wp-block-woocommerce-cart-order-summary-block\">\n<div data-block-name=\"woocommerce\/cart-order-summary-heading-block\" class=\"wp-block-woocommerce-cart-order-summary-heading-block\"><\/div><div data-block-name=\"woocommerce\/cart-order-summary-coupon-form-block\" class=\"wp-block-woocommerce-cart-order-summary-coupon-form-block\"><\/div><div data-block-name=\"woocommerce\/cart-order-summary-totals-block\" class=\"wp-block-woocommerce-cart-order-summary-totals-block\">\n<div data-block-name=\"woocommerce\/cart-order-summary-subtotal-block\" class=\"wp-block-woocommerce-cart-order-summary-subtotal-block\"><\/div>\n<div data-block-name=\"woocommerce\/cart-order-summary-discount-block\" class=\"wp-block-woocommerce-cart-order-summary-discount-block\"><\/div>\n<div data-block-name=\"woocommerce\/cart-order-summary-fee-block\" class=\"wp-block-woocommerce-cart-order-summary-fee-block\"><\/div>\n<div data-block-name=\"woocommerce\/cart-order-summary-shipping-block\" class=\"wp-block-woocommerce-cart-order-summary-shipping-block\"><\/div>\n<div data-block-name=\"woocommerce\/cart-order-summary-taxes-block\" class=\"wp-block-woocommerce-cart-order-summary-taxes-block\"><\/div><\/div>\n<\/div>\n\n\n\n<div data-block-name=\"woocommerce\/cart-express-payment-block\" class=\"wp-block-woocommerce-cart-express-payment-block\"><\/div>\n\n\n\n<div data-block-name=\"woocommerce\/proceed-to-checkout-block\" class=\"wp-block-woocommerce-proceed-to-checkout-block\"><\/div>\n<div id=\"ppcp-recaptcha-v2-container\" style=\"margin:20px 0;\"><\/div>\n\n\n<div data-block-name=\"woocommerce\/cart-accepted-payment-methods-block\" class=\"wp-block-woocommerce-cart-accepted-payment-methods-block\"><\/div>\n<\/div>\n<\/div>\n\n\n\n<div data-block-name=\"woocommerce\/empty-cart-block\" class=\"wp-block-woocommerce-empty-cart-block\">\n<h2 class=\"wp-block-heading has-text-align-center with-empty-cart-icon wc-block-cart__empty-cart__title\">\u00a1Tu carrito est\u00e1 vac\u00edo!<\/h2>\n\n\n\n<hr class=\"wp-block-separator has-alpha-channel-opacity is-style-dots\"\/>\n\n\n\n<h2 class=\"wp-block-heading has-text-align-center\">Nuevo en tienda<\/h2>\n\n\n<div data-block-name=\"woocommerce\/product-new\" data-columns=\"4\" data-rows=\"1\" class=\"wc-block-grid wp-block-product-new wp-block-woocommerce-product-new wc-block-product-new has-4-columns\"><ul class=\"wc-block-grid__products\"><li class=\"wc-block-grid__product\">\n\t\t\t\t<a href=\"https:\/\/www.airsang.com\/es\/producto\/disenar-y-construir-un-sitio-web-corporativo-escalable-shopify-con-un-sistema-de-comercio-electronico-completo\/\" class=\"wc-block-grid__product-link\">\n\t\t\t\t\t\n\t\t\t\t\t<div class=\"wc-block-grid__product-image\"><img loading=\"lazy\" decoding=\"async\" width=\"300\" height=\"300\" src=\"https:\/\/www.airsang.com\/wp-content\/uploads\/2025\/12\/shopify-2-300x300.jpg\" class=\"attachment-woocommerce_thumbnail size-woocommerce_thumbnail\" alt=\"Dise\u00f1e y construya un sitio web corporativo escalable de Shopify con un sistema de comercio electr\u00f3nico completo\" srcset=\"https:\/\/www.airsang.com\/wp-content\/uploads\/2025\/12\/shopify-2-300x300.jpg 300w, https:\/\/www.airsang.com\/wp-content\/uploads\/2025\/12\/shopify-2-150x150.jpg 150w, https:\/\/www.airsang.com\/wp-content\/uploads\/2025\/12\/shopify-2-768x768.jpg 768w, https:\/\/www.airsang.com\/wp-content\/uploads\/2025\/12\/shopify-2-12x12.jpg 12w, https:\/\/www.airsang.com\/wp-content\/uploads\/2025\/12\/shopify-2-1000x1000.jpg 1000w, https:\/\/www.airsang.com\/wp-content\/uploads\/2025\/12\/shopify-2-100x100.jpg 100w, https:\/\/www.airsang.com\/wp-content\/uploads\/2025\/12\/shopify-2-50x50.jpg 50w, https:\/\/www.airsang.com\/wp-content\/uploads\/2025\/12\/shopify-2-1x1.jpg 1w, https:\/\/www.airsang.com\/wp-content\/uploads\/2025\/12\/shopify-2-10x10.jpg 10w, https:\/\/www.airsang.com\/wp-content\/uploads\/2025\/12\/shopify-2.jpg 1024w\" sizes=\"auto, (max-width: 300px) 100vw, 300px\" \/><\/div>\n\t\t\t\t\t<div class=\"wc-block-grid__product-title\">Dise\u00f1e y construya un sitio web corporativo escalable de Shopify con un sistema de comercio electr\u00f3nico completo<\/div>\n\t\t\t\t<\/a>\n\t\t\t\t<div class=\"wc-block-grid__product-price price\"><span class=\"woocommerce-Price-amount amount\" aria-hidden=\"true\"><span class=\"woocommerce-Price-currencySymbol\">&#036;<\/span>350.00<\/span> <span aria-hidden=\"true\">&#8211;<\/span> <span class=\"woocommerce-Price-amount amount\" aria-hidden=\"true\"><span class=\"woocommerce-Price-currencySymbol\">&#036;<\/span>2,000.00<\/span><span class=\"screen-reader-text\" data-no-translation=\"\" data-trp-gettext=\"\">Rango de precios: desde &#036;350.00 hasta &#036;2,000.00<\/span><\/div>\n\t\t\t\t\n\t\t\t\t<div class=\"wp-block-button wc-block-grid__product-add-to-cart\"><a href=\"https:\/\/www.airsang.com\/es\/producto\/disenar-y-construir-un-sitio-web-corporativo-escalable-shopify-con-un-sistema-de-comercio-electronico-completo\/\" aria-label=\"Elige las opciones para \u201cDesign and Build a Scalable Shopify Corporate Website with a Complete eCommerce System\u201d\" data-quantity=\"1\" data-product_id=\"5164\" data-product_sku=\"\" data-price=\"350\" rel=\"nofollow\" class=\"wp-block-button__link  add_to_cart_button\" data-no-translation=\"\" data-trp-gettext=\"\" data-no-translation-aria-label=\"\">Seleccionar opciones<\/a><\/div>\n\t\t\t<\/li><li class=\"wc-block-grid__product\">\n\t\t\t\t<a href=\"https:\/\/www.airsang.com\/es\/producto\/disenamos-imagenes-de-productos-de-amazon-incluido-el-retoque-de-fondo-blanco-y-una-infografia-de-contenido\/\" class=\"wc-block-grid__product-link\">\n\t\t\t\t\t<div class=\"wc-block-grid__product-onsale\">\n\t\t\t<span aria-hidden=\"true\" data-no-translation=\"\" data-trp-gettext=\"\">Oferta<\/span>\n\t\t\t<span class=\"screen-reader-text\" data-no-translation=\"\" data-trp-gettext=\"\">Producto en oferta<\/span>\n\t\t<\/div>\n\t\t\t\t\t<div class=\"wc-block-grid__product-image\"><img loading=\"lazy\" decoding=\"async\" width=\"300\" height=\"300\" src=\"https:\/\/www.airsang.com\/wp-content\/uploads\/2025\/11\/\u4e3b\u56fe-300x300.jpg\" class=\"attachment-woocommerce_thumbnail size-woocommerce_thumbnail\" alt=\"Dise\u00f1amos im\u00e1genes de productos de Amazon, incluyendo retoques de fondo blanco e infograf\u00edas de contenido A+.\" srcset=\"\" sizes=\"auto, (max-width: 300px) 100vw, 300px\" data-srcset=\"\" \/><\/div>\n\t\t\t\t\t<div class=\"wc-block-grid__product-title\">Dise\u00f1amos im\u00e1genes de productos de Amazon, incluyendo retoques de fondo blanco e infograf\u00edas de contenido A+.<\/div>\n\t\t\t\t<\/a>\n\t\t\t\t<div class=\"wc-block-grid__product-price price\"><span class=\"woocommerce-Price-amount amount\" aria-hidden=\"true\"><span class=\"woocommerce-Price-currencySymbol\">&#036;<\/span>20.00<\/span> <span aria-hidden=\"true\">&#8211;<\/span> <span class=\"woocommerce-Price-amount amount\" aria-hidden=\"true\"><span class=\"woocommerce-Price-currencySymbol\">&#036;<\/span>120.00<\/span><span class=\"screen-reader-text\" data-no-translation=\"\" data-trp-gettext=\"\">Rango de precios: desde &#036;20.00 hasta &#036;120.00<\/span><\/div>\n\t\t\t\t<div class=\"wc-block-grid__product-rating\"><div class=\"star-rating\" role=\"img\" aria-label=\"Valorado con 4.92 de 5\" data-no-translation-aria-label=\"\"><span style=\"width:98.4%\" data-no-translation=\"\" data-trp-gettext=\"\">Valorado con <strong class=\"rating\">4.92<\/strong> de 5 en base a <span class=\"rating\">62<\/span> valoraciones de clientes<\/span><\/div><\/div>\n\t\t\t\t<div class=\"wp-block-button wc-block-grid__product-add-to-cart\"><a href=\"https:\/\/www.airsang.com\/es\/producto\/disenamos-imagenes-de-productos-de-amazon-incluido-el-retoque-de-fondo-blanco-y-una-infografia-de-contenido\/\" aria-label=\"Elige las opciones para \u201cWe design Amazon product images, including white-background retouching and A+ content infographics.\u201d\" data-quantity=\"1\" data-product_id=\"3883\" data-product_sku=\"\" data-price=\"20\" rel=\"nofollow\" class=\"wp-block-button__link  add_to_cart_button\" data-no-translation=\"\" data-trp-gettext=\"\" data-no-translation-aria-label=\"\">Seleccionar opciones<\/a><\/div>\n\t\t\t<\/li><li class=\"wc-block-grid__product\">\n\t\t\t\t<a href=\"https:\/\/www.airsang.com\/es\/producto\/creamos-imagenes-principales-ozon-retocamos-fotos-con-fondo-blanco-y-proporcionamos-una-traduccion-precisa-al-ruso\/\" class=\"wc-block-grid__product-link\">\n\t\t\t\t\t<div class=\"wc-block-grid__product-onsale\">\n\t\t\t<span aria-hidden=\"true\" data-no-translation=\"\" data-trp-gettext=\"\">Oferta<\/span>\n\t\t\t<span class=\"screen-reader-text\" data-no-translation=\"\" data-trp-gettext=\"\">Producto en oferta<\/span>\n\t\t<\/div>\n\t\t\t\t\t<div class=\"wc-block-grid__product-image\"><img loading=\"lazy\" decoding=\"async\" width=\"300\" height=\"300\" src=\"https:\/\/www.airsang.com\/wp-content\/uploads\/2025\/11\/\u5fae\u4fe1\u56fe\u7247_20250327142220-300x300.jpg\" class=\"attachment-woocommerce_thumbnail size-woocommerce_thumbnail\" alt=\"Creamos las im\u00e1genes principales de OZON, retocamos las fotos con fondo blanco y proporcionamos una traducci\u00f3n exacta al ruso.\" srcset=\"\" sizes=\"auto, (max-width: 300px) 100vw, 300px\" data-srcset=\"\" \/><\/div>\n\t\t\t\t\t<div class=\"wc-block-grid__product-title\">Creamos las im\u00e1genes principales de OZON, retocamos las fotos con fondo blanco y proporcionamos una traducci\u00f3n exacta al ruso.<\/div>\n\t\t\t\t<\/a>\n\t\t\t\t<div class=\"wc-block-grid__product-price price\"><span class=\"woocommerce-Price-amount amount\" aria-hidden=\"true\"><span class=\"woocommerce-Price-currencySymbol\">&#036;<\/span>30.00<\/span> <span aria-hidden=\"true\">&#8211;<\/span> <span class=\"woocommerce-Price-amount amount\" aria-hidden=\"true\"><span class=\"woocommerce-Price-currencySymbol\">&#036;<\/span>80.00<\/span><span class=\"screen-reader-text\" data-no-translation=\"\" data-trp-gettext=\"\">Rango de precios: desde &#036;30.00 hasta &#036;80.00<\/span><\/div>\n\t\t\t\t<div class=\"wc-block-grid__product-rating\"><div class=\"star-rating\" role=\"img\" aria-label=\"Valorado con 5.00 de 5\" data-no-translation-aria-label=\"\"><span style=\"width:100%\" data-no-translation=\"\" data-trp-gettext=\"\">Valorado con <strong class=\"rating\">5.00<\/strong> de 5 en base a <span class=\"rating\">11<\/span> valoraciones de clientes<\/span><\/div><\/div>\n\t\t\t\t<div class=\"wp-block-button wc-block-grid__product-add-to-cart\"><a href=\"https:\/\/www.airsang.com\/es\/producto\/creamos-imagenes-principales-ozon-retocamos-fotos-con-fondo-blanco-y-proporcionamos-una-traduccion-precisa-al-ruso\/\" aria-label=\"Elige las opciones para \u201cWe create OZON main images, retouch white-background photos, and provide accurate Russian translation.\u201d\" data-quantity=\"1\" data-product_id=\"3875\" data-product_sku=\"\" data-price=\"30\" rel=\"nofollow\" class=\"wp-block-button__link  add_to_cart_button\" data-no-translation=\"\" data-trp-gettext=\"\" data-no-translation-aria-label=\"\">Seleccionar opciones<\/a><\/div>\n\t\t\t<\/li><li class=\"wc-block-grid__product\">\n\t\t\t\t<a href=\"https:\/\/www.airsang.com\/es\/producto\/disenamos-paginas-de-inicio-de-tiendas-shopee-creamos-imagenes-de-productos-y-ofrecemos-traducciones-al-tailandes-vietnamita-filipino-y-malayo\/\" class=\"wc-block-grid__product-link\">\n\t\t\t\t\t<div class=\"wc-block-grid__product-onsale\">\n\t\t\t<span aria-hidden=\"true\" data-no-translation=\"\" data-trp-gettext=\"\">Oferta<\/span>\n\t\t\t<span class=\"screen-reader-text\" data-no-translation=\"\" data-trp-gettext=\"\">Producto en oferta<\/span>\n\t\t<\/div>\n\t\t\t\t\t<div class=\"wc-block-grid__product-image\"><img loading=\"lazy\" decoding=\"async\" width=\"300\" height=\"300\" src=\"https:\/\/www.airsang.com\/wp-content\/uploads\/2025\/11\/\u5fae\u4fe1\u56fe\u7247_20250327142218-300x300.jpg\" class=\"attachment-woocommerce_thumbnail size-woocommerce_thumbnail\" alt=\"Dise\u00f1amos p\u00e1ginas de inicio de tiendas Shopee, creamos im\u00e1genes de productos y ofrecemos traducciones al tailand\u00e9s, vietnamita, filipino y malayo.\" srcset=\"\" sizes=\"auto, (max-width: 300px) 100vw, 300px\" data-srcset=\"\" \/><\/div>\n\t\t\t\t\t<div class=\"wc-block-grid__product-title\">Dise\u00f1amos p\u00e1ginas de inicio de tiendas Shopee, creamos im\u00e1genes de productos y ofrecemos traducciones al tailand\u00e9s, vietnamita, filipino y malayo.<\/div>\n\t\t\t\t<\/a>\n\t\t\t\t<div class=\"wc-block-grid__product-price price\"><span class=\"woocommerce-Price-amount amount\" aria-hidden=\"true\"><span class=\"woocommerce-Price-currencySymbol\">&#036;<\/span>30.00<\/span> <span aria-hidden=\"true\">&#8211;<\/span> <span class=\"woocommerce-Price-amount amount\" aria-hidden=\"true\"><span class=\"woocommerce-Price-currencySymbol\">&#036;<\/span>80.00<\/span><span class=\"screen-reader-text\" data-no-translation=\"\" data-trp-gettext=\"\">Rango de precios: desde &#036;30.00 hasta &#036;80.00<\/span><\/div>\n\t\t\t\t<div class=\"wc-block-grid__product-rating\"><div class=\"star-rating\" role=\"img\" aria-label=\"Valorado con 4.82 de 5\" data-no-translation-aria-label=\"\"><span style=\"width:96.4%\" data-no-translation=\"\" data-trp-gettext=\"\">Valorado con <strong class=\"rating\">4.82<\/strong> de 5 en base a <span class=\"rating\">11<\/span> valoraciones de clientes<\/span><\/div><\/div>\n\t\t\t\t<div class=\"wp-block-button wc-block-grid__product-add-to-cart\"><a href=\"https:\/\/www.airsang.com\/es\/producto\/disenamos-paginas-de-inicio-de-tiendas-shopee-creamos-imagenes-de-productos-y-ofrecemos-traducciones-al-tailandes-vietnamita-filipino-y-malayo\/\" aria-label=\"Elige las opciones para \u201cWe design Shopee store homepages, create product images, and offer Thai, Vietnamese, Filipino, and Malay translations.\u201d\" data-quantity=\"1\" data-product_id=\"3869\" data-product_sku=\"\" data-price=\"30\" rel=\"nofollow\" class=\"wp-block-button__link  add_to_cart_button\" data-no-translation=\"\" data-trp-gettext=\"\" data-no-translation-aria-label=\"\">Seleccionar opciones<\/a><\/div>\n\t\t\t<\/li><\/ul><\/div><\/div>\n<\/div>","protected":false},"excerpt":{"rendered":"","protected":false},"author":1,"featured_media":0,"parent":0,"menu_order":0,"comment_status":"closed","ping_status":"closed","template":"","meta":{"footnotes":""},"class_list":["post-9","page","type-page","status-publish","hentry"],"_links":{"self":[{"href":"https:\/\/www.airsang.com\/es\/wp-json\/wp\/v2\/pages\/9","targetHints":{"allow":["GET"]}}],"collection":[{"href":"https:\/\/www.airsang.com\/es\/wp-json\/wp\/v2\/pages"}],"about":[{"href":"https:\/\/www.airsang.com\/es\/wp-json\/wp\/v2\/types\/page"}],"author":[{"embeddable":true,"href":"https:\/\/www.airsang.com\/es\/wp-json\/wp\/v2\/users\/1"}],"replies":[{"embeddable":true,"href":"https:\/\/www.airsang.com\/es\/wp-json\/wp\/v2\/comments?post=9"}],"version-history":[{"count":0,"href":"https:\/\/www.airsang.com\/es\/wp-json\/wp\/v2\/pages\/9\/revisions"}],"wp:attachment":[{"href":"https:\/\/www.airsang.com\/es\/wp-json\/wp\/v2\/media?parent=9"}],"curies":[{"name":"wp","href":"https:\/\/api.w.org\/{rel}","templated":true}]}}