{"id":2,"date":"2025-10-30T08:58:52","date_gmt":"2025-10-30T08:58:52","guid":{"rendered":"https:\/\/www.airsang.com\/?page_id=2"},"modified":"2025-12-17T14:22:56","modified_gmt":"2025-12-17T14:22:56","slug":"politica-de-cookies","status":"publish","type":"page","link":"https:\/\/www.airsang.com\/es\/politica-de-cookies\/","title":{"rendered":"Pol\u00edtica de cookies"},"content":{"rendered":"<h3 class=\"wp-block-heading\">\u00bfQu\u00e9 son las cookies?<\/h3>\n\n\n\n<p>Esta Pol\u00edtica de cookies explica qu\u00e9 son las cookies, c\u00f3mo las utiliza AIRSANG, los tipos de cookies que utilizamos, la informaci\u00f3n que recopilamos a trav\u00e9s de las cookies, c\u00f3mo se utiliza esa informaci\u00f3n y c\u00f3mo puede administrar sus preferencias de cookies.<\/p>\n\n\n\n<p>Las cookies son peque\u00f1os archivos de texto que se almacenan en su dispositivo al visitar un sitio web. Ayudan a que los sitios web funcionen correctamente, mejoran la seguridad, optimizan la experiencia del usuario y proporcionan informaci\u00f3n sobre el rendimiento del sitio web para que se puedan realizar mejoras.<\/p>\n\n\n\n<hr class=\"wp-block-separator has-alpha-channel-opacity\"\/>\n\n\n\n<h3 class=\"wp-block-heading\">C\u00f3mo utilizamos las cookies<\/h3>\n\n\n\n<p>Como la mayor\u00eda de los sitios web profesionales, <strong>AIRSANG<\/strong> utiliza ambos <strong>de primera parte<\/strong> y <strong>cookies de terceros<\/strong> para varios prop\u00f3sitos.<\/p>\n\n\n\n<ul class=\"wp-block-list\">\n<li><strong>Cookies de origen<\/strong> son esenciales para que el sitio web funcione correctamente y no recopilan ninguna informaci\u00f3n de identificaci\u00f3n personal.<\/li>\n\n\n\n<li><strong>Cookies de terceros<\/strong> Nos ayudan a comprender c\u00f3mo interact\u00faan los visitantes con nuestro sitio web, analizar el rendimiento, mantener la seguridad, ofrecer anuncios relevantes y mejorar la experiencia general del usuario. Estas cookies tambi\u00e9n ayudan a agilizar futuras interacciones con nuestro sitio web.<\/li>\n<\/ul>\n\n\n\n<hr class=\"wp-block-separator has-alpha-channel-opacity\"\/>\n\n\n\n<h3 class=\"wp-block-heading\">Tipos de cookies que utilizamos<\/h3>\n\n\n\n<h4 class=\"wp-block-heading\">1. Cookies necesarias<\/h4>\n\n\n\n<p>Las cookies necesarias son necesarias para habilitar funciones b\u00e1sicas del sitio web, como el acceso seguro y la gesti\u00f3n del consentimiento. Estas cookies... <strong>no<\/strong> almacenar cualquier informaci\u00f3n de identificaci\u00f3n personal.<\/p>\n\n\n\n<p>Los ejemplos incluyen:<\/p>\n\n\n\n<ul class=\"wp-block-list\">\n<li>Cookies de gesti\u00f3n de sesiones<\/li>\n\n\n\n<li>Cookies de preferencia de consentimiento<\/li>\n\n\n\n<li>Cookies de seguridad y anti-bots (por ejemplo, reCAPTCHA)<\/li>\n<\/ul>\n\n\n\n<hr class=\"wp-block-separator has-alpha-channel-opacity\"\/>\n\n\n\n<h4 class=\"wp-block-heading\">2. Cookies funcionales<\/h4>\n\n\n\n<p>Las cookies funcionales permiten que el sitio web recuerde las opciones del usuario y habilite funciones mejoradas, como:<\/p>\n\n\n\n<ul class=\"wp-block-list\">\n<li>Compartir en redes sociales<\/li>\n\n\n\n<li>Reproducci\u00f3n de v\u00eddeo incrustado (por ejemplo, YouTube)<\/li>\n\n\n\n<li>Preferencias de idioma y regionales<\/li>\n<\/ul>\n\n\n\n<p>Estas cookies mejoran la usabilidad, pero no son estrictamente necesarias para la funcionalidad principal del sitio.<\/p>\n\n\n\n<hr class=\"wp-block-separator has-alpha-channel-opacity\"\/>\n\n\n\n<h4 class=\"wp-block-heading\">3. Cookies anal\u00edticas<\/h4>\n\n\n\n<p>Las cookies anal\u00edticas nos ayudan a comprender c\u00f3mo los visitantes utilizan el sitio web de AIRSANG. Proporcionan informaci\u00f3n como:<\/p>\n\n\n\n<ul class=\"wp-block-list\">\n<li>N\u00famero de visitantes<\/li>\n\n\n\n<li>Fuentes de tr\u00e1fico<\/li>\n\n\n\n<li>P\u00e1ginas visitadas<\/li>\n\n\n\n<li>Patrones de comportamiento del usuario<\/li>\n<\/ul>\n\n\n\n<p>Estos datos se recopilan de forma agregada y an\u00f3nima y se utilizan \u00fanicamente para mejorar el rendimiento del sitio web y la experiencia del usuario.<\/p>\n\n\n\n<p>Las herramientas pueden incluir servicios como Google Analytics y Microsoft Clarity.<\/p>\n\n\n\n<hr class=\"wp-block-separator has-alpha-channel-opacity\"\/>\n\n\n\n<h4 class=\"wp-block-heading\">4. Cookies de rendimiento<\/h4>\n\n\n\n<p>Las cookies de rendimiento ayudan a medir y optimizar la velocidad, la estabilidad y la capacidad de respuesta del sitio web. Nos permiten identificar problemas t\u00e9cnicos y mejorar la eficiencia general del sitio.<\/p>\n\n\n\n<hr class=\"wp-block-separator has-alpha-channel-opacity\"\/>\n\n\n\n<h4 class=\"wp-block-heading\">5. Cookies publicitarias<\/h4>\n\n\n\n<p>Las cookies publicitarias se utilizan para mostrar anuncios relevantes para usted y medir la eficacia de las campa\u00f1as de marketing. Estas cookies pueden rastrear su actividad de navegaci\u00f3n en sitios web para mostrar anuncios personalizados en plataformas como Google, Facebook, LinkedIn, Pinterest o Bing.<\/p>\n\n\n\n<hr class=\"wp-block-separator has-alpha-channel-opacity\"\/>\n\n\n\n<h4 class=\"wp-block-heading\">6. Cookies sin categorizar<\/h4>\n\n\n\n<p>Es posible que algunas cookies a\u00fan no est\u00e9n clasificadas en una categor\u00eda espec\u00edfica. Estas cookies est\u00e1n en revisi\u00f3n y se categorizar\u00e1n lo antes posible.<\/p>\n\n\n\n<hr class=\"wp-block-separator has-alpha-channel-opacity\"\/>\n\n\n\n<h3 class=\"wp-block-heading\">Administrar sus preferencias de cookies<\/h3>\n\n\n\n<p>Puede administrar o cambiar sus preferencias de cookies en cualquier momento haciendo clic en el <strong>\u201cConfiguraci\u00f3n de cookies\u201d<\/strong> en nuestro sitio web. Esto le permite:<\/p>\n\n\n\n<ul class=\"wp-block-list\">\n<li>Revise sus opciones de consentimiento<\/li>\n\n\n\n<li>Modificar preferencias<\/li>\n\n\n\n<li>Retirar el consentimiento en cualquier momento<\/li>\n<\/ul>\n\n\n\n<p>Adem\u00e1s, la mayor\u00eda de los navegadores web permiten controlar las cookies a trav\u00e9s de su configuraci\u00f3n. Puedes bloquearlas o eliminarlas configurando las preferencias de tu navegador.<\/p>\n\n\n\n<p>Recursos \u00fatiles para gestionar las cookies:<\/p>\n\n\n\n<ul class=\"wp-block-list\">\n<li><strong>Cromo<\/strong> \u2013 Soporte de Google<\/li>\n\n\n\n<li><strong>Safari<\/strong> \u2013 Soporte t\u00e9cnico de Apple<\/li>\n\n\n\n<li><strong>Firefox<\/strong> \u2013 Soporte de Mozilla<\/li>\n\n\n\n<li><strong>Internet Explorer\/Edge<\/strong> \u2013 Soporte t\u00e9cnico de Microsoft<\/li>\n<\/ul>\n\n\n\n<p>Si est\u00e1 utilizando otro navegador, consulte su documentaci\u00f3n de soporte oficial.<\/p>\n\n\n\n<hr class=\"wp-block-separator has-alpha-channel-opacity\"\/>\n\n\n\n<h3 class=\"wp-block-heading\">P\u00f3ngase en contacto con nosotros<\/h3>\n\n\n\n<p>Si tiene alguna pregunta sobre esta Pol\u00edtica de cookies o c\u00f3mo AIRSANG utiliza las cookies, cont\u00e1ctenos a trav\u00e9s de nuestro sitio web.<\/p>","protected":false},"excerpt":{"rendered":"<p>What Are Cookies? This Cookie Policy explains what cookies are, how AIRSANG uses them, the types of cookies we use, the information we collect through&#8230;<\/p>","protected":false},"author":1,"featured_media":0,"parent":0,"menu_order":0,"comment_status":"closed","ping_status":"closed","template":"","meta":{"footnotes":""},"class_list":["post-2","page","type-page","status-publish","hentry"],"_links":{"self":[{"href":"https:\/\/www.airsang.com\/es\/wp-json\/wp\/v2\/pages\/2","targetHints":{"allow":["GET"]}}],"collection":[{"href":"https:\/\/www.airsang.com\/es\/wp-json\/wp\/v2\/pages"}],"about":[{"href":"https:\/\/www.airsang.com\/es\/wp-json\/wp\/v2\/types\/page"}],"author":[{"embeddable":true,"href":"https:\/\/www.airsang.com\/es\/wp-json\/wp\/v2\/users\/1"}],"replies":[{"embeddable":true,"href":"https:\/\/www.airsang.com\/es\/wp-json\/wp\/v2\/comments?post=2"}],"version-history":[{"count":0,"href":"https:\/\/www.airsang.com\/es\/wp-json\/wp\/v2\/pages\/2\/revisions"}],"wp:attachment":[{"href":"https:\/\/www.airsang.com\/es\/wp-json\/wp\/v2\/media?parent=2"}],"curies":[{"name":"wp","href":"https:\/\/api.w.org\/{rel}","templated":true}]}}