{"id":3,"date":"2025-10-30T08:58:52","date_gmt":"2025-10-30T08:58:52","guid":{"rendered":"https:\/\/www.airsang.com\/?page_id=3"},"modified":"2025-12-12T09:28:51","modified_gmt":"2025-12-12T09:28:51","slug":"datenschutzrichtlinie","status":"publish","type":"page","link":"https:\/\/www.airsang.com\/de\/datenschutzrichtlinie\/","title":{"rendered":"Datenschutzbestimmungen"},"content":{"rendered":"<p><\/p>\n\n\n\n<p><strong>Letzte Aktualisierung:<\/strong> [9. Juni 2024]<\/p>\n\n\n\n<p>Diese Datenschutzrichtlinie beschreibt, wie <strong>AIRSANG<\/strong> (\u201cAIRSANG\u201d, \u201cwir\u201d, \u201cuns\u201d oder \u201cunser\u201d) erhebt, nutzt, offenbart und sch\u00fctzt Ihre personenbezogenen Daten, wenn Sie unsere Website besuchen oder mit ihr interagieren. <a href=\"https:\/\/www.airsang.com\/de\/\">https:\/\/www.airsang.com<\/a> (die \u201cWebsite\u201d).<\/p>\n\n\n\n<p>Durch die Nutzung der Website stimmen Sie der Erfassung und Verwendung von Informationen gem\u00e4\u00df dieser Datenschutzrichtlinie zu.<\/p>\n\n\n\n<hr class=\"wp-block-separator has-alpha-channel-opacity\"\/>\n\n\n\n<h2 class=\"wp-block-heading\">1. Wer wir sind<\/h2>\n\n\n\n<p>AIRSANG ist ein Anbieter von digitalen Design- und E-Commerce-Dienstleistungen, der Webseitengestaltung, visuelles Markendesign und damit verbundene digitale Dienstleistungen anbietet.<\/p>\n\n\n\n<p>Webseite: <a href=\"https:\/\/www.airsang.com\/de\/\">https:\/\/www.airsang.com<\/a><\/p>\n\n\n\n<hr class=\"wp-block-separator has-alpha-channel-opacity\"\/>\n\n\n\n<h2 class=\"wp-block-heading\">2. Informationen, die wir sammeln<\/h2>\n\n\n\n<h3 class=\"wp-block-heading\">2.1 Informationen, die Sie uns zur Verf\u00fcgung stellen<\/h3>\n\n\n\n<p>Wir k\u00f6nnen personenbezogene Daten erfassen, die Sie uns freiwillig zur Verf\u00fcgung stellen, einschlie\u00dflich, aber nicht beschr\u00e4nkt auf:<\/p>\n\n\n\n<ul class=\"wp-block-list\">\n<li>Name<\/li>\n\n\n\n<li>E-Mail-Adresse<\/li>\n\n\n\n<li>Website-URL<\/li>\n\n\n\n<li>Nachrichten oder Anfragen, die \u00fcber Formulare \u00fcbermittelt werden<\/li>\n\n\n\n<li>Auf der Website ver\u00f6ffentlichte Kommentare<\/li>\n\n\n\n<li>Kontoinformationen (falls die Benutzerregistrierung aktiviert ist)<\/li>\n<\/ul>\n\n\n\n<hr class=\"wp-block-separator has-alpha-channel-opacity\"\/>\n\n\n\n<h3 class=\"wp-block-heading\">2.2 Automatisch erfasste Informationen<\/h3>\n\n\n\n<p>Wenn Sie die Website besuchen, erfassen wir m\u00f6glicherweise automatisch folgende Daten:<\/p>\n\n\n\n<ul class=\"wp-block-list\">\n<li>IP-Adresse<\/li>\n\n\n\n<li>Browsertyp und -version<\/li>\n\n\n\n<li>Ger\u00e4teinformationen<\/li>\n\n\n\n<li>Besuchte Seiten und Interaktionsdaten<\/li>\n\n\n\n<li>Verweisende URLs<\/li>\n\n\n\n<li>Datum und Uhrzeit des Zugriffs<\/li>\n<\/ul>\n\n\n\n<p>Diese Daten werden zu Analyse-, Sicherheits- und Leistungsoptimierungszwecken erhoben.<\/p>\n\n\n\n<hr class=\"wp-block-separator has-alpha-channel-opacity\"\/>\n\n\n\n<h2 class=\"wp-block-heading\">3. Kommentare<\/h2>\n\n\n\n<p>Wenn Besucher Kommentare hinterlassen, erfassen wir die im Kommentarformular angezeigten Daten sowie die IP-Adresse und den Browser-User-Agent-String des Besuchers, um die Spam-Erkennung zu unterst\u00fctzen.<\/p>\n\n\n\n<p>Ein anonymisierter Hash Ihrer E-Mail-Adresse kann an die <strong>Gravatar<\/strong> Dieser Service dient dazu, festzustellen, ob Sie ihn nutzen.<br>Gravatar-Datenschutzrichtlinie: <a href=\"https:\/\/automattic.com\/privacy\/\" target=\"_blank\" rel=\"noopener\">https:\/\/automattic.com\/privacy\/<\/a><\/p>\n\n\n\n<p>Nach der Genehmigung k\u00f6nnen Ihr Kommentar und Ihr Profilbild \u00f6ffentlich sichtbar sein.<\/p>\n\n\n\n<hr class=\"wp-block-separator has-alpha-channel-opacity\"\/>\n\n\n\n<h2 class=\"wp-block-heading\">4. Medien-Uploads<\/h2>\n\n\n\n<p>Wenn Sie Bilder auf die Website hochladen, vermeiden Sie bitte die Einbettung von Standortdaten (EXIF-GPS). Besucher k\u00f6nnten solche Daten aus \u00f6ffentlich zug\u00e4nglichen Bildern extrahieren.<\/p>\n\n\n\n<hr class=\"wp-block-separator has-alpha-channel-opacity\"\/>\n\n\n\n<h2 class=\"wp-block-heading\">5. Cookies und Tracking-Technologien<\/h2>\n\n\n\n<p>Wir verwenden Cookies und \u00e4hnliche Technologien, um:<\/p>\n\n\n\n<ul class=\"wp-block-list\">\n<li>Aktivieren Sie die grundlegenden Website-Funktionen.<\/li>\n\n\n\n<li>Benutzereinstellungen speichern<\/li>\n\n\n\n<li>Analysieren Sie den Website-Traffic und die Performance.<\/li>\n\n\n\n<li>Unterst\u00fctzung der Marketing- und Werbema\u00dfnahmen<\/li>\n<\/ul>\n\n\n\n<p>F\u00fcr detaillierte Informationen lesen Sie bitte unsere [Datenschutzbestimmungen\/Richtlinien]. <strong>Cookie-Richtlinie<\/strong>.<\/p>\n\n\n\n<hr class=\"wp-block-separator has-alpha-channel-opacity\"\/>\n\n\n\n<h2 class=\"wp-block-heading\">6. Eingebettete Inhalte von Websites Dritter<\/h2>\n\n\n\n<p>Unsere Website kann eingebettete Inhalte (z. B. Videos, Bilder, Artikel) enthalten. Eingebettete Inhalte von anderen Websites verhalten sich so, als ob Sie diese Websites direkt besucht h\u00e4tten.<\/p>\n\n\n\n<p>Diese Websites von Drittanbietern k\u00f6nnen Daten \u00fcber Sie sammeln, Cookies verwenden und Ihre Interaktion mit deren Inhalten verfolgen.<\/p>\n\n\n\n<hr class=\"wp-block-separator has-alpha-channel-opacity\"\/>\n\n\n\n<h2 class=\"wp-block-heading\">7. Wie wir Ihre Daten verwenden<\/h2>\n\n\n\n<p>Wir verwenden die gesammelten Informationen, um:<\/p>\n\n\n\n<ul class=\"wp-block-list\">\n<li>Betrieb und Instandhaltung der Website<\/li>\n\n\n\n<li>Auf Anfragen und Serviceanfragen antworten<\/li>\n\n\n\n<li>Verbesserung der Website-Funktionalit\u00e4t und des Nutzererlebnisses<\/li>\n\n\n\n<li>Nutzungsmuster \u00fcberwachen und analysieren<\/li>\n\n\n\n<li>Betrug verhindern und Sicherheit erh\u00f6hen<\/li>\n\n\n\n<li>Rechtliche Verpflichtungen einhalten<\/li>\n<\/ul>\n\n\n\n<hr class=\"wp-block-separator has-alpha-channel-opacity\"\/>\n\n\n\n<h2 class=\"wp-block-heading\">8. An wen wir Ihre Daten weitergeben<\/h2>\n\n\n\n<p>Wir k\u00f6nnen Ihre Daten an folgende Stellen weitergeben:<\/p>\n\n\n\n<ul class=\"wp-block-list\">\n<li>Hosting-Anbieter und Infrastrukturpartner<\/li>\n\n\n\n<li>Anbieter von Analyse- und Marketingdienstleistungen<\/li>\n\n\n\n<li>Spam-Erkennung und Sicherheitsdienste<\/li>\n\n\n\n<li>Rechts- oder Aufsichtsbeh\u00f6rden, wenn dies gesetzlich vorgeschrieben ist<\/li>\n<\/ul>\n\n\n\n<p>Wenn Sie eine Passwortzur\u00fccksetzung anfordern, wird Ihre IP-Adresse in die E-Mail zur Passwortzur\u00fccksetzung aufgenommen.<\/p>\n\n\n\n<hr class=\"wp-block-separator has-alpha-channel-opacity\"\/>\n\n\n\n<h2 class=\"wp-block-heading\">9. Datenaufbewahrung<\/h2>\n\n\n\n<ul class=\"wp-block-list\">\n<li>Kommentare und ihre Metadaten werden auf unbestimmte Zeit gespeichert.<\/li>\n\n\n\n<li>Benutzerprofilinformationen (sofern zutreffend) werden so lange gespeichert, wie das Konto aktiv ist.<\/li>\n\n\n\n<li>Andere personenbezogene Daten werden nur so lange aufbewahrt, wie es f\u00fcr die in dieser Richtlinie dargelegten Zwecke erforderlich ist oder wie es gesetzlich vorgeschrieben ist.<\/li>\n<\/ul>\n\n\n\n<hr class=\"wp-block-separator has-alpha-channel-opacity\"\/>\n\n\n\n<h2 class=\"wp-block-heading\">10. Ihre Rechte gem\u00e4\u00df DSGVO (EU\/EWR-Nutzer)<\/h2>\n\n\n\n<p>Wenn Sie im Europ\u00e4ischen Wirtschaftsraum (EWR) ans\u00e4ssig sind, haben Sie folgende Rechte:<\/p>\n\n\n\n<ul class=\"wp-block-list\">\n<li>Greifen Sie auf Ihre pers\u00f6nlichen Daten zu<\/li>\n\n\n\n<li>Berichtigung oder L\u00f6schung beantragen<\/li>\n\n\n\n<li>Einschr\u00e4nkung oder Widerspruch gegen die Verarbeitung<\/li>\n\n\n\n<li>Anfrage zur Daten\u00fcbertragung<\/li>\n\n\n\n<li>Einwilligung jederzeit widerrufen<\/li>\n<\/ul>\n\n\n\n<p>Um diese Rechte auszu\u00fcben, kontaktieren Sie uns bitte \u00fcber unsere Website.<\/p>\n\n\n\n<hr class=\"wp-block-separator has-alpha-channel-opacity\"\/>\n\n\n\n<h2 class=\"wp-block-heading\">11. Ihre Rechte gem\u00e4\u00df CCPA (f\u00fcr Einwohner Kaliforniens)<\/h2>\n\n\n\n<p>Wenn Sie in Kalifornien wohnen, haben Sie folgende Rechte:<\/p>\n\n\n\n<ul class=\"wp-block-list\">\n<li>Erfahren Sie, welche personenbezogenen Daten wir erheben, verwenden und weitergeben<\/li>\n\n\n\n<li>Fordern Sie Zugang zu Ihren personenbezogenen Daten oder deren L\u00f6schung an.<\/li>\n\n\n\n<li>Widerspruch gegen den Verkauf personenbezogener Daten (AIRSANG verkauft keine personenbezogenen Daten)<\/li>\n\n\n\n<li>Sie erhalten unabh\u00e4ngig von der Aus\u00fcbung Ihrer Datenschutzrechte den gleichen Service und die gleichen Preise.<\/li>\n<\/ul>\n\n\n\n<p>Anfragen k\u00f6nnen \u00fcber unser Kontaktformular auf der Website eingereicht werden.<\/p>\n\n\n\n<hr class=\"wp-block-separator has-alpha-channel-opacity\"\/>\n\n\n\n<h2 class=\"wp-block-heading\">12. Daten\u00fcbertragungen<\/h2>\n\n\n\n<p>Ihre Daten k\u00f6nnen an Server au\u00dferhalb Ihres Wohnsitzlandes \u00fcbertragen und dort verarbeitet werden. Wir treffen angemessene Ma\u00dfnahmen, um sicherzustellen, dass geeignete Sicherheitsvorkehrungen getroffen werden.<\/p>\n\n\n\n<hr class=\"wp-block-separator has-alpha-channel-opacity\"\/>\n\n\n\n<h2 class=\"wp-block-heading\">13. Datensicherheit<\/h2>\n\n\n\n<p>Wir setzen angemessene technische und organisatorische Sicherheitsma\u00dfnahmen ein, um Ihre personenbezogenen Daten zu sch\u00fctzen. Allerdings ist keine Daten\u00fcbertragung \u00fcber das Internet hundertprozentig sicher.<\/p>\n\n\n\n<hr class=\"wp-block-separator has-alpha-channel-opacity\"\/>\n\n\n\n<h2 class=\"wp-block-heading\">14. Informationen f\u00fcr Kinder<\/h2>\n\n\n\n<p>Unsere Website ist nicht f\u00fcr Kinder unter 13 Jahren bestimmt. Wir erfassen wissentlich keine personenbezogenen Daten von Kindern.<\/p>\n\n\n\n<hr class=\"wp-block-separator has-alpha-channel-opacity\"\/>\n\n\n\n<h2 class=\"wp-block-heading\">15. \u00c4nderungen dieser Datenschutzrichtlinie<\/h2>\n\n\n\n<p>Wir k\u00f6nnen diese Datenschutzrichtlinie von Zeit zu Zeit aktualisieren. Alle \u00c4nderungen werden auf dieser Seite mit dem aktualisierten Revisionsdatum ver\u00f6ffentlicht.<\/p>\n\n\n\n<hr class=\"wp-block-separator has-alpha-channel-opacity\"\/>\n\n\n\n<h2 class=\"wp-block-heading\">16. Kontaktieren Sie uns<\/h2>\n\n\n\n<p>Wenn Sie Fragen zu dieser Datenschutzerkl\u00e4rung oder Ihren pers\u00f6nlichen Daten haben, kontaktieren Sie uns bitte \u00fcber das Kontaktformular auf unserer Website.<\/p>\n\n\n\n<p><strong class=\"privacy-policy-tutorial\">Vorschlagstext: <\/strong>Unsere Website-Adresse lautet: https:\/\/www.airsang.com.<\/p>\n\n\n\n<h2 class=\"wp-block-heading\">Kommentare<\/h2>\n\n\n\n<p><strong class=\"privacy-policy-tutorial\">Vorschlagstext: <\/strong>Wenn Besucher Kommentare auf der Website hinterlassen, erfassen wir die im Kommentarformular angezeigten Daten sowie die IP-Adresse und den Browser-User-Agent-String des Besuchers, um die Spam-Erkennung zu unterst\u00fctzen.<\/p>\n\n\n\n<p>Eine anonymisierte Zeichenfolge, die aus Ihrer E-Mail-Adresse erstellt wird (auch Hash genannt), kann an den Gravatar-Dienst \u00fcbermittelt werden, um zu pr\u00fcfen, ob Sie diesen nutzen. Die Datenschutzrichtlinie von Gravatar finden Sie hier: https:\/\/automattic.com\/privacy\/. Nach Freigabe Ihres Kommentars ist Ihr Profilbild im Kontext Ihres Kommentars \u00f6ffentlich sichtbar.<\/p>\n\n\n\n<h2 class=\"wp-block-heading\">Medien<\/h2>\n\n\n\n<p><strong class=\"privacy-policy-tutorial\">Vorschlagstext: <\/strong>Wenn Sie Bilder auf die Website hochladen, sollten Sie darauf achten, keine Bilder mit eingebetteten Standortdaten (EXIF-GPS) hochzuladen. Besucher der Website k\u00f6nnen diese Standortdaten aus den Bildern extrahieren.<\/p>\n\n\n\n<h2 class=\"wp-block-heading\">Cookies<\/h2>\n\n\n\n<p><strong class=\"privacy-policy-tutorial\">Vorschlagstext: <\/strong>Wenn Sie einen Kommentar auf unserer Website hinterlassen, k\u00f6nnen Sie optional Ihren Namen, Ihre E-Mail-Adresse und Ihre Website-Adresse in Cookies speichern lassen. Dies dient Ihrem Komfort, damit Sie Ihre Daten nicht erneut eingeben m\u00fcssen, wenn Sie einen weiteren Kommentar hinterlassen. Diese Cookies sind ein Jahr lang g\u00fcltig.<\/p>\n\n\n\n<p>Wenn Sie unsere Anmeldeseite besuchen, setzen wir ein tempor\u00e4res Cookie, um festzustellen, ob Ihr Browser Cookies akzeptiert. Dieses Cookie enth\u00e4lt keine personenbezogenen Daten und wird beim Schlie\u00dfen des Browsers gel\u00f6scht.<\/p>\n\n\n\n<p>Wenn Sie sich anmelden, speichern wir mehrere Cookies, um Ihre Anmeldeinformationen und Ihre Bildschirmeinstellungen zu sichern. Anmelde-Cookies sind zwei Tage g\u00fcltig, Cookies f\u00fcr Bildschirmeinstellungen ein Jahr. Wenn Sie \u201cAngemeldet bleiben\u201d ausw\u00e4hlen, bleiben Sie zwei Wochen lang angemeldet. Wenn Sie sich abmelden, werden die Anmelde-Cookies gel\u00f6scht.<\/p>\n\n\n\n<p>Wenn Sie einen Artikel bearbeiten oder ver\u00f6ffentlichen, wird ein zus\u00e4tzlicher Cookie in Ihrem Browser gespeichert. Dieser Cookie enth\u00e4lt keine personenbezogenen Daten und speichert lediglich die Beitrags-ID des bearbeiteten Artikels. Er l\u00e4uft nach einem Tag ab.<\/p>\n\n\n\n<h2 class=\"wp-block-heading\">Eingebettete Inhalte von anderen Websites<\/h2>\n\n\n\n<p><strong class=\"privacy-policy-tutorial\">Vorschlagstext: <\/strong>Artikel auf dieser Website k\u00f6nnen eingebettete Inhalte (z. B. Videos, Bilder, Artikel usw.) enthalten. Eingebettete Inhalte von anderen Websites verhalten sich genauso, als ob der Besucher die andere Website besucht h\u00e4tte.<\/p>\n\n\n\n<p>Diese Websites k\u00f6nnen Daten \u00fcber Sie sammeln, Cookies verwenden, zus\u00e4tzliche Tracking-Technologien von Drittanbietern einbetten und Ihre Interaktion mit diesen eingebetteten Inhalten \u00fcberwachen, einschlie\u00dflich der Verfolgung Ihrer Interaktion mit den eingebetteten Inhalten, wenn Sie ein Konto besitzen und auf dieser Website angemeldet sind.<\/p>\n\n\n\n<h2 class=\"wp-block-heading\">An wen wir Ihre Daten weitergeben<\/h2>\n\n\n\n<p><strong class=\"privacy-policy-tutorial\">Vorschlagstext: <\/strong>Wenn Sie eine Passwortzur\u00fccksetzung anfordern, wird Ihre IP-Adresse in die E-Mail zur Passwortzur\u00fccksetzung aufgenommen.<\/p>\n\n\n\n<h2 class=\"wp-block-heading\">Wie lange wir Ihre Daten speichern<\/h2>\n\n\n\n<p><strong class=\"privacy-policy-tutorial\">Vorschlagstext: <\/strong>Wenn Sie einen Kommentar hinterlassen, werden dieser und seine Metadaten dauerhaft gespeichert. So k\u00f6nnen wir Folgekommentare automatisch erkennen und freigeben, anstatt sie in einer Moderationswarteschlange zu speichern.<\/p>\n\n\n\n<p>F\u00fcr Nutzer, die sich auf unserer Website registrieren (sofern vorhanden), speichern wir die von ihnen angegebenen pers\u00f6nlichen Daten in ihrem Nutzerprofil. Alle Nutzer k\u00f6nnen ihre pers\u00f6nlichen Daten jederzeit einsehen, bearbeiten oder l\u00f6schen (mit Ausnahme des Benutzernamens). Website-Administratoren k\u00f6nnen diese Daten ebenfalls einsehen und bearbeiten.<\/p>\n\n\n\n<h2 class=\"wp-block-heading\">Welche Rechte Sie an Ihren Daten haben<\/h2>\n\n\n\n<p><strong class=\"privacy-policy-tutorial\">Vorschlagstext: <\/strong>Wenn Sie ein Konto auf dieser Website haben oder Kommentare hinterlassen haben, k\u00f6nnen Sie eine exportierte Datei mit Ihren bei uns gespeicherten personenbezogenen Daten anfordern, einschlie\u00dflich aller Daten, die Sie uns bereitgestellt haben. Sie k\u00f6nnen auch die L\u00f6schung Ihrer bei uns gespeicherten personenbezogenen Daten beantragen. Dies gilt nicht f\u00fcr Daten, die wir aus administrativen, rechtlichen oder Sicherheitsgr\u00fcnden aufbewahren m\u00fcssen.<\/p>\n\n\n\n<h2 class=\"wp-block-heading\">Wohin Ihre Daten gesendet werden<\/h2>\n\n\n\n<p><strong class=\"privacy-policy-tutorial\">Vorschlagstext: <\/strong>Besucherkommentare k\u00f6nnen durch einen automatisierten Spam-Erkennungsdienst \u00fcberpr\u00fcft werden.<\/p>","protected":false},"excerpt":{"rendered":"<p>Last updated: [June 9, 2024] This Privacy Policy describes how AIRSANG (\u201cAIRSANG,\u201d \u201cwe,\u201d \u201cus,\u201d or \u201cour\u201d) collects, uses, discloses, and protects your personal information when&#8230;<\/p>","protected":false},"author":1,"featured_media":0,"parent":0,"menu_order":0,"comment_status":"closed","ping_status":"open","template":"","meta":{"footnotes":""},"class_list":["post-3","page","type-page","status-publish","hentry"],"_links":{"self":[{"href":"https:\/\/www.airsang.com\/de\/wp-json\/wp\/v2\/pages\/3","targetHints":{"allow":["GET"]}}],"collection":[{"href":"https:\/\/www.airsang.com\/de\/wp-json\/wp\/v2\/pages"}],"about":[{"href":"https:\/\/www.airsang.com\/de\/wp-json\/wp\/v2\/types\/page"}],"author":[{"embeddable":true,"href":"https:\/\/www.airsang.com\/de\/wp-json\/wp\/v2\/users\/1"}],"replies":[{"embeddable":true,"href":"https:\/\/www.airsang.com\/de\/wp-json\/wp\/v2\/comments?post=3"}],"version-history":[{"count":0,"href":"https:\/\/www.airsang.com\/de\/wp-json\/wp\/v2\/pages\/3\/revisions"}],"wp:attachment":[{"href":"https:\/\/www.airsang.com\/de\/wp-json\/wp\/v2\/media?parent=3"}],"curies":[{"name":"wp","href":"https:\/\/api.w.org\/{rel}","templated":true}]}}