{"id":2,"date":"2025-10-30T08:58:52","date_gmt":"2025-10-30T08:58:52","guid":{"rendered":"https:\/\/www.airsang.com\/?page_id=2"},"modified":"2025-12-17T14:22:56","modified_gmt":"2025-12-17T14:22:56","slug":"cookie-richtlinie","status":"publish","type":"page","link":"https:\/\/www.airsang.com\/de\/cookie-richtlinie\/","title":{"rendered":"Cookie-Richtlinie"},"content":{"rendered":"<h3 class=\"wp-block-heading\">Was sind Cookies?<\/h3>\n\n\n\n<p>Diese Cookie-Richtlinie erkl\u00e4rt, was Cookies sind, wie AIRSANG sie verwendet, welche Arten von Cookies wir verwenden, welche Informationen wir durch Cookies sammeln, wie diese Informationen verwendet werden und wie Sie Ihre Cookie-Einstellungen verwalten k\u00f6nnen.<\/p>\n\n\n\n<p>Cookies sind kleine Textdateien, die beim Besuch einer Website auf Ihrem Ger\u00e4t gespeichert werden. Sie tragen dazu bei, dass Websites ordnungsgem\u00e4\u00df funktionieren, die Sicherheit verbessert wird, die Benutzerfreundlichkeit optimiert wird und Einblicke in die Leistung der Website gewonnen werden, sodass Verbesserungen vorgenommen werden k\u00f6nnen.<\/p>\n\n\n\n<hr class=\"wp-block-separator has-alpha-channel-opacity\"\/>\n\n\n\n<h3 class=\"wp-block-heading\">Wie wir Cookies verwenden<\/h3>\n\n\n\n<p>Wie die meisten professionellen Websites, <strong>AIRSANG<\/strong> verwendet beides <strong>Erstanbieter<\/strong> Und <strong>Cookies von Drittanbietern<\/strong> f\u00fcr verschiedene Zwecke.<\/p>\n\n\n\n<ul class=\"wp-block-list\">\n<li><strong>Erstanbieter-Cookies<\/strong> sind f\u00fcr das korrekte Funktionieren der Website unerl\u00e4sslich und erfassen keine personenbezogenen Daten.<\/li>\n\n\n\n<li><strong>Cookies von Drittanbietern<\/strong> Diese Cookies helfen uns zu verstehen, wie Besucher mit unserer Website interagieren, die Leistung zu analysieren, die Sicherheit zu gew\u00e4hrleisten, relevante Werbung auszuspielen und die allgemeine Benutzerfreundlichkeit zu verbessern. Sie tragen au\u00dferdem dazu bei, zuk\u00fcnftige Interaktionen mit unserer Website zu beschleunigen.<\/li>\n<\/ul>\n\n\n\n<hr class=\"wp-block-separator has-alpha-channel-opacity\"\/>\n\n\n\n<h3 class=\"wp-block-heading\">Arten von Cookies, die wir verwenden<\/h3>\n\n\n\n<h4 class=\"wp-block-heading\">1. Notwendige Cookies<\/h4>\n\n\n\n<p>Notwendige Cookies sind erforderlich, um grundlegende Website-Funktionen wie sicheren Zugriff und Einwilligungsverwaltung zu erm\u00f6glichen. Diese Cookies tun Folgendes: <strong>nicht<\/strong> speichern Sie keine personenbezogenen Daten.<\/p>\n\n\n\n<p>Beispiele hierf\u00fcr sind:<\/p>\n\n\n\n<ul class=\"wp-block-list\">\n<li>Cookies zur Sitzungsverwaltung<\/li>\n\n\n\n<li>Cookies zur Einwilligung in Cookies<\/li>\n\n\n\n<li>Sicherheits- und Anti-Bot-Cookies (z. B. reCAPTCHA)<\/li>\n<\/ul>\n\n\n\n<hr class=\"wp-block-separator has-alpha-channel-opacity\"\/>\n\n\n\n<h4 class=\"wp-block-heading\">2. Funktionale Cookies<\/h4>\n\n\n\n<p>Funktionale Cookies erm\u00f6glichen es der Website, sich Benutzerauswahlen zu merken und erweiterte Funktionen zu aktivieren, wie zum Beispiel:<\/p>\n\n\n\n<ul class=\"wp-block-list\">\n<li>Teilen in sozialen Medien<\/li>\n\n\n\n<li>Eingebettete Videowiedergabe (z. B. YouTube)<\/li>\n\n\n\n<li>Sprachliche und regionale Pr\u00e4ferenzen<\/li>\n<\/ul>\n\n\n\n<p>Diese Cookies verbessern die Benutzerfreundlichkeit, sind aber f\u00fcr die grundlegende Funktionalit\u00e4t der Website nicht unbedingt erforderlich.<\/p>\n\n\n\n<hr class=\"wp-block-separator has-alpha-channel-opacity\"\/>\n\n\n\n<h4 class=\"wp-block-heading\">3. Analyse-Cookies<\/h4>\n\n\n\n<p>Analyse-Cookies helfen uns zu verstehen, wie Besucher die AIRSANG-Website nutzen. Sie liefern uns Einblicke wie:<\/p>\n\n\n\n<ul class=\"wp-block-list\">\n<li>Besucherzahl<\/li>\n\n\n\n<li>Verkehrsquellen<\/li>\n\n\n\n<li>besuchte Seiten<\/li>\n\n\n\n<li>Nutzerverhaltensmuster<\/li>\n<\/ul>\n\n\n\n<p>Diese Daten werden in aggregierter und anonymisierter Form erhoben und dienen ausschlie\u00dflich der Verbesserung der Website-Performance und des Nutzererlebnisses.<\/p>\n\n\n\n<p>Zu den Tools k\u00f6nnen Dienste wie Google Analytics und Microsoft Clarity geh\u00f6ren.<\/p>\n\n\n\n<hr class=\"wp-block-separator has-alpha-channel-opacity\"\/>\n\n\n\n<h4 class=\"wp-block-heading\">4. Leistungs-Cookies<\/h4>\n\n\n\n<p>Performance-Cookies helfen dabei, die Geschwindigkeit, Stabilit\u00e4t und Reaktionsf\u00e4higkeit der Website zu messen und zu optimieren. Sie erm\u00f6glichen es uns, technische Probleme zu identifizieren und die Gesamteffizienz der Website zu verbessern.<\/p>\n\n\n\n<hr class=\"wp-block-separator has-alpha-channel-opacity\"\/>\n\n\n\n<h4 class=\"wp-block-heading\">5. Werbe-Cookies<\/h4>\n\n\n\n<p>Werbe-Cookies werden verwendet, um Ihnen relevante Anzeigen zu liefern und die Effektivit\u00e4t von Marketingkampagnen zu messen. Diese Cookies k\u00f6nnen Ihre Surfaktivit\u00e4ten auf verschiedenen Websites verfolgen, um Ihnen personalisierte Werbung auf Plattformen wie Google, Facebook, LinkedIn, Pinterest oder Bing anzuzeigen.<\/p>\n\n\n\n<hr class=\"wp-block-separator has-alpha-channel-opacity\"\/>\n\n\n\n<h4 class=\"wp-block-heading\">6. Nicht kategorisierte Cookies<\/h4>\n\n\n\n<p>Einige Cookies sind m\u00f6glicherweise noch keiner bestimmten Kategorie zugeordnet. Diese Cookies werden derzeit gepr\u00fcft und so schnell wie m\u00f6glich kategorisiert.<\/p>\n\n\n\n<hr class=\"wp-block-separator has-alpha-channel-opacity\"\/>\n\n\n\n<h3 class=\"wp-block-heading\">Verwalten Ihrer Cookie-Einstellungen<\/h3>\n\n\n\n<p>Sie k\u00f6nnen Ihre Cookie-Einstellungen jederzeit verwalten oder \u00e4ndern, indem Sie auf die entsprechende Schaltfl\u00e4che klicken. <strong>\u201cCookie-Einstellungen\u201d<\/strong> Schaltfl\u00e4che auf unserer Website. Damit k\u00f6nnen Sie:<\/p>\n\n\n\n<ul class=\"wp-block-list\">\n<li>\u00dcberpr\u00fcfen Sie Ihre Einwilligungsoptionen<\/li>\n\n\n\n<li>Einstellungen \u00e4ndern<\/li>\n\n\n\n<li>Einwilligung jederzeit widerrufen<\/li>\n<\/ul>\n\n\n\n<p>Dar\u00fcber hinaus erm\u00f6glichen die meisten Webbrowser die Kontrolle von Cookies \u00fcber die Einstellungen. Sie k\u00f6nnen Cookies blockieren oder l\u00f6schen, indem Sie Ihre Browsereinstellungen anpassen.<\/p>\n\n\n\n<p>Hilfreiche Ressourcen zur Verwaltung von Cookies:<\/p>\n\n\n\n<ul class=\"wp-block-list\">\n<li><strong>Chrom<\/strong> \u2013 Google-Support<\/li>\n\n\n\n<li><strong>Safari<\/strong> \u2013 Apple Support<\/li>\n\n\n\n<li><strong>Firefox<\/strong> \u2013 Mozilla-Support<\/li>\n\n\n\n<li><strong>Internet Explorer \/ Edge<\/strong> \u2013 Microsoft-Support<\/li>\n<\/ul>\n\n\n\n<p>Falls Sie einen anderen Browser verwenden, konsultieren Sie bitte dessen offizielle Support-Dokumentation.<\/p>\n\n\n\n<hr class=\"wp-block-separator has-alpha-channel-opacity\"\/>\n\n\n\n<h3 class=\"wp-block-heading\">Kontakt<\/h3>\n\n\n\n<p>Wenn Sie Fragen zu dieser Cookie-Richtlinie oder zur Verwendung von Cookies durch AIRSANG haben, kontaktieren Sie uns bitte \u00fcber unsere Website.<\/p>","protected":false},"excerpt":{"rendered":"<p>What Are Cookies? This Cookie Policy explains what cookies are, how AIRSANG uses them, the types of cookies we use, the information we collect through&#8230;<\/p>","protected":false},"author":1,"featured_media":0,"parent":0,"menu_order":0,"comment_status":"closed","ping_status":"closed","template":"","meta":{"footnotes":""},"class_list":["post-2","page","type-page","status-publish","hentry"],"_links":{"self":[{"href":"https:\/\/www.airsang.com\/de\/wp-json\/wp\/v2\/pages\/2","targetHints":{"allow":["GET"]}}],"collection":[{"href":"https:\/\/www.airsang.com\/de\/wp-json\/wp\/v2\/pages"}],"about":[{"href":"https:\/\/www.airsang.com\/de\/wp-json\/wp\/v2\/types\/page"}],"author":[{"embeddable":true,"href":"https:\/\/www.airsang.com\/de\/wp-json\/wp\/v2\/users\/1"}],"replies":[{"embeddable":true,"href":"https:\/\/www.airsang.com\/de\/wp-json\/wp\/v2\/comments?post=2"}],"version-history":[{"count":0,"href":"https:\/\/www.airsang.com\/de\/wp-json\/wp\/v2\/pages\/2\/revisions"}],"wp:attachment":[{"href":"https:\/\/www.airsang.com\/de\/wp-json\/wp\/v2\/media?parent=2"}],"curies":[{"name":"wp","href":"https:\/\/api.w.org\/{rel}","templated":true}]}}